{"id":185418,"date":"2018-07-23T19:30:29","date_gmt":"2018-07-23T17:30:29","guid":{"rendered":"https:\/\/scm.bz\/suggestions-complains"},"modified":"2018-07-27T13:18:35","modified_gmt":"2018-07-27T11:18:35","slug":"pesniyar-gili","status":"publish","type":"page","link":"https:\/\/scm.bz\/kmr\/pesniyar-gili\/","title":{"rendered":"P\u00ea\u015fniyar \/ Gil\u00ee"},"content":{"rendered":"<p class=\"m_-877840446041136739m_-4818412919185544645gmail-MsoHeader\" dir=\"LTR\"><b>Navenda S\u00fbr\u00eeyay\u00ee ya Ragihandin\u00ea \u00fb Azad\u00eeya Derbir\u00een\u00ea p\u00ea\u015fwaz\u00eeya gil\u00eey\u00ean we der bare kar\u00ea navend\u00ea de dike \u00fb bir\u00eaveber\u00eeya navend\u00ea d\u00ea bi awayek\u00ee cid\u00ee li ser gil\u00eeyan bisekine her weha p\u00ea\u015fwaz\u00eey\u00ea li p\u00ea\u015fniyar\u00ean we dike.<\/b><\/p>\n<p>&nbsp;<\/p>\n<p><iframe loading=\"lazy\" src=\"https:\/\/docs.google.com\/forms\/d\/e\/1FAIpQLSfR0XO2fRvcPLtwdSb4u5sI365di5vjSix_bj3psW7pRVx_AQ\/viewform?embedded=true\" width=\"400\" height=\"900\" frameborder=\"0\" marginheight=\"0\" marginwidth=\"0\">Loading&#8230;<\/iframe><\/p>\n<p>&nbsp;<\/p>\n","protected":false},"excerpt":{"rendered":"<p>Navenda S\u00fbr\u00eeyay\u00ee ya Ragihandin\u00ea \u00fb Azad\u00eeya Derbir\u00een\u00ea p\u00ea\u015fwaz\u00eeya gil\u00eey\u00ean we der bare kar\u00ea navend\u00ea de dike \u00fb bir\u00eaveber\u00eeya navend\u00ea d\u00ea bi awayek\u00ee cid\u00ee li ser gil\u00eeyan bisekine her weha p\u00ea\u015fwaz\u00eey\u00ea li p\u00ea\u015fniyar\u00ean we dike. &nbsp; Loading&#8230; &nbsp;<\/p>\n","protected":false},"author":24,"featured_media":0,"parent":0,"menu_order":0,"comment_status":"closed","ping_status":"closed","template":"","meta":{"_acf_changed":false,"footnotes":""},"class_list":["post-185418","page","type-page","status-publish","hentry","post-wrapper"],"acf":[],"yoast_head":"<!-- This site is optimized with the Yoast SEO Premium plugin v20.6 (Yoast SEO v26.5) - https:\/\/yoast.com\/wordpress\/plugins\/seo\/ -->\n<title>P\u00ea\u015fniyar \/ Gil\u00ee - \u0627\u0644\u0645\u0631\u0643\u0632 \u0627\u0644\u0633\u0648\u0631\u064a \u0644\u0644\u0625\u0639\u0644\u0627\u0645 \u0648\u062d\u0631\u064a\u0629 \u0627\u0644\u062a\u0639\u0628\u064a\u0631 Syrian Center for Media and Freedom of Expression<\/title>\n<meta name=\"robots\" content=\"index, follow, max-snippet:-1, max-image-preview:large, max-video-preview:-1\" \/>\n<link rel=\"canonical\" href=\"https:\/\/scm.bz\/\u0627\u0642\u062a\u0631\u0627\u062d\u0627\u062a-\u0634\u0643\u0627\u0648\u0649\/\" \/>\n<meta property=\"og:locale\" content=\"en_US\" \/>\n<meta property=\"og:type\" content=\"article\" \/>\n<meta property=\"og:title\" content=\"P\u00ea\u015fniyar \/ Gil\u00ee\" \/>\n<meta property=\"og:description\" content=\"Navenda S\u00fbr\u00eeyay\u00ee ya Ragihandin\u00ea \u00fb Azad\u00eeya Derbir\u00een\u00ea p\u00ea\u015fwaz\u00eeya gil\u00eey\u00ean we der bare kar\u00ea navend\u00ea de dike \u00fb bir\u00eaveber\u00eeya navend\u00ea d\u00ea bi awayek\u00ee cid\u00ee li ser gil\u00eeyan bisekine her weha p\u00ea\u015fwaz\u00eey\u00ea li p\u00ea\u015fniyar\u00ean we dike. &nbsp; Loading&#8230; &nbsp;\" \/>\n<meta property=\"og:url\" content=\"https:\/\/scm.bz\/\u0627\u0642\u062a\u0631\u0627\u062d\u0627\u062a-\u0634\u0643\u0627\u0648\u0649\/\" \/>\n<meta property=\"og:site_name\" content=\"\u0627\u0644\u0645\u0631\u0643\u0632 \u0627\u0644\u0633\u0648\u0631\u064a \u0644\u0644\u0625\u0639\u0644\u0627\u0645 \u0648\u062d\u0631\u064a\u0629 \u0627\u0644\u062a\u0639\u0628\u064a\u0631 Syrian Center for Media and Freedom of Expression\" \/>\n<meta property=\"article:publisher\" content=\"https:\/\/www.facebook.com\/scm.center\" \/>\n<meta property=\"article:modified_time\" content=\"2018-07-27T11:18:35+00:00\" \/>\n<meta property=\"og:image\" content=\"https:\/\/scm.bz\/wp-content\/uploads\/2021\/01\/SCM-logo-1-with-Clear-Space-1-2.png\" \/>\n\t<meta property=\"og:image:width\" content=\"1450\" \/>\n\t<meta property=\"og:image:height\" content=\"1450\" \/>\n\t<meta property=\"og:image:type\" content=\"image\/png\" \/>\n<meta name=\"twitter:card\" content=\"summary_large_image\" \/>\n<meta name=\"twitter:site\" content=\"@SyrianCenter\" \/>\n<script type=\"application\/ld+json\" class=\"yoast-schema-graph\">{\"@context\":\"https:\/\/schema.org\",\"@graph\":[{\"@type\":\"WebPage\",\"@id\":\"https:\/\/scm.bz\/%d8%a7%d9%82%d8%aa%d8%b1%d8%a7%d8%ad%d8%a7%d8%aa-%d8%b4%d9%83%d8%a7%d9%88%d9%89\/\",\"url\":\"https:\/\/scm.bz\/%d8%a7%d9%82%d8%aa%d8%b1%d8%a7%d8%ad%d8%a7%d8%aa-%d8%b4%d9%83%d8%a7%d9%88%d9%89\/\",\"name\":\"P\u00ea\u015fniyar \/ Gil\u00ee - \u0627\u0644\u0645\u0631\u0643\u0632 \u0627\u0644\u0633\u0648\u0631\u064a \u0644\u0644\u0625\u0639\u0644\u0627\u0645 \u0648\u062d\u0631\u064a\u0629 \u0627\u0644\u062a\u0639\u0628\u064a\u0631 Syrian Center for Media and Freedom of Expression\",\"isPartOf\":{\"@id\":\"https:\/\/scm.bz\/#website\"},\"datePublished\":\"2018-07-23T17:30:29+00:00\",\"dateModified\":\"2018-07-27T11:18:35+00:00\",\"breadcrumb\":{\"@id\":\"https:\/\/scm.bz\/%d8%a7%d9%82%d8%aa%d8%b1%d8%a7%d8%ad%d8%a7%d8%aa-%d8%b4%d9%83%d8%a7%d9%88%d9%89\/#breadcrumb\"},\"inLanguage\":\"kmr\",\"potentialAction\":[{\"@type\":\"ReadAction\",\"target\":[\"https:\/\/scm.bz\/%d8%a7%d9%82%d8%aa%d8%b1%d8%a7%d8%ad%d8%a7%d8%aa-%d8%b4%d9%83%d8%a7%d9%88%d9%89\/\"]}]},{\"@type\":\"BreadcrumbList\",\"@id\":\"https:\/\/scm.bz\/%d8%a7%d9%82%d8%aa%d8%b1%d8%a7%d8%ad%d8%a7%d8%aa-%d8%b4%d9%83%d8%a7%d9%88%d9%89\/#breadcrumb\",\"itemListElement\":[{\"@type\":\"ListItem\",\"position\":1,\"name\":\"Home\",\"item\":\"https:\/\/scm.bz\/kmr\/\"},{\"@type\":\"ListItem\",\"position\":2,\"name\":\"P\u00ea\u015fniyar \/ Gil\u00ee\"}]},{\"@type\":\"WebSite\",\"@id\":\"https:\/\/scm.bz\/#website\",\"url\":\"https:\/\/scm.bz\/\",\"name\":\"\u0627\u0644\u0645\u0631\u0643\u0632 \u0627\u0644\u0633\u0648\u0631\u064a \u0644\u0644\u0625\u0639\u0644\u0627\u0645 \u0648\u062d\u0631\u064a\u0629 \u0627\u0644\u062a\u0639\u0628\u064a\u0631 Syrian Center for Media and Freedom of Expression\",\"description\":\"\",\"publisher\":{\"@id\":\"https:\/\/scm.bz\/#organization\"},\"potentialAction\":[{\"@type\":\"SearchAction\",\"target\":{\"@type\":\"EntryPoint\",\"urlTemplate\":\"https:\/\/scm.bz\/?s={search_term_string}\"},\"query-input\":{\"@type\":\"PropertyValueSpecification\",\"valueRequired\":true,\"valueName\":\"search_term_string\"}}],\"inLanguage\":\"kmr\"},{\"@type\":\"Organization\",\"@id\":\"https:\/\/scm.bz\/#organization\",\"name\":\"\u0627\u0644\u0645\u0631\u0643\u0632 \u0627\u0644\u0633\u0648\u0631\u064a \u0644\u0644\u0625\u0639\u0644\u0627\u0645 \u0648\u062d\u0631\u064a\u0629 \u0627\u0644\u062a\u0639\u0628\u064a\u0631 Syrian Center for Media and Freedom of Expression\",\"url\":\"https:\/\/scm.bz\/\",\"logo\":{\"@type\":\"ImageObject\",\"inLanguage\":\"kmr\",\"@id\":\"https:\/\/scm.bz\/#\/schema\/logo\/image\/\",\"url\":\"http:\/\/scm.bz\/wp-content\/uploads\/2021\/01\/SCM-logo-1-with-Clear-Space-1-2.png\",\"contentUrl\":\"http:\/\/scm.bz\/wp-content\/uploads\/2021\/01\/SCM-logo-1-with-Clear-Space-1-2.png\",\"width\":1450,\"height\":1450,\"caption\":\"\u0627\u0644\u0645\u0631\u0643\u0632 \u0627\u0644\u0633\u0648\u0631\u064a \u0644\u0644\u0625\u0639\u0644\u0627\u0645 \u0648\u062d\u0631\u064a\u0629 \u0627\u0644\u062a\u0639\u0628\u064a\u0631 Syrian Center for Media and Freedom of Expression\"},\"image\":{\"@id\":\"https:\/\/scm.bz\/#\/schema\/logo\/image\/\"},\"sameAs\":[\"https:\/\/www.facebook.com\/scm.center\",\"https:\/\/x.com\/SyrianCenter\"]}]}<\/script>\n<!-- \/ Yoast SEO Premium plugin. -->","yoast_head_json":{"title":"P\u00ea\u015fniyar \/ Gil\u00ee - \u0627\u0644\u0645\u0631\u0643\u0632 \u0627\u0644\u0633\u0648\u0631\u064a \u0644\u0644\u0625\u0639\u0644\u0627\u0645 \u0648\u062d\u0631\u064a\u0629 \u0627\u0644\u062a\u0639\u0628\u064a\u0631 Syrian Center for Media and Freedom of Expression","robots":{"index":"index","follow":"follow","max-snippet":"max-snippet:-1","max-image-preview":"max-image-preview:large","max-video-preview":"max-video-preview:-1"},"canonical":"https:\/\/scm.bz\/\u0627\u0642\u062a\u0631\u0627\u062d\u0627\u062a-\u0634\u0643\u0627\u0648\u0649\/","og_locale":"en_US","og_type":"article","og_title":"P\u00ea\u015fniyar \/ Gil\u00ee","og_description":"Navenda S\u00fbr\u00eeyay\u00ee ya Ragihandin\u00ea \u00fb Azad\u00eeya Derbir\u00een\u00ea p\u00ea\u015fwaz\u00eeya gil\u00eey\u00ean we der bare kar\u00ea navend\u00ea de dike \u00fb bir\u00eaveber\u00eeya navend\u00ea d\u00ea bi awayek\u00ee cid\u00ee li ser gil\u00eeyan bisekine her weha p\u00ea\u015fwaz\u00eey\u00ea li p\u00ea\u015fniyar\u00ean we dike. &nbsp; Loading&#8230; &nbsp;","og_url":"https:\/\/scm.bz\/\u0627\u0642\u062a\u0631\u0627\u062d\u0627\u062a-\u0634\u0643\u0627\u0648\u0649\/","og_site_name":"\u0627\u0644\u0645\u0631\u0643\u0632 \u0627\u0644\u0633\u0648\u0631\u064a \u0644\u0644\u0625\u0639\u0644\u0627\u0645 \u0648\u062d\u0631\u064a\u0629 \u0627\u0644\u062a\u0639\u0628\u064a\u0631 Syrian Center for Media and Freedom of Expression","article_publisher":"https:\/\/www.facebook.com\/scm.center","article_modified_time":"2018-07-27T11:18:35+00:00","og_image":[{"width":1450,"height":1450,"url":"https:\/\/scm.bz\/wp-content\/uploads\/2021\/01\/SCM-logo-1-with-Clear-Space-1-2.png","type":"image\/png"}],"twitter_card":"summary_large_image","twitter_site":"@SyrianCenter","schema":{"@context":"https:\/\/schema.org","@graph":[{"@type":"WebPage","@id":"https:\/\/scm.bz\/%d8%a7%d9%82%d8%aa%d8%b1%d8%a7%d8%ad%d8%a7%d8%aa-%d8%b4%d9%83%d8%a7%d9%88%d9%89\/","url":"https:\/\/scm.bz\/%d8%a7%d9%82%d8%aa%d8%b1%d8%a7%d8%ad%d8%a7%d8%aa-%d8%b4%d9%83%d8%a7%d9%88%d9%89\/","name":"P\u00ea\u015fniyar \/ Gil\u00ee - \u0627\u0644\u0645\u0631\u0643\u0632 \u0627\u0644\u0633\u0648\u0631\u064a \u0644\u0644\u0625\u0639\u0644\u0627\u0645 \u0648\u062d\u0631\u064a\u0629 \u0627\u0644\u062a\u0639\u0628\u064a\u0631 Syrian Center for Media and Freedom of Expression","isPartOf":{"@id":"https:\/\/scm.bz\/#website"},"datePublished":"2018-07-23T17:30:29+00:00","dateModified":"2018-07-27T11:18:35+00:00","breadcrumb":{"@id":"https:\/\/scm.bz\/%d8%a7%d9%82%d8%aa%d8%b1%d8%a7%d8%ad%d8%a7%d8%aa-%d8%b4%d9%83%d8%a7%d9%88%d9%89\/#breadcrumb"},"inLanguage":"kmr","potentialAction":[{"@type":"ReadAction","target":["https:\/\/scm.bz\/%d8%a7%d9%82%d8%aa%d8%b1%d8%a7%d8%ad%d8%a7%d8%aa-%d8%b4%d9%83%d8%a7%d9%88%d9%89\/"]}]},{"@type":"BreadcrumbList","@id":"https:\/\/scm.bz\/%d8%a7%d9%82%d8%aa%d8%b1%d8%a7%d8%ad%d8%a7%d8%aa-%d8%b4%d9%83%d8%a7%d9%88%d9%89\/#breadcrumb","itemListElement":[{"@type":"ListItem","position":1,"name":"Home","item":"https:\/\/scm.bz\/kmr\/"},{"@type":"ListItem","position":2,"name":"P\u00ea\u015fniyar \/ Gil\u00ee"}]},{"@type":"WebSite","@id":"https:\/\/scm.bz\/#website","url":"https:\/\/scm.bz\/","name":"\u0627\u0644\u0645\u0631\u0643\u0632 \u0627\u0644\u0633\u0648\u0631\u064a \u0644\u0644\u0625\u0639\u0644\u0627\u0645 \u0648\u062d\u0631\u064a\u0629 \u0627\u0644\u062a\u0639\u0628\u064a\u0631 Syrian Center for Media and Freedom of Expression","description":"","publisher":{"@id":"https:\/\/scm.bz\/#organization"},"potentialAction":[{"@type":"SearchAction","target":{"@type":"EntryPoint","urlTemplate":"https:\/\/scm.bz\/?s={search_term_string}"},"query-input":{"@type":"PropertyValueSpecification","valueRequired":true,"valueName":"search_term_string"}}],"inLanguage":"kmr"},{"@type":"Organization","@id":"https:\/\/scm.bz\/#organization","name":"\u0627\u0644\u0645\u0631\u0643\u0632 \u0627\u0644\u0633\u0648\u0631\u064a \u0644\u0644\u0625\u0639\u0644\u0627\u0645 \u0648\u062d\u0631\u064a\u0629 \u0627\u0644\u062a\u0639\u0628\u064a\u0631 Syrian Center for Media and Freedom of Expression","url":"https:\/\/scm.bz\/","logo":{"@type":"ImageObject","inLanguage":"kmr","@id":"https:\/\/scm.bz\/#\/schema\/logo\/image\/","url":"http:\/\/scm.bz\/wp-content\/uploads\/2021\/01\/SCM-logo-1-with-Clear-Space-1-2.png","contentUrl":"http:\/\/scm.bz\/wp-content\/uploads\/2021\/01\/SCM-logo-1-with-Clear-Space-1-2.png","width":1450,"height":1450,"caption":"\u0627\u0644\u0645\u0631\u0643\u0632 \u0627\u0644\u0633\u0648\u0631\u064a \u0644\u0644\u0625\u0639\u0644\u0627\u0645 \u0648\u062d\u0631\u064a\u0629 \u0627\u0644\u062a\u0639\u0628\u064a\u0631 Syrian Center for Media and Freedom of Expression"},"image":{"@id":"https:\/\/scm.bz\/#\/schema\/logo\/image\/"},"sameAs":["https:\/\/www.facebook.com\/scm.center","https:\/\/x.com\/SyrianCenter"]}]}},"_links":{"self":[{"href":"https:\/\/scm.bz\/kmr\/wp-json\/wp\/v2\/pages\/185418","targetHints":{"allow":["GET"]}}],"collection":[{"href":"https:\/\/scm.bz\/kmr\/wp-json\/wp\/v2\/pages"}],"about":[{"href":"https:\/\/scm.bz\/kmr\/wp-json\/wp\/v2\/types\/page"}],"author":[{"embeddable":true,"href":"https:\/\/scm.bz\/kmr\/wp-json\/wp\/v2\/users\/24"}],"replies":[{"embeddable":true,"href":"https:\/\/scm.bz\/kmr\/wp-json\/wp\/v2\/comments?post=185418"}],"version-history":[{"count":0,"href":"https:\/\/scm.bz\/kmr\/wp-json\/wp\/v2\/pages\/185418\/revisions"}],"wp:attachment":[{"href":"https:\/\/scm.bz\/kmr\/wp-json\/wp\/v2\/media?parent=185418"}],"curies":[{"name":"wp","href":"https:\/\/api.w.org\/{rel}","templated":true}]}}