{"id":183350,"date":"2018-04-10T10:14:57","date_gmt":"2018-04-10T08:14:57","guid":{"rendered":"https:\/\/scm.bz?page_id=183350"},"modified":"2018-04-10T10:14:57","modified_gmt":"2018-04-10T08:14:57","slug":"dadmendi-u-mafen-mirovan","status":"publish","type":"page","link":"https:\/\/scm.bz\/kmr\/dadmendi-u-mafen-mirovan\/","title":{"rendered":"Dadmend\u00ee \u00fb Maf\u00ean Mirovan"},"content":{"rendered":"<p dir=\"ltr\">Garant\u00eekirina r\u00eazdar\u00eeya li maf\u00ean mirovan \u00fb dijat\u00eeya reva ji sezay\u00ea \u00fb al\u00eekar\u00eeya qurban\u00eeyan da ku bigih\u00ean dadmend\u00eey\u00ea bi r\u00eaya:<\/p>\n<ul>\n<li dir=\"ltr\">\n<p dir=\"ltr\">\u00c7esipandina \u00e7anda cezakirin \u00fb dadmend\u00eey\u00ea, r\u00eaveber\u00eeya programan \u00fb diyarkirina giring\u00eeya wan.<\/p>\n<\/li>\n<li dir=\"ltr\">\n<p dir=\"ltr\">Dadgehkirina strat\u00eec\u00ee ji bo cezaya li binp\u00eakirin\u00ean mezin \u00ean ku li S\u00fbr\u00eeyey\u00ea ji h\u00eala hem\u00fb al\u00eey\u00ean \u015fer \u00e7\u00eab\u00fbne.<\/p>\n<\/li>\n<li dir=\"ltr\">\n<p dir=\"ltr\">L\u00eapirs\u00een, bibelgekirin, dabe\u015fkirin \u00fb parastina del\u00eelan der bar\u00ea maf\u00ean mirovan de ji bo bikaran\u00eena wan di cezakirin\u00ea \u00fb away\u00ean nevdewlet\u00ee de.<\/p>\n<\/li>\n<li dir=\"ltr\">\n<p dir=\"ltr\">Kar\u00ea li ser hilan\u00eena hem\u00fb form\u00ean c\u00fbdakirin\u00ea dij\u00ee gr\u00fbp\u00ean lawaz \u00fb pa\u015fguhkir\u00ee.<\/p>\n<\/li>\n<li dir=\"ltr\">\n<p dir=\"ltr\">Pi\u015ftgir\u00eeya operasyona \u00e7aksaz\u00eeya qan\u00fbn\u00ee \u00fb \u00e7\u00eakirina qan\u00fbn, siyaset \u00fb \u00e7ar\u00e7ovey\u00ean qan\u00fbn\u00fb ji bo parastina maf\u00ea mirovah\u00eey\u00ea \u00fb azad\u00eey\u00ean sereke bo hem\u00fb kesan.<\/p>\n<\/li>\n<li dir=\"ltr\">\n<p dir=\"ltr\">Garant\u00eekirina heb\u00fbna dadmend\u00eeyeke veguh\u00eaz li S\u00fbr\u00eeyey\u00ea li gor p\u00eevan\u00ean navdewlet\u00ee ku n\u00fbnert\u00ee, be\u015fdar\u00ee \u00fb p\u00ea\u015fengt\u00eeya qurban\u00ee, jin, kes\u00ean pa\u015fguhkir\u00ee \u00fb gele\u00ea S\u00fbr\u00eeyey\u00ea bi temam\u00ee garant\u00ee dike.<\/p>\n<\/li>\n<li dir=\"ltr\">\n<p dir=\"ltr\">Avakirina hevkar\u00eey\u00ea \u00fb away\u00ean al\u00eekar\u00eey\u00ea di war\u00ea maf\u00ean mirovan \u00fb dadmend\u00eey\u00ea de.<\/p>\n<\/li>\n<li dir=\"ltr\">\n<p dir=\"ltr\">\u00c7alakkirin \u00fb rah\u00eanana kes \u00fb dezgeh\u00ean ku di war\u00ea dadmend\u00ee \u00fb maf\u00ean mirovan de kar dikin.<\/p>\n<\/li>\n<\/ul>\n","protected":false},"excerpt":{"rendered":"<p>Garant\u00eekirina r\u00eazdar\u00eeya li maf\u00ean mirovan \u00fb dijat\u00eeya reva ji sezay\u00ea \u00fb al\u00eekar\u00eeya qurban\u00eeyan da ku bigih\u00ean dadmend\u00eey\u00ea bi r\u00eaya: \u00c7esipandina \u00e7anda cezakirin \u00fb dadmend\u00eey\u00ea, r\u00eaveber\u00eeya programan \u00fb diyarkirina giring\u00eeya wan. Dadgehkirina strat\u00eec\u00ee ji bo cezaya li binp\u00eakirin\u00ean mezin \u00ean ku li S\u00fbr\u00eeyey\u00ea ji h\u00eala hem\u00fb al\u00eey\u00ean \u015fer \u00e7\u00eab\u00fbne. L\u00eapirs\u00een, bibelgekirin, dabe\u015fkirin \u00fb parastina del\u00eelan der [&hellip;]<\/p>\n","protected":false},"author":24,"featured_media":0,"parent":0,"menu_order":0,"comment_status":"closed","ping_status":"closed","template":"","meta":{"_acf_changed":false,"footnotes":""},"class_list":["post-183350","page","type-page","status-publish","hentry","post-wrapper"],"acf":[],"yoast_head":"<!-- This site is optimized with the Yoast SEO Premium plugin v20.6 (Yoast SEO v26.5) - https:\/\/yoast.com\/wordpress\/plugins\/seo\/ -->\n<title>Dadmend\u00ee \u00fb Maf\u00ean Mirovan - \u0627\u0644\u0645\u0631\u0643\u0632 \u0627\u0644\u0633\u0648\u0631\u064a \u0644\u0644\u0625\u0639\u0644\u0627\u0645 \u0648\u062d\u0631\u064a\u0629 \u0627\u0644\u062a\u0639\u0628\u064a\u0631 Syrian Center for Media and Freedom of Expression<\/title>\n<meta name=\"robots\" content=\"index, follow, max-snippet:-1, max-image-preview:large, max-video-preview:-1\" \/>\n<link rel=\"canonical\" href=\"https:\/\/scm.bz\/\u0648\u062d\u062f\u0629-\u0627\u0644\u0639\u062f\u0627\u0644\u0629-\u0648\u062d\u0642\u0648\u0642-\u0627\u0644\u0627\u0646\u0633\u0627\u0646\/\" \/>\n<meta property=\"og:locale\" content=\"en_US\" \/>\n<meta property=\"og:type\" content=\"article\" \/>\n<meta property=\"og:title\" content=\"Dadmend\u00ee \u00fb Maf\u00ean Mirovan\" \/>\n<meta property=\"og:description\" content=\"Garant\u00eekirina r\u00eazdar\u00eeya li maf\u00ean mirovan \u00fb dijat\u00eeya reva ji sezay\u00ea \u00fb al\u00eekar\u00eeya qurban\u00eeyan da ku bigih\u00ean dadmend\u00eey\u00ea bi r\u00eaya: \u00c7esipandina \u00e7anda cezakirin \u00fb dadmend\u00eey\u00ea, r\u00eaveber\u00eeya programan \u00fb diyarkirina giring\u00eeya wan. Dadgehkirina strat\u00eec\u00ee ji bo cezaya li binp\u00eakirin\u00ean mezin \u00ean ku li S\u00fbr\u00eeyey\u00ea ji h\u00eala hem\u00fb al\u00eey\u00ean \u015fer \u00e7\u00eab\u00fbne. L\u00eapirs\u00een, bibelgekirin, dabe\u015fkirin \u00fb parastina del\u00eelan der\" \/>\n<meta property=\"og:url\" content=\"https:\/\/scm.bz\/\u0648\u062d\u062f\u0629-\u0627\u0644\u0639\u062f\u0627\u0644\u0629-\u0648\u062d\u0642\u0648\u0642-\u0627\u0644\u0627\u0646\u0633\u0627\u0646\/\" \/>\n<meta property=\"og:site_name\" content=\"\u0627\u0644\u0645\u0631\u0643\u0632 \u0627\u0644\u0633\u0648\u0631\u064a \u0644\u0644\u0625\u0639\u0644\u0627\u0645 \u0648\u062d\u0631\u064a\u0629 \u0627\u0644\u062a\u0639\u0628\u064a\u0631 Syrian Center for Media and Freedom of Expression\" \/>\n<meta property=\"article:publisher\" content=\"https:\/\/www.facebook.com\/scm.center\" \/>\n<meta property=\"og:image\" content=\"https:\/\/scm.bz\/wp-content\/uploads\/2021\/01\/SCM-logo-1-with-Clear-Space-1-2.png\" \/>\n\t<meta property=\"og:image:width\" content=\"1450\" \/>\n\t<meta property=\"og:image:height\" content=\"1450\" \/>\n\t<meta property=\"og:image:type\" content=\"image\/png\" \/>\n<meta name=\"twitter:card\" content=\"summary_large_image\" \/>\n<meta name=\"twitter:site\" content=\"@SyrianCenter\" \/>\n<meta name=\"twitter:label1\" content=\"Est. reading time\" \/>\n\t<meta name=\"twitter:data1\" content=\"1 minute\" \/>\n<script type=\"application\/ld+json\" class=\"yoast-schema-graph\">{\"@context\":\"https:\/\/schema.org\",\"@graph\":[{\"@type\":\"WebPage\",\"@id\":\"https:\/\/scm.bz\/%d9%88%d8%ad%d8%af%d8%a9-%d8%a7%d9%84%d8%b9%d8%af%d8%a7%d9%84%d8%a9-%d9%88%d8%ad%d9%82%d9%88%d9%82-%d8%a7%d9%84%d8%a7%d9%86%d8%b3%d8%a7%d9%86\/\",\"url\":\"https:\/\/scm.bz\/%d9%88%d8%ad%d8%af%d8%a9-%d8%a7%d9%84%d8%b9%d8%af%d8%a7%d9%84%d8%a9-%d9%88%d8%ad%d9%82%d9%88%d9%82-%d8%a7%d9%84%d8%a7%d9%86%d8%b3%d8%a7%d9%86\/\",\"name\":\"Dadmend\u00ee \u00fb Maf\u00ean Mirovan - \u0627\u0644\u0645\u0631\u0643\u0632 \u0627\u0644\u0633\u0648\u0631\u064a \u0644\u0644\u0625\u0639\u0644\u0627\u0645 \u0648\u062d\u0631\u064a\u0629 \u0627\u0644\u062a\u0639\u0628\u064a\u0631 Syrian Center for Media and Freedom of Expression\",\"isPartOf\":{\"@id\":\"https:\/\/scm.bz\/#website\"},\"datePublished\":\"2018-04-10T08:14:57+00:00\",\"breadcrumb\":{\"@id\":\"https:\/\/scm.bz\/%d9%88%d8%ad%d8%af%d8%a9-%d8%a7%d9%84%d8%b9%d8%af%d8%a7%d9%84%d8%a9-%d9%88%d8%ad%d9%82%d9%88%d9%82-%d8%a7%d9%84%d8%a7%d9%86%d8%b3%d8%a7%d9%86\/#breadcrumb\"},\"inLanguage\":\"kmr\",\"potentialAction\":[{\"@type\":\"ReadAction\",\"target\":[\"https:\/\/scm.bz\/%d9%88%d8%ad%d8%af%d8%a9-%d8%a7%d9%84%d8%b9%d8%af%d8%a7%d9%84%d8%a9-%d9%88%d8%ad%d9%82%d9%88%d9%82-%d8%a7%d9%84%d8%a7%d9%86%d8%b3%d8%a7%d9%86\/\"]}]},{\"@type\":\"BreadcrumbList\",\"@id\":\"https:\/\/scm.bz\/%d9%88%d8%ad%d8%af%d8%a9-%d8%a7%d9%84%d8%b9%d8%af%d8%a7%d9%84%d8%a9-%d9%88%d8%ad%d9%82%d9%88%d9%82-%d8%a7%d9%84%d8%a7%d9%86%d8%b3%d8%a7%d9%86\/#breadcrumb\",\"itemListElement\":[{\"@type\":\"ListItem\",\"position\":1,\"name\":\"Home\",\"item\":\"https:\/\/scm.bz\/kmr\/\"},{\"@type\":\"ListItem\",\"position\":2,\"name\":\"Dadmend\u00ee \u00fb Maf\u00ean Mirovan\"}]},{\"@type\":\"WebSite\",\"@id\":\"https:\/\/scm.bz\/#website\",\"url\":\"https:\/\/scm.bz\/\",\"name\":\"\u0627\u0644\u0645\u0631\u0643\u0632 \u0627\u0644\u0633\u0648\u0631\u064a \u0644\u0644\u0625\u0639\u0644\u0627\u0645 \u0648\u062d\u0631\u064a\u0629 \u0627\u0644\u062a\u0639\u0628\u064a\u0631 Syrian Center for Media and Freedom of Expression\",\"description\":\"\",\"publisher\":{\"@id\":\"https:\/\/scm.bz\/#organization\"},\"potentialAction\":[{\"@type\":\"SearchAction\",\"target\":{\"@type\":\"EntryPoint\",\"urlTemplate\":\"https:\/\/scm.bz\/?s={search_term_string}\"},\"query-input\":{\"@type\":\"PropertyValueSpecification\",\"valueRequired\":true,\"valueName\":\"search_term_string\"}}],\"inLanguage\":\"kmr\"},{\"@type\":\"Organization\",\"@id\":\"https:\/\/scm.bz\/#organization\",\"name\":\"\u0627\u0644\u0645\u0631\u0643\u0632 \u0627\u0644\u0633\u0648\u0631\u064a \u0644\u0644\u0625\u0639\u0644\u0627\u0645 \u0648\u062d\u0631\u064a\u0629 \u0627\u0644\u062a\u0639\u0628\u064a\u0631 Syrian Center for Media and Freedom of Expression\",\"url\":\"https:\/\/scm.bz\/\",\"logo\":{\"@type\":\"ImageObject\",\"inLanguage\":\"kmr\",\"@id\":\"https:\/\/scm.bz\/#\/schema\/logo\/image\/\",\"url\":\"http:\/\/scm.bz\/wp-content\/uploads\/2021\/01\/SCM-logo-1-with-Clear-Space-1-2.png\",\"contentUrl\":\"http:\/\/scm.bz\/wp-content\/uploads\/2021\/01\/SCM-logo-1-with-Clear-Space-1-2.png\",\"width\":1450,\"height\":1450,\"caption\":\"\u0627\u0644\u0645\u0631\u0643\u0632 \u0627\u0644\u0633\u0648\u0631\u064a \u0644\u0644\u0625\u0639\u0644\u0627\u0645 \u0648\u062d\u0631\u064a\u0629 \u0627\u0644\u062a\u0639\u0628\u064a\u0631 Syrian Center for Media and Freedom of Expression\"},\"image\":{\"@id\":\"https:\/\/scm.bz\/#\/schema\/logo\/image\/\"},\"sameAs\":[\"https:\/\/www.facebook.com\/scm.center\",\"https:\/\/x.com\/SyrianCenter\"]}]}<\/script>\n<!-- \/ Yoast SEO Premium plugin. -->","yoast_head_json":{"title":"Dadmend\u00ee \u00fb Maf\u00ean Mirovan - \u0627\u0644\u0645\u0631\u0643\u0632 \u0627\u0644\u0633\u0648\u0631\u064a \u0644\u0644\u0625\u0639\u0644\u0627\u0645 \u0648\u062d\u0631\u064a\u0629 \u0627\u0644\u062a\u0639\u0628\u064a\u0631 Syrian Center for Media and Freedom of Expression","robots":{"index":"index","follow":"follow","max-snippet":"max-snippet:-1","max-image-preview":"max-image-preview:large","max-video-preview":"max-video-preview:-1"},"canonical":"https:\/\/scm.bz\/\u0648\u062d\u062f\u0629-\u0627\u0644\u0639\u062f\u0627\u0644\u0629-\u0648\u062d\u0642\u0648\u0642-\u0627\u0644\u0627\u0646\u0633\u0627\u0646\/","og_locale":"en_US","og_type":"article","og_title":"Dadmend\u00ee \u00fb Maf\u00ean Mirovan","og_description":"Garant\u00eekirina r\u00eazdar\u00eeya li maf\u00ean mirovan \u00fb dijat\u00eeya reva ji sezay\u00ea \u00fb al\u00eekar\u00eeya qurban\u00eeyan da ku bigih\u00ean dadmend\u00eey\u00ea bi r\u00eaya: \u00c7esipandina \u00e7anda cezakirin \u00fb dadmend\u00eey\u00ea, r\u00eaveber\u00eeya programan \u00fb diyarkirina giring\u00eeya wan. Dadgehkirina strat\u00eec\u00ee ji bo cezaya li binp\u00eakirin\u00ean mezin \u00ean ku li S\u00fbr\u00eeyey\u00ea ji h\u00eala hem\u00fb al\u00eey\u00ean \u015fer \u00e7\u00eab\u00fbne. L\u00eapirs\u00een, bibelgekirin, dabe\u015fkirin \u00fb parastina del\u00eelan der","og_url":"https:\/\/scm.bz\/\u0648\u062d\u062f\u0629-\u0627\u0644\u0639\u062f\u0627\u0644\u0629-\u0648\u062d\u0642\u0648\u0642-\u0627\u0644\u0627\u0646\u0633\u0627\u0646\/","og_site_name":"\u0627\u0644\u0645\u0631\u0643\u0632 \u0627\u0644\u0633\u0648\u0631\u064a \u0644\u0644\u0625\u0639\u0644\u0627\u0645 \u0648\u062d\u0631\u064a\u0629 \u0627\u0644\u062a\u0639\u0628\u064a\u0631 Syrian Center for Media and Freedom of Expression","article_publisher":"https:\/\/www.facebook.com\/scm.center","og_image":[{"width":1450,"height":1450,"url":"https:\/\/scm.bz\/wp-content\/uploads\/2021\/01\/SCM-logo-1-with-Clear-Space-1-2.png","type":"image\/png"}],"twitter_card":"summary_large_image","twitter_site":"@SyrianCenter","twitter_misc":{"Est. reading time":"1 minute"},"schema":{"@context":"https:\/\/schema.org","@graph":[{"@type":"WebPage","@id":"https:\/\/scm.bz\/%d9%88%d8%ad%d8%af%d8%a9-%d8%a7%d9%84%d8%b9%d8%af%d8%a7%d9%84%d8%a9-%d9%88%d8%ad%d9%82%d9%88%d9%82-%d8%a7%d9%84%d8%a7%d9%86%d8%b3%d8%a7%d9%86\/","url":"https:\/\/scm.bz\/%d9%88%d8%ad%d8%af%d8%a9-%d8%a7%d9%84%d8%b9%d8%af%d8%a7%d9%84%d8%a9-%d9%88%d8%ad%d9%82%d9%88%d9%82-%d8%a7%d9%84%d8%a7%d9%86%d8%b3%d8%a7%d9%86\/","name":"Dadmend\u00ee \u00fb Maf\u00ean Mirovan - \u0627\u0644\u0645\u0631\u0643\u0632 \u0627\u0644\u0633\u0648\u0631\u064a \u0644\u0644\u0625\u0639\u0644\u0627\u0645 \u0648\u062d\u0631\u064a\u0629 \u0627\u0644\u062a\u0639\u0628\u064a\u0631 Syrian Center for Media and Freedom of Expression","isPartOf":{"@id":"https:\/\/scm.bz\/#website"},"datePublished":"2018-04-10T08:14:57+00:00","breadcrumb":{"@id":"https:\/\/scm.bz\/%d9%88%d8%ad%d8%af%d8%a9-%d8%a7%d9%84%d8%b9%d8%af%d8%a7%d9%84%d8%a9-%d9%88%d8%ad%d9%82%d9%88%d9%82-%d8%a7%d9%84%d8%a7%d9%86%d8%b3%d8%a7%d9%86\/#breadcrumb"},"inLanguage":"kmr","potentialAction":[{"@type":"ReadAction","target":["https:\/\/scm.bz\/%d9%88%d8%ad%d8%af%d8%a9-%d8%a7%d9%84%d8%b9%d8%af%d8%a7%d9%84%d8%a9-%d9%88%d8%ad%d9%82%d9%88%d9%82-%d8%a7%d9%84%d8%a7%d9%86%d8%b3%d8%a7%d9%86\/"]}]},{"@type":"BreadcrumbList","@id":"https:\/\/scm.bz\/%d9%88%d8%ad%d8%af%d8%a9-%d8%a7%d9%84%d8%b9%d8%af%d8%a7%d9%84%d8%a9-%d9%88%d8%ad%d9%82%d9%88%d9%82-%d8%a7%d9%84%d8%a7%d9%86%d8%b3%d8%a7%d9%86\/#breadcrumb","itemListElement":[{"@type":"ListItem","position":1,"name":"Home","item":"https:\/\/scm.bz\/kmr\/"},{"@type":"ListItem","position":2,"name":"Dadmend\u00ee \u00fb Maf\u00ean Mirovan"}]},{"@type":"WebSite","@id":"https:\/\/scm.bz\/#website","url":"https:\/\/scm.bz\/","name":"\u0627\u0644\u0645\u0631\u0643\u0632 \u0627\u0644\u0633\u0648\u0631\u064a \u0644\u0644\u0625\u0639\u0644\u0627\u0645 \u0648\u062d\u0631\u064a\u0629 \u0627\u0644\u062a\u0639\u0628\u064a\u0631 Syrian Center for Media and Freedom of Expression","description":"","publisher":{"@id":"https:\/\/scm.bz\/#organization"},"potentialAction":[{"@type":"SearchAction","target":{"@type":"EntryPoint","urlTemplate":"https:\/\/scm.bz\/?s={search_term_string}"},"query-input":{"@type":"PropertyValueSpecification","valueRequired":true,"valueName":"search_term_string"}}],"inLanguage":"kmr"},{"@type":"Organization","@id":"https:\/\/scm.bz\/#organization","name":"\u0627\u0644\u0645\u0631\u0643\u0632 \u0627\u0644\u0633\u0648\u0631\u064a \u0644\u0644\u0625\u0639\u0644\u0627\u0645 \u0648\u062d\u0631\u064a\u0629 \u0627\u0644\u062a\u0639\u0628\u064a\u0631 Syrian Center for Media and Freedom of Expression","url":"https:\/\/scm.bz\/","logo":{"@type":"ImageObject","inLanguage":"kmr","@id":"https:\/\/scm.bz\/#\/schema\/logo\/image\/","url":"http:\/\/scm.bz\/wp-content\/uploads\/2021\/01\/SCM-logo-1-with-Clear-Space-1-2.png","contentUrl":"http:\/\/scm.bz\/wp-content\/uploads\/2021\/01\/SCM-logo-1-with-Clear-Space-1-2.png","width":1450,"height":1450,"caption":"\u0627\u0644\u0645\u0631\u0643\u0632 \u0627\u0644\u0633\u0648\u0631\u064a \u0644\u0644\u0625\u0639\u0644\u0627\u0645 \u0648\u062d\u0631\u064a\u0629 \u0627\u0644\u062a\u0639\u0628\u064a\u0631 Syrian Center for Media and Freedom of Expression"},"image":{"@id":"https:\/\/scm.bz\/#\/schema\/logo\/image\/"},"sameAs":["https:\/\/www.facebook.com\/scm.center","https:\/\/x.com\/SyrianCenter"]}]}},"_links":{"self":[{"href":"https:\/\/scm.bz\/kmr\/wp-json\/wp\/v2\/pages\/183350","targetHints":{"allow":["GET"]}}],"collection":[{"href":"https:\/\/scm.bz\/kmr\/wp-json\/wp\/v2\/pages"}],"about":[{"href":"https:\/\/scm.bz\/kmr\/wp-json\/wp\/v2\/types\/page"}],"author":[{"embeddable":true,"href":"https:\/\/scm.bz\/kmr\/wp-json\/wp\/v2\/users\/24"}],"replies":[{"embeddable":true,"href":"https:\/\/scm.bz\/kmr\/wp-json\/wp\/v2\/comments?post=183350"}],"version-history":[{"count":0,"href":"https:\/\/scm.bz\/kmr\/wp-json\/wp\/v2\/pages\/183350\/revisions"}],"wp:attachment":[{"href":"https:\/\/scm.bz\/kmr\/wp-json\/wp\/v2\/media?parent=183350"}],"curies":[{"name":"wp","href":"https:\/\/api.w.org\/{rel}","templated":true}]}}