{"id":183346,"date":"2018-04-10T10:12:46","date_gmt":"2018-04-10T08:12:46","guid":{"rendered":"https:\/\/scm.bz?page_id=183346"},"modified":"2018-04-10T10:12:46","modified_gmt":"2018-04-10T08:12:46","slug":"civaka-sivil-u-welatini","status":"publish","type":"page","link":"https:\/\/scm.bz\/kmr\/civaka-sivil-u-welatini\/","title":{"rendered":"Civaka Siv\u00eel \u00fb Welat\u00een\u00ee"},"content":{"rendered":"<ul>\n<li dir=\"ltr\">\n<p dir=\"ltr\">\u00c7alakkirin \u00fb rah\u00eanana karmend\u00ean civaka siv\u00eel \u00fb avakirina hevkar\u00eey\u00ea li gel dezgeh \u00fb destp\u00ea\u015fxer\u00eey\u00ean civaka siv\u00eel \u00fb navxwey\u00ee.<\/p>\n<\/li>\n<li dir=\"ltr\">\n<p dir=\"ltr\">Pi\u015ftgir\u00ee, belavkirin \u00fb \u00e7alakkirina prens\u00eep\u00ean welat\u00een\u00eeya \u00e7alak di \u00e7ar\u00e7oveya teor\u00ee ya standard \u00fb prat\u00eek de.<\/p>\n<\/li>\n<li dir=\"ltr\">\n<p dir=\"ltr\">P\u00ea\u015fxistin \u00fb jin\u00fbafirandina m\u00eeratey\u00ea \u00e7and\u00ee \u00fb \u00e7\u00eakirina bingeheke zanist\u00ee ji bo handana kar\u00ean a\u015ft\u00eeyane y\u00ean azad\u00eeya derbir\u00een\u00ea, dadmend\u00ee \u00fb wekhev\u00eeya di nav hem\u00fb gr\u00fbp\u00ean mirov\u00ee de.<\/p>\n<\/li>\n<li dir=\"ltr\">\n<p dir=\"ltr\">Avakirina a\u015ft\u00eeya civak\u00ee \u00fb pirreng\u00eey\u00ea bi taybet li dewlet\u00ean \u015fer.<\/p>\n<\/li>\n<li dir=\"ltr\">\n<p dir=\"ltr\">Belavkirina nirx\u00ean \u00e7and\u00ee y\u00ean n\u00fb di nav civakan de ku xwe disp\u00earin qan\u00fbna navdew<\/p>\n<\/li>\n<\/ul>\n","protected":false},"excerpt":{"rendered":"<p>\u00c7alakkirin \u00fb rah\u00eanana karmend\u00ean civaka siv\u00eel \u00fb avakirina hevkar\u00eey\u00ea li gel dezgeh \u00fb destp\u00ea\u015fxer\u00eey\u00ean civaka siv\u00eel \u00fb navxwey\u00ee. Pi\u015ftgir\u00ee, belavkirin \u00fb \u00e7alakkirina prens\u00eep\u00ean welat\u00een\u00eeya \u00e7alak di \u00e7ar\u00e7oveya teor\u00ee ya standard \u00fb prat\u00eek de. P\u00ea\u015fxistin \u00fb jin\u00fbafirandina m\u00eeratey\u00ea \u00e7and\u00ee \u00fb \u00e7\u00eakirina bingeheke zanist\u00ee ji bo handana kar\u00ean a\u015ft\u00eeyane y\u00ean azad\u00eeya derbir\u00een\u00ea, dadmend\u00ee \u00fb wekhev\u00eeya di nav [&hellip;]<\/p>\n","protected":false},"author":24,"featured_media":0,"parent":0,"menu_order":0,"comment_status":"closed","ping_status":"closed","template":"","meta":{"_acf_changed":false,"footnotes":""},"class_list":["post-183346","page","type-page","status-publish","hentry","post-wrapper"],"acf":[],"yoast_head":"<!-- This site is optimized with the Yoast SEO Premium plugin v20.6 (Yoast SEO v26.5) - https:\/\/yoast.com\/wordpress\/plugins\/seo\/ -->\n<title>Civaka Siv\u00eel \u00fb Welat\u00een\u00ee - \u0627\u0644\u0645\u0631\u0643\u0632 \u0627\u0644\u0633\u0648\u0631\u064a \u0644\u0644\u0625\u0639\u0644\u0627\u0645 \u0648\u062d\u0631\u064a\u0629 \u0627\u0644\u062a\u0639\u0628\u064a\u0631 Syrian Center for Media and Freedom of Expression<\/title>\n<meta name=\"robots\" content=\"index, follow, max-snippet:-1, max-image-preview:large, max-video-preview:-1\" \/>\n<link rel=\"canonical\" href=\"https:\/\/scm.bz\/\u0627\u0644\u0645\u062c\u062a\u0645\u0639-\u0627\u0644\u0645\u062f\u0646\u064a-\u0648\u0627\u0644\u0645\u0648\u0627\u0637\u0646\u0629\/\" \/>\n<meta property=\"og:locale\" content=\"en_US\" \/>\n<meta property=\"og:type\" content=\"article\" \/>\n<meta property=\"og:title\" content=\"Civaka Siv\u00eel \u00fb Welat\u00een\u00ee\" \/>\n<meta property=\"og:description\" content=\"\u00c7alakkirin \u00fb rah\u00eanana karmend\u00ean civaka siv\u00eel \u00fb avakirina hevkar\u00eey\u00ea li gel dezgeh \u00fb destp\u00ea\u015fxer\u00eey\u00ean civaka siv\u00eel \u00fb navxwey\u00ee. Pi\u015ftgir\u00ee, belavkirin \u00fb \u00e7alakkirina prens\u00eep\u00ean welat\u00een\u00eeya \u00e7alak di \u00e7ar\u00e7oveya teor\u00ee ya standard \u00fb prat\u00eek de. P\u00ea\u015fxistin \u00fb jin\u00fbafirandina m\u00eeratey\u00ea \u00e7and\u00ee \u00fb \u00e7\u00eakirina bingeheke zanist\u00ee ji bo handana kar\u00ean a\u015ft\u00eeyane y\u00ean azad\u00eeya derbir\u00een\u00ea, dadmend\u00ee \u00fb wekhev\u00eeya di nav\" \/>\n<meta property=\"og:url\" content=\"https:\/\/scm.bz\/\u0627\u0644\u0645\u062c\u062a\u0645\u0639-\u0627\u0644\u0645\u062f\u0646\u064a-\u0648\u0627\u0644\u0645\u0648\u0627\u0637\u0646\u0629\/\" \/>\n<meta property=\"og:site_name\" content=\"\u0627\u0644\u0645\u0631\u0643\u0632 \u0627\u0644\u0633\u0648\u0631\u064a \u0644\u0644\u0625\u0639\u0644\u0627\u0645 \u0648\u062d\u0631\u064a\u0629 \u0627\u0644\u062a\u0639\u0628\u064a\u0631 Syrian Center for Media and Freedom of Expression\" \/>\n<meta property=\"article:publisher\" content=\"https:\/\/www.facebook.com\/scm.center\" \/>\n<meta property=\"og:image\" content=\"https:\/\/scm.bz\/wp-content\/uploads\/2021\/01\/SCM-logo-1-with-Clear-Space-1-2.png\" \/>\n\t<meta property=\"og:image:width\" content=\"1450\" \/>\n\t<meta property=\"og:image:height\" content=\"1450\" \/>\n\t<meta property=\"og:image:type\" content=\"image\/png\" \/>\n<meta name=\"twitter:card\" content=\"summary_large_image\" \/>\n<meta name=\"twitter:site\" content=\"@SyrianCenter\" \/>\n<meta name=\"twitter:label1\" content=\"Est. reading time\" \/>\n\t<meta name=\"twitter:data1\" content=\"1 minute\" \/>\n<script type=\"application\/ld+json\" class=\"yoast-schema-graph\">{\"@context\":\"https:\/\/schema.org\",\"@graph\":[{\"@type\":\"WebPage\",\"@id\":\"https:\/\/scm.bz\/%d8%a7%d9%84%d9%85%d8%ac%d8%aa%d9%85%d8%b9-%d8%a7%d9%84%d9%85%d8%af%d9%86%d9%8a-%d9%88%d8%a7%d9%84%d9%85%d9%88%d8%a7%d8%b7%d9%86%d8%a9\/\",\"url\":\"https:\/\/scm.bz\/%d8%a7%d9%84%d9%85%d8%ac%d8%aa%d9%85%d8%b9-%d8%a7%d9%84%d9%85%d8%af%d9%86%d9%8a-%d9%88%d8%a7%d9%84%d9%85%d9%88%d8%a7%d8%b7%d9%86%d8%a9\/\",\"name\":\"Civaka Siv\u00eel \u00fb Welat\u00een\u00ee - \u0627\u0644\u0645\u0631\u0643\u0632 \u0627\u0644\u0633\u0648\u0631\u064a \u0644\u0644\u0625\u0639\u0644\u0627\u0645 \u0648\u062d\u0631\u064a\u0629 \u0627\u0644\u062a\u0639\u0628\u064a\u0631 Syrian Center for Media and Freedom of Expression\",\"isPartOf\":{\"@id\":\"https:\/\/scm.bz\/#website\"},\"datePublished\":\"2018-04-10T08:12:46+00:00\",\"breadcrumb\":{\"@id\":\"https:\/\/scm.bz\/%d8%a7%d9%84%d9%85%d8%ac%d8%aa%d9%85%d8%b9-%d8%a7%d9%84%d9%85%d8%af%d9%86%d9%8a-%d9%88%d8%a7%d9%84%d9%85%d9%88%d8%a7%d8%b7%d9%86%d8%a9\/#breadcrumb\"},\"inLanguage\":\"kmr\",\"potentialAction\":[{\"@type\":\"ReadAction\",\"target\":[\"https:\/\/scm.bz\/%d8%a7%d9%84%d9%85%d8%ac%d8%aa%d9%85%d8%b9-%d8%a7%d9%84%d9%85%d8%af%d9%86%d9%8a-%d9%88%d8%a7%d9%84%d9%85%d9%88%d8%a7%d8%b7%d9%86%d8%a9\/\"]}]},{\"@type\":\"BreadcrumbList\",\"@id\":\"https:\/\/scm.bz\/%d8%a7%d9%84%d9%85%d8%ac%d8%aa%d9%85%d8%b9-%d8%a7%d9%84%d9%85%d8%af%d9%86%d9%8a-%d9%88%d8%a7%d9%84%d9%85%d9%88%d8%a7%d8%b7%d9%86%d8%a9\/#breadcrumb\",\"itemListElement\":[{\"@type\":\"ListItem\",\"position\":1,\"name\":\"Home\",\"item\":\"https:\/\/scm.bz\/kmr\/\"},{\"@type\":\"ListItem\",\"position\":2,\"name\":\"Civaka Siv\u00eel \u00fb Welat\u00een\u00ee\"}]},{\"@type\":\"WebSite\",\"@id\":\"https:\/\/scm.bz\/#website\",\"url\":\"https:\/\/scm.bz\/\",\"name\":\"\u0627\u0644\u0645\u0631\u0643\u0632 \u0627\u0644\u0633\u0648\u0631\u064a \u0644\u0644\u0625\u0639\u0644\u0627\u0645 \u0648\u062d\u0631\u064a\u0629 \u0627\u0644\u062a\u0639\u0628\u064a\u0631 Syrian Center for Media and Freedom of Expression\",\"description\":\"\",\"publisher\":{\"@id\":\"https:\/\/scm.bz\/#organization\"},\"potentialAction\":[{\"@type\":\"SearchAction\",\"target\":{\"@type\":\"EntryPoint\",\"urlTemplate\":\"https:\/\/scm.bz\/?s={search_term_string}\"},\"query-input\":{\"@type\":\"PropertyValueSpecification\",\"valueRequired\":true,\"valueName\":\"search_term_string\"}}],\"inLanguage\":\"kmr\"},{\"@type\":\"Organization\",\"@id\":\"https:\/\/scm.bz\/#organization\",\"name\":\"\u0627\u0644\u0645\u0631\u0643\u0632 \u0627\u0644\u0633\u0648\u0631\u064a \u0644\u0644\u0625\u0639\u0644\u0627\u0645 \u0648\u062d\u0631\u064a\u0629 \u0627\u0644\u062a\u0639\u0628\u064a\u0631 Syrian Center for Media and Freedom of Expression\",\"url\":\"https:\/\/scm.bz\/\",\"logo\":{\"@type\":\"ImageObject\",\"inLanguage\":\"kmr\",\"@id\":\"https:\/\/scm.bz\/#\/schema\/logo\/image\/\",\"url\":\"http:\/\/scm.bz\/wp-content\/uploads\/2021\/01\/SCM-logo-1-with-Clear-Space-1-2.png\",\"contentUrl\":\"http:\/\/scm.bz\/wp-content\/uploads\/2021\/01\/SCM-logo-1-with-Clear-Space-1-2.png\",\"width\":1450,\"height\":1450,\"caption\":\"\u0627\u0644\u0645\u0631\u0643\u0632 \u0627\u0644\u0633\u0648\u0631\u064a \u0644\u0644\u0625\u0639\u0644\u0627\u0645 \u0648\u062d\u0631\u064a\u0629 \u0627\u0644\u062a\u0639\u0628\u064a\u0631 Syrian Center for Media and Freedom of Expression\"},\"image\":{\"@id\":\"https:\/\/scm.bz\/#\/schema\/logo\/image\/\"},\"sameAs\":[\"https:\/\/www.facebook.com\/scm.center\",\"https:\/\/x.com\/SyrianCenter\"]}]}<\/script>\n<!-- \/ Yoast SEO Premium plugin. -->","yoast_head_json":{"title":"Civaka Siv\u00eel \u00fb Welat\u00een\u00ee - \u0627\u0644\u0645\u0631\u0643\u0632 \u0627\u0644\u0633\u0648\u0631\u064a \u0644\u0644\u0625\u0639\u0644\u0627\u0645 \u0648\u062d\u0631\u064a\u0629 \u0627\u0644\u062a\u0639\u0628\u064a\u0631 Syrian Center for Media and Freedom of Expression","robots":{"index":"index","follow":"follow","max-snippet":"max-snippet:-1","max-image-preview":"max-image-preview:large","max-video-preview":"max-video-preview:-1"},"canonical":"https:\/\/scm.bz\/\u0627\u0644\u0645\u062c\u062a\u0645\u0639-\u0627\u0644\u0645\u062f\u0646\u064a-\u0648\u0627\u0644\u0645\u0648\u0627\u0637\u0646\u0629\/","og_locale":"en_US","og_type":"article","og_title":"Civaka Siv\u00eel \u00fb Welat\u00een\u00ee","og_description":"\u00c7alakkirin \u00fb rah\u00eanana karmend\u00ean civaka siv\u00eel \u00fb avakirina hevkar\u00eey\u00ea li gel dezgeh \u00fb destp\u00ea\u015fxer\u00eey\u00ean civaka siv\u00eel \u00fb navxwey\u00ee. Pi\u015ftgir\u00ee, belavkirin \u00fb \u00e7alakkirina prens\u00eep\u00ean welat\u00een\u00eeya \u00e7alak di \u00e7ar\u00e7oveya teor\u00ee ya standard \u00fb prat\u00eek de. P\u00ea\u015fxistin \u00fb jin\u00fbafirandina m\u00eeratey\u00ea \u00e7and\u00ee \u00fb \u00e7\u00eakirina bingeheke zanist\u00ee ji bo handana kar\u00ean a\u015ft\u00eeyane y\u00ean azad\u00eeya derbir\u00een\u00ea, dadmend\u00ee \u00fb wekhev\u00eeya di nav","og_url":"https:\/\/scm.bz\/\u0627\u0644\u0645\u062c\u062a\u0645\u0639-\u0627\u0644\u0645\u062f\u0646\u064a-\u0648\u0627\u0644\u0645\u0648\u0627\u0637\u0646\u0629\/","og_site_name":"\u0627\u0644\u0645\u0631\u0643\u0632 \u0627\u0644\u0633\u0648\u0631\u064a \u0644\u0644\u0625\u0639\u0644\u0627\u0645 \u0648\u062d\u0631\u064a\u0629 \u0627\u0644\u062a\u0639\u0628\u064a\u0631 Syrian Center for Media and Freedom of Expression","article_publisher":"https:\/\/www.facebook.com\/scm.center","og_image":[{"width":1450,"height":1450,"url":"https:\/\/scm.bz\/wp-content\/uploads\/2021\/01\/SCM-logo-1-with-Clear-Space-1-2.png","type":"image\/png"}],"twitter_card":"summary_large_image","twitter_site":"@SyrianCenter","twitter_misc":{"Est. reading time":"1 minute"},"schema":{"@context":"https:\/\/schema.org","@graph":[{"@type":"WebPage","@id":"https:\/\/scm.bz\/%d8%a7%d9%84%d9%85%d8%ac%d8%aa%d9%85%d8%b9-%d8%a7%d9%84%d9%85%d8%af%d9%86%d9%8a-%d9%88%d8%a7%d9%84%d9%85%d9%88%d8%a7%d8%b7%d9%86%d8%a9\/","url":"https:\/\/scm.bz\/%d8%a7%d9%84%d9%85%d8%ac%d8%aa%d9%85%d8%b9-%d8%a7%d9%84%d9%85%d8%af%d9%86%d9%8a-%d9%88%d8%a7%d9%84%d9%85%d9%88%d8%a7%d8%b7%d9%86%d8%a9\/","name":"Civaka Siv\u00eel \u00fb Welat\u00een\u00ee - \u0627\u0644\u0645\u0631\u0643\u0632 \u0627\u0644\u0633\u0648\u0631\u064a \u0644\u0644\u0625\u0639\u0644\u0627\u0645 \u0648\u062d\u0631\u064a\u0629 \u0627\u0644\u062a\u0639\u0628\u064a\u0631 Syrian Center for Media and Freedom of Expression","isPartOf":{"@id":"https:\/\/scm.bz\/#website"},"datePublished":"2018-04-10T08:12:46+00:00","breadcrumb":{"@id":"https:\/\/scm.bz\/%d8%a7%d9%84%d9%85%d8%ac%d8%aa%d9%85%d8%b9-%d8%a7%d9%84%d9%85%d8%af%d9%86%d9%8a-%d9%88%d8%a7%d9%84%d9%85%d9%88%d8%a7%d8%b7%d9%86%d8%a9\/#breadcrumb"},"inLanguage":"kmr","potentialAction":[{"@type":"ReadAction","target":["https:\/\/scm.bz\/%d8%a7%d9%84%d9%85%d8%ac%d8%aa%d9%85%d8%b9-%d8%a7%d9%84%d9%85%d8%af%d9%86%d9%8a-%d9%88%d8%a7%d9%84%d9%85%d9%88%d8%a7%d8%b7%d9%86%d8%a9\/"]}]},{"@type":"BreadcrumbList","@id":"https:\/\/scm.bz\/%d8%a7%d9%84%d9%85%d8%ac%d8%aa%d9%85%d8%b9-%d8%a7%d9%84%d9%85%d8%af%d9%86%d9%8a-%d9%88%d8%a7%d9%84%d9%85%d9%88%d8%a7%d8%b7%d9%86%d8%a9\/#breadcrumb","itemListElement":[{"@type":"ListItem","position":1,"name":"Home","item":"https:\/\/scm.bz\/kmr\/"},{"@type":"ListItem","position":2,"name":"Civaka Siv\u00eel \u00fb Welat\u00een\u00ee"}]},{"@type":"WebSite","@id":"https:\/\/scm.bz\/#website","url":"https:\/\/scm.bz\/","name":"\u0627\u0644\u0645\u0631\u0643\u0632 \u0627\u0644\u0633\u0648\u0631\u064a \u0644\u0644\u0625\u0639\u0644\u0627\u0645 \u0648\u062d\u0631\u064a\u0629 \u0627\u0644\u062a\u0639\u0628\u064a\u0631 Syrian Center for Media and Freedom of Expression","description":"","publisher":{"@id":"https:\/\/scm.bz\/#organization"},"potentialAction":[{"@type":"SearchAction","target":{"@type":"EntryPoint","urlTemplate":"https:\/\/scm.bz\/?s={search_term_string}"},"query-input":{"@type":"PropertyValueSpecification","valueRequired":true,"valueName":"search_term_string"}}],"inLanguage":"kmr"},{"@type":"Organization","@id":"https:\/\/scm.bz\/#organization","name":"\u0627\u0644\u0645\u0631\u0643\u0632 \u0627\u0644\u0633\u0648\u0631\u064a \u0644\u0644\u0625\u0639\u0644\u0627\u0645 \u0648\u062d\u0631\u064a\u0629 \u0627\u0644\u062a\u0639\u0628\u064a\u0631 Syrian Center for Media and Freedom of Expression","url":"https:\/\/scm.bz\/","logo":{"@type":"ImageObject","inLanguage":"kmr","@id":"https:\/\/scm.bz\/#\/schema\/logo\/image\/","url":"http:\/\/scm.bz\/wp-content\/uploads\/2021\/01\/SCM-logo-1-with-Clear-Space-1-2.png","contentUrl":"http:\/\/scm.bz\/wp-content\/uploads\/2021\/01\/SCM-logo-1-with-Clear-Space-1-2.png","width":1450,"height":1450,"caption":"\u0627\u0644\u0645\u0631\u0643\u0632 \u0627\u0644\u0633\u0648\u0631\u064a \u0644\u0644\u0625\u0639\u0644\u0627\u0645 \u0648\u062d\u0631\u064a\u0629 \u0627\u0644\u062a\u0639\u0628\u064a\u0631 Syrian Center for Media and Freedom of Expression"},"image":{"@id":"https:\/\/scm.bz\/#\/schema\/logo\/image\/"},"sameAs":["https:\/\/www.facebook.com\/scm.center","https:\/\/x.com\/SyrianCenter"]}]}},"_links":{"self":[{"href":"https:\/\/scm.bz\/kmr\/wp-json\/wp\/v2\/pages\/183346","targetHints":{"allow":["GET"]}}],"collection":[{"href":"https:\/\/scm.bz\/kmr\/wp-json\/wp\/v2\/pages"}],"about":[{"href":"https:\/\/scm.bz\/kmr\/wp-json\/wp\/v2\/types\/page"}],"author":[{"embeddable":true,"href":"https:\/\/scm.bz\/kmr\/wp-json\/wp\/v2\/users\/24"}],"replies":[{"embeddable":true,"href":"https:\/\/scm.bz\/kmr\/wp-json\/wp\/v2\/comments?post=183346"}],"version-history":[{"count":0,"href":"https:\/\/scm.bz\/kmr\/wp-json\/wp\/v2\/pages\/183346\/revisions"}],"wp:attachment":[{"href":"https:\/\/scm.bz\/kmr\/wp-json\/wp\/v2\/media?parent=183346"}],"curies":[{"name":"wp","href":"https:\/\/api.w.org\/{rel}","templated":true}]}}