{"id":180675,"date":"2016-12-22T13:59:08","date_gmt":"2016-12-22T13:59:08","guid":{"rendered":"https:\/\/scm.bz\/introduction"},"modified":"2016-12-22T13:59:08","modified_gmt":"2016-12-22T13:59:08","slug":"introduction","status":"publish","type":"page","link":"https:\/\/scm.bz\/kmr\/introduction\/","title":{"rendered":"Introduction:"},"content":{"rendered":"<p style=\"direction: ltr;\"><b>&#8220;Away\u00ea her\u00ee ba\u015f bo naskirina rast\u00eey\u00ea, dan\u00fbstendina azad e<\/b><\/p>\n<p style=\"direction: ltr;\"><b>\u00fb sedema qedexekirina v\u00ee ti\u015ft\u00ee, tirsa diyarb\u00fbna rast\u00eey\u00ea ye&#8221;<\/b><\/p>\n<p style=\"direction: ltr; padding-left: 210px;\">Andrea Shedenios<\/p>\n<p style=\"direction: ltr;\"><span style=\"font-weight: 400;\">Mirovah\u00ee di gelek qonaxan de derbas b\u00fbye ta ku azad\u00eeya derbir\u00een\u00ea \u2013derg\u00fb\u015fa azad\u00eeya ragihandin\u00ea- b\u00fbye m\u00eerateyeke mirov\u00ee \u00e7esipand\u00ee ku ast\u00ean w\u00ea li gor civak\u00ea, bingeha w\u00ea ya ab\u00fbr\u00ee \u00fb civak\u00ee \u00fb p\u00ea\u015fve\u00e7\u00fbn\u00ean w\u00ea y\u00ean siyas\u00ee, hatine guhertin. N\u00ee\u015fan\u00ean w\u00ea y\u00ean dest\u00fbr\u00ee \u00fb n\u00fbjen di belgeya &#8220;Magna Cartay\u00ea de&#8221; (belgenameya peyman\u00ea ya mezin) de li Br\u00eetanyay\u00ea di sala 1215an de xuya kirin, ev belge maf \u00fb erk\u00ean \u015fah \u00fb pey\u00eay\u00ean w\u00ee dinerx\u00eene \u00fb s\u00eenoran ji wan re dinexi\u015f\u00eene \u00fb bandora van yekan li ser welat\u00eeyan j\u00ee \u015f\u00eerove dike, pa\u015f\u00ea di sala 1688an de ev yek b\u00fb l\u00eesteya mafan li Br\u00eetanyay\u00ea \u00fb t\u00ea de pr\u00eans\u00eepa nedadgehkirina endam\u00ean perlemantoy\u00ea ji <\/span><b>Em K\u00ee ne?<\/b><\/p>\n<p style=\"direction: ltr;\"><span style=\"font-weight: 400;\">Navenda S\u00fbryay\u00ee ya Ragihandin\u00ea \u00fb Azad\u00eeya Derbir\u00een\u00ea, dezgeheke S\u00fbryay\u00ee ya serbixwe \u00fb s\u00eev\u00eel e, bo pi\u015ftgir\u00ee \u00fb parastina ragih\u00eaneran \u00fb pi\u015ftgir\u00eeya demokras\u00eey\u00ea \u00fb maf\u00ean welat\u00ee \u00fb gir\u00fbpan \u00ean sereke \u00fb dadmend\u00eeya veguh\u00eaz, kar dike. Em ji bo S\u00fbryayeke p\u00ea\u015feroj\u00ea ku li ser serwer\u00eeya qan\u00fbn\u00ea \u00fb azad\u00eeya b\u00eer, bawer\u00ee \u00fb derbir\u00een\u00ea \u00fb maf\u00ean mirovan ava b\u00fbye, kar dikin.<\/span><\/p>\n<p style=\"direction: ltr;\"><span style=\"font-weight: 400;\">dervey\u00ee pelemantoy\u00ea hate \u00e7esipandin. Niv\u00ees\u00ean gelek b\u00eerweran kar\u00eeb\u00fbn pa\u015f\u00ea azad\u00eeya derbir\u00een\u00ea bi p\u00ea\u015f bixin m\u00een John Luck, John Stewart Mil \u00fb <\/span><b>Andrea Shedenios y\u00ea ku gotiye &#8220;Away\u00ea her\u00ee ba\u015f bo naskirina rast\u00eey\u00ea, dan\u00fbstendina azad e \u00fb sedema qedexekirina v\u00ee ti\u015ft\u00ee, tirsa diyarb\u00fbna rast\u00eey\u00ea ye&#8221;<\/b><\/p>\n<p style=\"direction: ltr;\"><span style=\"font-weight: 400;\">van ner\u00een\u00ean fikir\u00ee kar\u00eeb\u00fbn rola ragihandin\u00ea bi p\u00ea\u015f bixin \u00fb bi v\u00ee away\u00ee zay\u00eena disthilateke n\u00fb hate ragihandin ku Lord Edmond York \u00ea ku di sala 1797an de j\u00eeyana xwe ji dest daye di v\u00ee war\u00ee de gotib\u00fb &#8220;<\/span><b>Di encumena gi\u015ft\u00ee ya Br\u00eetanyay\u00ea s\u00ea desthilat hene, l\u00ea dema ku mirov li rojnamevanan din\u00eare, desthilata \u00e7arem dib\u00eene<\/b><span style=\"font-weight: 400;\">&#8220;. Ragihandina Fransiz\u00ee ya maf\u00ean hemwelat\u00eeb\u00fbn\u00ea di sala 1789an de gaveke mezin b\u00fb di war\u00ea fikr\u00ee de ku t\u00ea de hate gotin (azad\u00eeya derbir\u00een\u00ea mafek\u00ee mirov \u00ea sereke ye) \u00fb bi v\u00ee away\u00ee ev maf li \u015f\u00fbna ku mafek\u00ee dihate stendin, b\u00fb mafek\u00ee sereke li gel heb\u00fbna mirov, her weha ev maf b\u00fb par\u00e7eyeke sereke ji heb\u00fbna mirov. Bi avakirina r\u00eaxistina Netewey\u00ean Yekb\u00fby\u00ee di sala 1945an de, bingeh\u00ean exlaq\u00ee \u00fb qan\u00fbn\u00ee bo pabend\u00eeya bi azad\u00eeya derbir\u00een\u00ea li ser asteke navdewlet\u00ee hatin dan\u00een \u00fb bandora v\u00ea yek\u00ea li ser hem\u00fb dewlet\u00ean endam di r\u00eaxistin\u00ea de heb\u00fb. Di civata desteya NYy\u00ea ya yekem\u00een di 14\/12\/1946an de hate gotin ku: <\/span><\/p>\n<p style=\"direction: ltr;\"><span style=\"font-weight: 400;\">(<\/span><b>Azad\u00eeya agah\u00eeyan mafek\u00ee mirov \u00ea sereke \u00fb st\u00fbna avakirina hem\u00fb azad\u00eey\u00ean ku Netewey\u00ean Yekb\u00fby\u00ee doza wan dike<\/b><span style=\"font-weight: 400;\">) Biryara 59 d-a , ta ber bi Ragihandina C\u00eehan\u00ee ya Maf\u00ean Mirovan ku di 10\/12\/1948an de ji al\u00eey\u00ea NYy\u00ea hatiye derxistin, ku di madeya w\u00ea ya 19an de hetiye gotin: (<\/span><b>Azad\u00eeya ner\u00eenan \u00fb derbir\u00een\u00ea, maf\u00ea her mirov\u00ee ye. Ev yek azad\u00eeya ner\u00eenan b\u00ea det\u00eawerdan li xwe digire, her weha naskirina n\u00fb\u00e7e \u00fb ramanan \u00fb wergirtina wan \u00fb belavkirina wan bi \u00e7i away\u00ee be, b\u00eay\u00ee ku s\u00eenor\u00ean xakn\u00eegar\u00eey\u00ea bibin asteng\u00ee<\/b><span style=\"font-weight: 400;\">).<\/span><\/p>\n<p style=\"direction: ltr;\"><span style=\"font-weight: 400;\">Di war\u00ea naskirina giring\u00eeya rola rojnameger\u00eeya azad de di \u00e7esipandina demokras\u00ee \u00fb ge\u015fep\u00eadan\u00ea de, komeleya gi\u015ft\u00ee ya NYy\u00ea roja 3y\u00ea gulan\u00ea weke <\/span><b>&#8220;Roja C\u00eehan\u00ee ya Azad\u00eeya Rojnameger\u00eey\u00ea&#8221;<\/b><span style=\"font-weight: 400;\"> ragihand, ev roj b\u00fb rojeke c\u00eehan\u00ee bo azad\u00eeya rojnamer\u00eey\u00ea, bihi\u015fkirina raya gi\u015ft\u00ee di war\u00ea binp\u00eakirin\u00ean azad\u00eey\u00ea derbir\u00een\u00ea de \u00fb balki\u015fandina ser kar\u00ea rojnameger\u00ean ku j\u00eeyana xwe dixin metirs\u00eey\u00ea de \u00fb derbas\u00ee zindan dibin da ku agah\u00eeya rojane bigih\u00eenin milet. Her sal di aheng\u00ean Roja C\u00eehan\u00ee ya Azad\u00eeya Rojnameger\u00ee de, xelata UNISCOy\u00ea ya c\u00eehan\u00ee bo azad\u00eeya Rojnameger\u00eey\u00ea (<\/span><span style=\"font-weight: 400;\">Guillermo Cano<\/span><span style=\"font-weight: 400;\">) digih\u00ea rojnamegerek\u00ee ku kar\u00ea w\u00ee di war\u00ea berevan\u00eeya di ber azad\u00eeya rojnameger\u00eey\u00ea de balk\u00ea\u015f b\u00fb.<\/span><\/p>\n<p style=\"direction: ltr;\"><b>&#8220;eger hem\u00fb xelk xwed\u00ee ner\u00eenek\u00ea bin, \u00fb yek bi ten\u00ea heye ku ner\u00eena w\u00ee cuha ye, b\u00eadengikirina v\u00ee yek\u00ee dim\u00eene b\u00eadenkirina y\u00ean din ji al\u00eey\u00ea w\u00ee yek\u00ee ve eger h\u00eaza w\u00ee al\u00eekar ba&#8221;<\/b><\/p>\n<p style=\"direction: ltr; padding-left: 180px;\">John Stewart Mil<\/p>\n<p style=\"direction: ltr;\"><span style=\"font-weight: 400;\">Weke ku azad\u00eeya derbir\u00een\u00ea m\u00eerateyeke mirov\u00ee ku bisedsalan \u015fore\u015f \u00fb xebat ji bo w\u00ea hatiye kirin, hewldan\u00ean kontrolkirina li ser j\u00ee b\u00fbye diyardeyeke c\u00eehan\u00ee bi gelek c\u00fbreyan t\u00eane me\u015fandin, desthilata ol\u00ee z\u00fbbiz\u00fb bi metirs\u00eeya w\u00ea agahdar b\u00fb ji lew re d\u00ear\u00ea \u00e7apkirina ku Yohena Gutenberg di sala 1452yan \u00e7\u00eakir, qedexe kir \u00fb ew nalet kir \u00fb ten\u00ea di 1995an de, naleta xwe li ser hilan\u00ee, her weha Omer Bin Elas tu zehmet\u00ee di \u015fewitandina pirt\u00fbkxaneya \u00ceskender\u00eeye de pi\u015ft\u00ee vekirina Misir\u00ea ned\u00eet bitaybet pi\u015ft\u00ee ku p\u00eerozbah\u00ee ji desthilata ol\u00ee wegirt.<\/span><\/p>\n<p style=\"direction: ltr;\"><span style=\"font-weight: 400;\">Maf\u00ea azad\u00eeya derbir\u00een\u00ea mafek\u00ee mirov\u00ea takekes \u00ea sereke ye ku ti\u015ftek ji bil\u00ee maf\u00ea j\u00eey\u00een\u00ea di ser de tuneye. Ew bi xwe mafeke eger ner\u00eena ku t\u00ea derbirandin rast be an \u015fa\u015f be, ew\u00eakir\u00ee an nefretkir\u00ee be ji al\u00ee pirjimar an k\u00eamjimarek\u00ea an j\u00ee ji al\u00eey\u00ea hik\u00fbmet\u00ea. Mafek\u00ee sade ye ne gir\u00eaday\u00ee dem, cih \u00fb j\u00eengeh\u00ea. Nabe ku bi tu awayan maf\u00ea azad\u00eeya derbir\u00een\u00ea were were s\u00eenordarkirin ji bil\u00ee w\u00ea \u00e7axa ku ev maf gef\u00ea li j\u00eeyana w\u00ee mirov\u00ee an mirovine din dixwe. Gurkirina li ser tund\u00ee \u00fb ku\u015ftin\u00ea nakevin \u00e7ar\u00e7oveya azad\u00eeya derbir\u00een\u00ea ji ber ku kesine b\u00eaguneh bi sedema w\u00ea t\u00eane ku\u015ftin, wate; ew dibe sedema binp\u00eakirina maf\u00ea j\u00eey\u00eena kesine din, maf\u00ea j\u00eey\u00een\u00ea j\u00ee di ser maf\u00ea derbir\u00een\u00ea de ye.<\/span><\/p>\n<p style=\"direction: ltr; padding-left: 60px;\"><b>&#8221; ji maf\u00ea her mirov\u00ee ye ku ew ner\u00eena xwe bi azad\u00ee \u00fb e\u015fkeret\u00ee b\u00eaje,<br \/>\nbiniv\u00eese an bi \u00e7i away\u00ee be derbibire&#8221; <\/b><\/p>\n<p style=\"direction: ltr; padding-left: 210px;\">Madeya 38an ji Dest\u00fbra S\u00fbryey\u00ee<\/p>\n<p style=\"direction: ltr;\"><span style=\"font-weight: 400;\">Maf\u00ea derbir\u00een\u00ea di koka xwe de maf\u00ea t\u00eakildar\u00ee \u00fb naskirin\u00ea ye. T\u00eakil\u00eeya mirov bi mirovine din re, t\u00eakil\u00eeya w\u00ee bi gir\u00fbpa w\u00ee \u00fb gir\u00fbp\u00ean din \u00ean n\u00eaz\u00eek \u00fb d\u00fbr re. maf\u00ea t\u00eakildar\u00ee \u00fb naskirin\u00ea bi away\u00ean devk\u00ee, niv\u00eesk\u00ee, x\u00eazkirin \u00fb tems\u00eel\u00ea t\u00ea bican\u00een.<\/span><\/p>\n<p style=\"direction: ltr;\"><span style=\"font-weight: 400;\">\u00a0<\/span><\/p>\n","protected":false},"excerpt":{"rendered":"<p>&#8220;Away\u00ea her\u00ee ba\u015f bo naskirina rast\u00eey\u00ea, dan\u00fbstendina azad e \u00fb sedema qedexekirina v\u00ee ti\u015ft\u00ee, tirsa diyarb\u00fbna rast\u00eey\u00ea ye&#8221; Andrea Shedenios Mirovah\u00ee di gelek qonaxan de derbas b\u00fbye ta ku azad\u00eeya derbir\u00een\u00ea \u2013derg\u00fb\u015fa azad\u00eeya ragihandin\u00ea- b\u00fbye m\u00eerateyeke mirov\u00ee \u00e7esipand\u00ee ku ast\u00ean w\u00ea li gor civak\u00ea, bingeha w\u00ea ya ab\u00fbr\u00ee \u00fb civak\u00ee \u00fb p\u00ea\u015fve\u00e7\u00fbn\u00ean w\u00ea y\u00ean siyas\u00ee, [&hellip;]<\/p>\n","protected":false},"author":24,"featured_media":0,"parent":0,"menu_order":0,"comment_status":"closed","ping_status":"closed","template":"","meta":{"_acf_changed":false,"footnotes":""},"class_list":["post-180675","page","type-page","status-publish","hentry","post-wrapper"],"acf":[],"yoast_head":"<!-- This site is optimized with the Yoast SEO Premium plugin v20.6 (Yoast SEO v26.5) - https:\/\/yoast.com\/wordpress\/plugins\/seo\/ -->\n<title>Introduction: - \u0627\u0644\u0645\u0631\u0643\u0632 \u0627\u0644\u0633\u0648\u0631\u064a \u0644\u0644\u0625\u0639\u0644\u0627\u0645 \u0648\u062d\u0631\u064a\u0629 \u0627\u0644\u062a\u0639\u0628\u064a\u0631 Syrian Center for Media and Freedom of Expression<\/title>\n<meta name=\"robots\" content=\"index, follow, max-snippet:-1, max-image-preview:large, max-video-preview:-1\" \/>\n<link rel=\"canonical\" href=\"https:\/\/scm.bz\/about-us\/\" \/>\n<meta property=\"og:locale\" content=\"en_US\" \/>\n<meta property=\"og:type\" content=\"article\" \/>\n<meta property=\"og:title\" content=\"Introduction:\" \/>\n<meta property=\"og:description\" content=\"&#8220;Away\u00ea her\u00ee ba\u015f bo naskirina rast\u00eey\u00ea, dan\u00fbstendina azad e \u00fb sedema qedexekirina v\u00ee ti\u015ft\u00ee, tirsa diyarb\u00fbna rast\u00eey\u00ea ye&#8221; Andrea Shedenios Mirovah\u00ee di gelek qonaxan de derbas b\u00fbye ta ku azad\u00eeya derbir\u00een\u00ea \u2013derg\u00fb\u015fa azad\u00eeya ragihandin\u00ea- b\u00fbye m\u00eerateyeke mirov\u00ee \u00e7esipand\u00ee ku ast\u00ean w\u00ea li gor civak\u00ea, bingeha w\u00ea ya ab\u00fbr\u00ee \u00fb civak\u00ee \u00fb p\u00ea\u015fve\u00e7\u00fbn\u00ean w\u00ea y\u00ean siyas\u00ee,\" \/>\n<meta property=\"og:url\" content=\"https:\/\/scm.bz\/about-us\/\" \/>\n<meta property=\"og:site_name\" content=\"\u0627\u0644\u0645\u0631\u0643\u0632 \u0627\u0644\u0633\u0648\u0631\u064a \u0644\u0644\u0625\u0639\u0644\u0627\u0645 \u0648\u062d\u0631\u064a\u0629 \u0627\u0644\u062a\u0639\u0628\u064a\u0631 Syrian Center for Media and Freedom of Expression\" \/>\n<meta property=\"article:publisher\" content=\"https:\/\/www.facebook.com\/scm.center\" \/>\n<meta property=\"og:image\" content=\"https:\/\/scm.bz\/wp-content\/uploads\/2021\/01\/SCM-logo-1-with-Clear-Space-1-2.png\" \/>\n\t<meta property=\"og:image:width\" content=\"1450\" \/>\n\t<meta property=\"og:image:height\" content=\"1450\" \/>\n\t<meta property=\"og:image:type\" content=\"image\/png\" \/>\n<meta name=\"twitter:card\" content=\"summary_large_image\" \/>\n<meta name=\"twitter:site\" content=\"@SyrianCenter\" \/>\n<meta name=\"twitter:label1\" content=\"Est. reading time\" \/>\n\t<meta name=\"twitter:data1\" content=\"5 minutes\" \/>\n<script type=\"application\/ld+json\" class=\"yoast-schema-graph\">{\"@context\":\"https:\/\/schema.org\",\"@graph\":[{\"@type\":\"WebPage\",\"@id\":\"https:\/\/scm.bz\/about-us\/\",\"url\":\"https:\/\/scm.bz\/about-us\/\",\"name\":\"Introduction: - \u0627\u0644\u0645\u0631\u0643\u0632 \u0627\u0644\u0633\u0648\u0631\u064a \u0644\u0644\u0625\u0639\u0644\u0627\u0645 \u0648\u062d\u0631\u064a\u0629 \u0627\u0644\u062a\u0639\u0628\u064a\u0631 Syrian Center for Media and Freedom of Expression\",\"isPartOf\":{\"@id\":\"https:\/\/scm.bz\/#website\"},\"datePublished\":\"2016-12-22T13:59:08+00:00\",\"breadcrumb\":{\"@id\":\"https:\/\/scm.bz\/about-us\/#breadcrumb\"},\"inLanguage\":\"kmr\",\"potentialAction\":[{\"@type\":\"ReadAction\",\"target\":[\"https:\/\/scm.bz\/about-us\/\"]}]},{\"@type\":\"BreadcrumbList\",\"@id\":\"https:\/\/scm.bz\/about-us\/#breadcrumb\",\"itemListElement\":[{\"@type\":\"ListItem\",\"position\":1,\"name\":\"Home\",\"item\":\"https:\/\/scm.bz\/kmr\/\"},{\"@type\":\"ListItem\",\"position\":2,\"name\":\"Introduction:\"}]},{\"@type\":\"WebSite\",\"@id\":\"https:\/\/scm.bz\/#website\",\"url\":\"https:\/\/scm.bz\/\",\"name\":\"\u0627\u0644\u0645\u0631\u0643\u0632 \u0627\u0644\u0633\u0648\u0631\u064a \u0644\u0644\u0625\u0639\u0644\u0627\u0645 \u0648\u062d\u0631\u064a\u0629 \u0627\u0644\u062a\u0639\u0628\u064a\u0631 Syrian Center for Media and Freedom of Expression\",\"description\":\"\",\"publisher\":{\"@id\":\"https:\/\/scm.bz\/#organization\"},\"potentialAction\":[{\"@type\":\"SearchAction\",\"target\":{\"@type\":\"EntryPoint\",\"urlTemplate\":\"https:\/\/scm.bz\/?s={search_term_string}\"},\"query-input\":{\"@type\":\"PropertyValueSpecification\",\"valueRequired\":true,\"valueName\":\"search_term_string\"}}],\"inLanguage\":\"kmr\"},{\"@type\":\"Organization\",\"@id\":\"https:\/\/scm.bz\/#organization\",\"name\":\"\u0627\u0644\u0645\u0631\u0643\u0632 \u0627\u0644\u0633\u0648\u0631\u064a \u0644\u0644\u0625\u0639\u0644\u0627\u0645 \u0648\u062d\u0631\u064a\u0629 \u0627\u0644\u062a\u0639\u0628\u064a\u0631 Syrian Center for Media and Freedom of Expression\",\"url\":\"https:\/\/scm.bz\/\",\"logo\":{\"@type\":\"ImageObject\",\"inLanguage\":\"kmr\",\"@id\":\"https:\/\/scm.bz\/#\/schema\/logo\/image\/\",\"url\":\"http:\/\/scm.bz\/wp-content\/uploads\/2021\/01\/SCM-logo-1-with-Clear-Space-1-2.png\",\"contentUrl\":\"http:\/\/scm.bz\/wp-content\/uploads\/2021\/01\/SCM-logo-1-with-Clear-Space-1-2.png\",\"width\":1450,\"height\":1450,\"caption\":\"\u0627\u0644\u0645\u0631\u0643\u0632 \u0627\u0644\u0633\u0648\u0631\u064a \u0644\u0644\u0625\u0639\u0644\u0627\u0645 \u0648\u062d\u0631\u064a\u0629 \u0627\u0644\u062a\u0639\u0628\u064a\u0631 Syrian Center for Media and Freedom of Expression\"},\"image\":{\"@id\":\"https:\/\/scm.bz\/#\/schema\/logo\/image\/\"},\"sameAs\":[\"https:\/\/www.facebook.com\/scm.center\",\"https:\/\/x.com\/SyrianCenter\"]}]}<\/script>\n<!-- \/ Yoast SEO Premium plugin. -->","yoast_head_json":{"title":"Introduction: - \u0627\u0644\u0645\u0631\u0643\u0632 \u0627\u0644\u0633\u0648\u0631\u064a \u0644\u0644\u0625\u0639\u0644\u0627\u0645 \u0648\u062d\u0631\u064a\u0629 \u0627\u0644\u062a\u0639\u0628\u064a\u0631 Syrian Center for Media and Freedom of Expression","robots":{"index":"index","follow":"follow","max-snippet":"max-snippet:-1","max-image-preview":"max-image-preview:large","max-video-preview":"max-video-preview:-1"},"canonical":"https:\/\/scm.bz\/about-us\/","og_locale":"en_US","og_type":"article","og_title":"Introduction:","og_description":"&#8220;Away\u00ea her\u00ee ba\u015f bo naskirina rast\u00eey\u00ea, dan\u00fbstendina azad e \u00fb sedema qedexekirina v\u00ee ti\u015ft\u00ee, tirsa diyarb\u00fbna rast\u00eey\u00ea ye&#8221; Andrea Shedenios Mirovah\u00ee di gelek qonaxan de derbas b\u00fbye ta ku azad\u00eeya derbir\u00een\u00ea \u2013derg\u00fb\u015fa azad\u00eeya ragihandin\u00ea- b\u00fbye m\u00eerateyeke mirov\u00ee \u00e7esipand\u00ee ku ast\u00ean w\u00ea li gor civak\u00ea, bingeha w\u00ea ya ab\u00fbr\u00ee \u00fb civak\u00ee \u00fb p\u00ea\u015fve\u00e7\u00fbn\u00ean w\u00ea y\u00ean siyas\u00ee,","og_url":"https:\/\/scm.bz\/about-us\/","og_site_name":"\u0627\u0644\u0645\u0631\u0643\u0632 \u0627\u0644\u0633\u0648\u0631\u064a \u0644\u0644\u0625\u0639\u0644\u0627\u0645 \u0648\u062d\u0631\u064a\u0629 \u0627\u0644\u062a\u0639\u0628\u064a\u0631 Syrian Center for Media and Freedom of Expression","article_publisher":"https:\/\/www.facebook.com\/scm.center","og_image":[{"width":1450,"height":1450,"url":"https:\/\/scm.bz\/wp-content\/uploads\/2021\/01\/SCM-logo-1-with-Clear-Space-1-2.png","type":"image\/png"}],"twitter_card":"summary_large_image","twitter_site":"@SyrianCenter","twitter_misc":{"Est. reading time":"5 minutes"},"schema":{"@context":"https:\/\/schema.org","@graph":[{"@type":"WebPage","@id":"https:\/\/scm.bz\/about-us\/","url":"https:\/\/scm.bz\/about-us\/","name":"Introduction: - \u0627\u0644\u0645\u0631\u0643\u0632 \u0627\u0644\u0633\u0648\u0631\u064a \u0644\u0644\u0625\u0639\u0644\u0627\u0645 \u0648\u062d\u0631\u064a\u0629 \u0627\u0644\u062a\u0639\u0628\u064a\u0631 Syrian Center for Media and Freedom of Expression","isPartOf":{"@id":"https:\/\/scm.bz\/#website"},"datePublished":"2016-12-22T13:59:08+00:00","breadcrumb":{"@id":"https:\/\/scm.bz\/about-us\/#breadcrumb"},"inLanguage":"kmr","potentialAction":[{"@type":"ReadAction","target":["https:\/\/scm.bz\/about-us\/"]}]},{"@type":"BreadcrumbList","@id":"https:\/\/scm.bz\/about-us\/#breadcrumb","itemListElement":[{"@type":"ListItem","position":1,"name":"Home","item":"https:\/\/scm.bz\/kmr\/"},{"@type":"ListItem","position":2,"name":"Introduction:"}]},{"@type":"WebSite","@id":"https:\/\/scm.bz\/#website","url":"https:\/\/scm.bz\/","name":"\u0627\u0644\u0645\u0631\u0643\u0632 \u0627\u0644\u0633\u0648\u0631\u064a \u0644\u0644\u0625\u0639\u0644\u0627\u0645 \u0648\u062d\u0631\u064a\u0629 \u0627\u0644\u062a\u0639\u0628\u064a\u0631 Syrian Center for Media and Freedom of Expression","description":"","publisher":{"@id":"https:\/\/scm.bz\/#organization"},"potentialAction":[{"@type":"SearchAction","target":{"@type":"EntryPoint","urlTemplate":"https:\/\/scm.bz\/?s={search_term_string}"},"query-input":{"@type":"PropertyValueSpecification","valueRequired":true,"valueName":"search_term_string"}}],"inLanguage":"kmr"},{"@type":"Organization","@id":"https:\/\/scm.bz\/#organization","name":"\u0627\u0644\u0645\u0631\u0643\u0632 \u0627\u0644\u0633\u0648\u0631\u064a \u0644\u0644\u0625\u0639\u0644\u0627\u0645 \u0648\u062d\u0631\u064a\u0629 \u0627\u0644\u062a\u0639\u0628\u064a\u0631 Syrian Center for Media and Freedom of Expression","url":"https:\/\/scm.bz\/","logo":{"@type":"ImageObject","inLanguage":"kmr","@id":"https:\/\/scm.bz\/#\/schema\/logo\/image\/","url":"http:\/\/scm.bz\/wp-content\/uploads\/2021\/01\/SCM-logo-1-with-Clear-Space-1-2.png","contentUrl":"http:\/\/scm.bz\/wp-content\/uploads\/2021\/01\/SCM-logo-1-with-Clear-Space-1-2.png","width":1450,"height":1450,"caption":"\u0627\u0644\u0645\u0631\u0643\u0632 \u0627\u0644\u0633\u0648\u0631\u064a \u0644\u0644\u0625\u0639\u0644\u0627\u0645 \u0648\u062d\u0631\u064a\u0629 \u0627\u0644\u062a\u0639\u0628\u064a\u0631 Syrian Center for Media and Freedom of Expression"},"image":{"@id":"https:\/\/scm.bz\/#\/schema\/logo\/image\/"},"sameAs":["https:\/\/www.facebook.com\/scm.center","https:\/\/x.com\/SyrianCenter"]}]}},"_links":{"self":[{"href":"https:\/\/scm.bz\/kmr\/wp-json\/wp\/v2\/pages\/180675","targetHints":{"allow":["GET"]}}],"collection":[{"href":"https:\/\/scm.bz\/kmr\/wp-json\/wp\/v2\/pages"}],"about":[{"href":"https:\/\/scm.bz\/kmr\/wp-json\/wp\/v2\/types\/page"}],"author":[{"embeddable":true,"href":"https:\/\/scm.bz\/kmr\/wp-json\/wp\/v2\/users\/24"}],"replies":[{"embeddable":true,"href":"https:\/\/scm.bz\/kmr\/wp-json\/wp\/v2\/comments?post=180675"}],"version-history":[{"count":0,"href":"https:\/\/scm.bz\/kmr\/wp-json\/wp\/v2\/pages\/180675\/revisions"}],"wp:attachment":[{"href":"https:\/\/scm.bz\/kmr\/wp-json\/wp\/v2\/media?parent=180675"}],"curies":[{"name":"wp","href":"https:\/\/api.w.org\/{rel}","templated":true}]}}