{"id":180665,"date":"2017-03-12T00:45:25","date_gmt":"2017-03-11T22:45:25","guid":{"rendered":"https:\/\/scm.bz\/lepirsin-u-dadmendiya-veguhez"},"modified":"2017-03-12T00:45:25","modified_gmt":"2017-03-11T22:45:25","slug":"lepirsin-u-dadmendiya-veguhez","status":"publish","type":"page","link":"https:\/\/scm.bz\/kmr\/lepirsin-u-dadmendiya-veguhez\/","title":{"rendered":"L\u00eapirs\u00een \u00fb dadmend\u00eeya veguh\u00eaz"},"content":{"rendered":"<p dir=\"ltr\"><span style=\"font-weight: 400;\">B\u00eahtir\u00ee deh salan, Navenda S\u00fbr\u00eeyey\u00ee ya Ragihandin\u00ea \u00fb Azad\u00eeya Derbir\u00eena (SCM) li hundir \u00fb dervey\u00ee S\u00fbr\u00eeyey\u00ee di war\u00ea berevan\u00eeya di ber binp\u00eakirin\u00ean maf\u00ean mirovan \u00fb \u00e7esipandina rola l\u00eapirs\u00een\u00ea de. Em binp\u00eakirinan belge dikin \u00fb peytan berhev dikin \u00fb doze ava dikin da ku em wan ji bo hola dadmend\u00eey\u00ea p\u00ea\u015fk\u00ea\u015f dikin.<\/span><\/p>\n<p dir=\"ltr\"><span style=\"font-weight: 400;\">Di sala 2017an de j\u00ee em di war\u00ea pi\u015ftgir\u00eeya dozan de li hundir\u00ea S\u00fbr\u00eeyey\u00ea \u00fb avakirin \u00fb pi\u015ftgir\u00eeya dozan li Ewropay\u00ea berdewam in her weha em fi\u015far\u00ea dikin da ku civaka siv\u00eel a S\u00fbr\u00eeyey\u00ee b\u00eahtir xwed\u00ee rol be di l\u00eapirs\u00eenan de, ev yek j\u00ee di \u00e7ar\u00e7oveya kar\u00ea dadmend\u00eeya navdewlet\u00ee m\u00eena &#8220;Kom\u00eeta Navdewlet\u00ee ya Serbixwe bo L\u00eapirs\u00eenan li S\u00fbr\u00eeyey\u00ea&#8221;, her\u00ee daw\u00ee j\u00ee biryara komeleya gi\u015ft\u00ee ya ku awayek\u00ee navdewlet\u00ee n\u00fb, b\u00eaal\u00ee \u00fb serbixwe bo al\u00eekar\u00eeya di l\u00eapirs\u00eenan de \u00fb dadgehkirina berpirs\u00ean tawan\u00ean metirs\u00eedar y\u00ean ku ji adara 2011an ve li S\u00fbr\u00eeyey\u00ea hatine kirin li gor &#8220;qan\u00fbn\u00ean navdewlet\u00ee&#8221;, \u00e7\u00eakir.<\/span><\/p>\n<p dir=\"ltr\"><span style=\"font-weight: 400;\">Bo pi\u015ftgir\u00eeya qurban\u00eey\u00ean binp\u00eakirin\u00ean maf\u00ean mirovan li S\u00fbr\u00eeyey\u00ea, Navenda S\u00fbr\u00eeyey\u00ee ya Ragihandin\u00ea \u00fb Azad\u00eeya Derbir\u00een\u00ea pi\u015ftgir\u00eeya bi sed\u00ean kesan kiriye \u00fb h\u00ea j\u00ee di kar\u00ea berevan\u00eeya di ber qurban\u00eey\u00ean \u00e7ewisandin\u00ea de berdewam e.<\/span><\/p>\n<p dir=\"ltr\" style=\"direction: ltr;\">\n<p dir=\"ltr\"><span style=\"font-weight: 400;\">Ji sala 2008an ve, em li gel hevkar\u00ean xwe li Ewropay\u00ea kar dikin da ku em dozan li dij\u00ee kes\u00ean ku maf\u00ean mirovan bin p\u00ea dikin \u00fb tawan\u00ean dij\u00ee mirovah\u00eey\u00ea p\u00eak t\u00eenin, hildin bo &#8220;destey\u00ean dadmend\u00eey\u00ean y\u00ean ni\u015ftiman\u00ee&#8221;. Ji lew re; Navenda S\u00fbr\u00eeyey\u00ee ya Ragihandin\u00ea \u00fb Azad\u00eeya Derbir\u00een\u00ea hevkar e li gel r\u00eaxistin\u00ean maf\u00ean mirovan y\u00ean ewrop\u00ee ji nav wan j\u00ee &#8220;Yek\u00eet\u00eeya Navdewlet\u00ee ya Maf\u00ean Mirovan (FIDH)&#8221; \u00fb &#8220;Navenda Ewrop\u00ee ya Maf\u00ean Dest\u00fbr\u00ee \u00fb Maf\u00ean Mirovan&#8221; her weha r\u00eaxistin\u00ean Maf\u00ean Mirovan y\u00ea S\u00fbr\u00eeyey\u00ee.<\/span><\/p>\n<p dir=\"ltr\"><span style=\"font-weight: 400;\">Di 1\u00ea adara 2017an de, Navenda S\u00fbr\u00eeyey\u00ee ya Ragihandin\u00ea \u00fb Azad\u00eeya Derbir\u00een\u00ea li gel heft daxwazker\u00ean ji S\u00fbr\u00eeyey\u00ea her weha par\u00eazer &#8220;Enwer Elbun\u00ee&#8221; r\u00eaveber\u00ea &#8220;Navenda S\u00fbr\u00eeyey\u00ee ya L\u00eakol\u00een\u00ean Qan\u00fbn\u00ee \u00fb Xwendinan&#8221; \u00fb &#8220;Navenda Ewrop\u00ee ya Maf\u00ean Mirovan \u00fb Maf\u00ean Dest\u00fbr\u00ee&#8221;, yekem\u00een gil\u00ee dij\u00ee \u015fe\u015f berpirs\u00ean pilebilind ku di Muxaberata S\u00fbr\u00eeyey\u00ee de kar dikin hate p\u00ea\u015fk\u00ea\u015fkirin. Gil\u00ee ji bo niv\u00eesgeha dozger\u00ea gi\u015ft\u00ee y\u00ea Alman hate p\u00ea\u015fk\u00ea\u015fkirin \u00fb behsa tawan\u00ean ceng\u00ea \u00fb y\u00ean dij\u00ee mirovah\u00ee ku di s\u00ea zindan\u00ean gir\u00eaday\u00ee muxaberata le\u015fker\u00ee de li S\u00fbr\u00eeyey\u00ea \u00e7\u00eab\u00fbne.<\/span><\/p>\n<p dir=\"ltr\" style=\"direction: ltr;\"><span style=\"font-weight: 400;\">Navenda S\u00fbr\u00eeyey\u00ee ya Ragihandin\u00ea \u00fb Azad\u00eeya Derbir\u00een\u00ea endam e di &#8220;T\u00eema Hevr\u00eazkirin\u00ea ji bo Dadmend\u00eeya veguh\u00eaz&#8221;.<\/span><\/p>\n","protected":false},"excerpt":{"rendered":"<p>B\u00eahtir\u00ee deh salan, Navenda S\u00fbr\u00eeyey\u00ee ya Ragihandin\u00ea \u00fb Azad\u00eeya Derbir\u00eena (SCM) li hundir \u00fb dervey\u00ee S\u00fbr\u00eeyey\u00ee di war\u00ea berevan\u00eeya di ber binp\u00eakirin\u00ean maf\u00ean mirovan \u00fb \u00e7esipandina rola l\u00eapirs\u00een\u00ea de. Em binp\u00eakirinan belge dikin \u00fb peytan berhev dikin \u00fb doze ava dikin da ku em wan ji bo hola dadmend\u00eey\u00ea p\u00ea\u015fk\u00ea\u015f dikin. Di sala 2017an de [&hellip;]<\/p>\n","protected":false},"author":24,"featured_media":0,"parent":0,"menu_order":0,"comment_status":"closed","ping_status":"closed","template":"","meta":{"_acf_changed":false,"footnotes":""},"class_list":["post-180665","page","type-page","status-publish","hentry","post-wrapper"],"acf":[],"yoast_head":"<!-- This site is optimized with the Yoast SEO Premium plugin v20.6 (Yoast SEO v26.5) - https:\/\/yoast.com\/wordpress\/plugins\/seo\/ -->\n<title>L\u00eapirs\u00een \u00fb dadmend\u00eeya veguh\u00eaz - \u0627\u0644\u0645\u0631\u0643\u0632 \u0627\u0644\u0633\u0648\u0631\u064a \u0644\u0644\u0625\u0639\u0644\u0627\u0645 \u0648\u062d\u0631\u064a\u0629 \u0627\u0644\u062a\u0639\u0628\u064a\u0631 Syrian Center for Media and Freedom of Expression<\/title>\n<meta name=\"robots\" content=\"index, follow, max-snippet:-1, max-image-preview:large, max-video-preview:-1\" \/>\n<link rel=\"canonical\" href=\"https:\/\/scm.bz\/\u0627\u0644\u0645\u0633\u0627\u0621\u0644\u0629-\u0648\u0627\u0644\u0639\u062f\u0627\u0644\u0629-\u0627\u0644\u0627\u0646\u062a\u0642\u0627\u0644\u064a\u0629\/\" \/>\n<meta property=\"og:locale\" content=\"en_US\" \/>\n<meta property=\"og:type\" content=\"article\" \/>\n<meta property=\"og:title\" content=\"L\u00eapirs\u00een \u00fb dadmend\u00eeya veguh\u00eaz\" \/>\n<meta property=\"og:description\" content=\"B\u00eahtir\u00ee deh salan, Navenda S\u00fbr\u00eeyey\u00ee ya Ragihandin\u00ea \u00fb Azad\u00eeya Derbir\u00eena (SCM) li hundir \u00fb dervey\u00ee S\u00fbr\u00eeyey\u00ee di war\u00ea berevan\u00eeya di ber binp\u00eakirin\u00ean maf\u00ean mirovan \u00fb \u00e7esipandina rola l\u00eapirs\u00een\u00ea de. Em binp\u00eakirinan belge dikin \u00fb peytan berhev dikin \u00fb doze ava dikin da ku em wan ji bo hola dadmend\u00eey\u00ea p\u00ea\u015fk\u00ea\u015f dikin. Di sala 2017an de\" \/>\n<meta property=\"og:url\" content=\"https:\/\/scm.bz\/\u0627\u0644\u0645\u0633\u0627\u0621\u0644\u0629-\u0648\u0627\u0644\u0639\u062f\u0627\u0644\u0629-\u0627\u0644\u0627\u0646\u062a\u0642\u0627\u0644\u064a\u0629\/\" \/>\n<meta property=\"og:site_name\" content=\"\u0627\u0644\u0645\u0631\u0643\u0632 \u0627\u0644\u0633\u0648\u0631\u064a \u0644\u0644\u0625\u0639\u0644\u0627\u0645 \u0648\u062d\u0631\u064a\u0629 \u0627\u0644\u062a\u0639\u0628\u064a\u0631 Syrian Center for Media and Freedom of Expression\" \/>\n<meta property=\"article:publisher\" content=\"https:\/\/www.facebook.com\/scm.center\" \/>\n<meta property=\"og:image\" content=\"https:\/\/scm.bz\/wp-content\/uploads\/2021\/01\/SCM-logo-1-with-Clear-Space-1-2.png\" \/>\n\t<meta property=\"og:image:width\" content=\"1450\" \/>\n\t<meta property=\"og:image:height\" content=\"1450\" \/>\n\t<meta property=\"og:image:type\" content=\"image\/png\" \/>\n<meta name=\"twitter:card\" content=\"summary_large_image\" \/>\n<meta name=\"twitter:site\" content=\"@SyrianCenter\" \/>\n<meta name=\"twitter:label1\" content=\"Est. reading time\" \/>\n\t<meta name=\"twitter:data1\" content=\"2 minutes\" \/>\n<script type=\"application\/ld+json\" class=\"yoast-schema-graph\">{\"@context\":\"https:\/\/schema.org\",\"@graph\":[{\"@type\":\"WebPage\",\"@id\":\"https:\/\/scm.bz\/%d8%a7%d9%84%d9%85%d8%b3%d8%a7%d8%a1%d9%84%d8%a9-%d9%88%d8%a7%d9%84%d8%b9%d8%af%d8%a7%d9%84%d8%a9-%d8%a7%d9%84%d8%a7%d9%86%d8%aa%d9%82%d8%a7%d9%84%d9%8a%d8%a9\/\",\"url\":\"https:\/\/scm.bz\/%d8%a7%d9%84%d9%85%d8%b3%d8%a7%d8%a1%d9%84%d8%a9-%d9%88%d8%a7%d9%84%d8%b9%d8%af%d8%a7%d9%84%d8%a9-%d8%a7%d9%84%d8%a7%d9%86%d8%aa%d9%82%d8%a7%d9%84%d9%8a%d8%a9\/\",\"name\":\"L\u00eapirs\u00een \u00fb dadmend\u00eeya veguh\u00eaz - \u0627\u0644\u0645\u0631\u0643\u0632 \u0627\u0644\u0633\u0648\u0631\u064a \u0644\u0644\u0625\u0639\u0644\u0627\u0645 \u0648\u062d\u0631\u064a\u0629 \u0627\u0644\u062a\u0639\u0628\u064a\u0631 Syrian Center for Media and Freedom of Expression\",\"isPartOf\":{\"@id\":\"https:\/\/scm.bz\/#website\"},\"datePublished\":\"2017-03-11T22:45:25+00:00\",\"breadcrumb\":{\"@id\":\"https:\/\/scm.bz\/%d8%a7%d9%84%d9%85%d8%b3%d8%a7%d8%a1%d9%84%d8%a9-%d9%88%d8%a7%d9%84%d8%b9%d8%af%d8%a7%d9%84%d8%a9-%d8%a7%d9%84%d8%a7%d9%86%d8%aa%d9%82%d8%a7%d9%84%d9%8a%d8%a9\/#breadcrumb\"},\"inLanguage\":\"kmr\",\"potentialAction\":[{\"@type\":\"ReadAction\",\"target\":[\"https:\/\/scm.bz\/%d8%a7%d9%84%d9%85%d8%b3%d8%a7%d8%a1%d9%84%d8%a9-%d9%88%d8%a7%d9%84%d8%b9%d8%af%d8%a7%d9%84%d8%a9-%d8%a7%d9%84%d8%a7%d9%86%d8%aa%d9%82%d8%a7%d9%84%d9%8a%d8%a9\/\"]}]},{\"@type\":\"BreadcrumbList\",\"@id\":\"https:\/\/scm.bz\/%d8%a7%d9%84%d9%85%d8%b3%d8%a7%d8%a1%d9%84%d8%a9-%d9%88%d8%a7%d9%84%d8%b9%d8%af%d8%a7%d9%84%d8%a9-%d8%a7%d9%84%d8%a7%d9%86%d8%aa%d9%82%d8%a7%d9%84%d9%8a%d8%a9\/#breadcrumb\",\"itemListElement\":[{\"@type\":\"ListItem\",\"position\":1,\"name\":\"Home\",\"item\":\"https:\/\/scm.bz\/kmr\/\"},{\"@type\":\"ListItem\",\"position\":2,\"name\":\"L\u00eapirs\u00een \u00fb dadmend\u00eeya veguh\u00eaz\"}]},{\"@type\":\"WebSite\",\"@id\":\"https:\/\/scm.bz\/#website\",\"url\":\"https:\/\/scm.bz\/\",\"name\":\"\u0627\u0644\u0645\u0631\u0643\u0632 \u0627\u0644\u0633\u0648\u0631\u064a \u0644\u0644\u0625\u0639\u0644\u0627\u0645 \u0648\u062d\u0631\u064a\u0629 \u0627\u0644\u062a\u0639\u0628\u064a\u0631 Syrian Center for Media and Freedom of Expression\",\"description\":\"\",\"publisher\":{\"@id\":\"https:\/\/scm.bz\/#organization\"},\"potentialAction\":[{\"@type\":\"SearchAction\",\"target\":{\"@type\":\"EntryPoint\",\"urlTemplate\":\"https:\/\/scm.bz\/?s={search_term_string}\"},\"query-input\":{\"@type\":\"PropertyValueSpecification\",\"valueRequired\":true,\"valueName\":\"search_term_string\"}}],\"inLanguage\":\"kmr\"},{\"@type\":\"Organization\",\"@id\":\"https:\/\/scm.bz\/#organization\",\"name\":\"\u0627\u0644\u0645\u0631\u0643\u0632 \u0627\u0644\u0633\u0648\u0631\u064a \u0644\u0644\u0625\u0639\u0644\u0627\u0645 \u0648\u062d\u0631\u064a\u0629 \u0627\u0644\u062a\u0639\u0628\u064a\u0631 Syrian Center for Media and Freedom of Expression\",\"url\":\"https:\/\/scm.bz\/\",\"logo\":{\"@type\":\"ImageObject\",\"inLanguage\":\"kmr\",\"@id\":\"https:\/\/scm.bz\/#\/schema\/logo\/image\/\",\"url\":\"http:\/\/scm.bz\/wp-content\/uploads\/2021\/01\/SCM-logo-1-with-Clear-Space-1-2.png\",\"contentUrl\":\"http:\/\/scm.bz\/wp-content\/uploads\/2021\/01\/SCM-logo-1-with-Clear-Space-1-2.png\",\"width\":1450,\"height\":1450,\"caption\":\"\u0627\u0644\u0645\u0631\u0643\u0632 \u0627\u0644\u0633\u0648\u0631\u064a \u0644\u0644\u0625\u0639\u0644\u0627\u0645 \u0648\u062d\u0631\u064a\u0629 \u0627\u0644\u062a\u0639\u0628\u064a\u0631 Syrian Center for Media and Freedom of Expression\"},\"image\":{\"@id\":\"https:\/\/scm.bz\/#\/schema\/logo\/image\/\"},\"sameAs\":[\"https:\/\/www.facebook.com\/scm.center\",\"https:\/\/x.com\/SyrianCenter\"]}]}<\/script>\n<!-- \/ Yoast SEO Premium plugin. -->","yoast_head_json":{"title":"L\u00eapirs\u00een \u00fb dadmend\u00eeya veguh\u00eaz - \u0627\u0644\u0645\u0631\u0643\u0632 \u0627\u0644\u0633\u0648\u0631\u064a \u0644\u0644\u0625\u0639\u0644\u0627\u0645 \u0648\u062d\u0631\u064a\u0629 \u0627\u0644\u062a\u0639\u0628\u064a\u0631 Syrian Center for Media and Freedom of Expression","robots":{"index":"index","follow":"follow","max-snippet":"max-snippet:-1","max-image-preview":"max-image-preview:large","max-video-preview":"max-video-preview:-1"},"canonical":"https:\/\/scm.bz\/\u0627\u0644\u0645\u0633\u0627\u0621\u0644\u0629-\u0648\u0627\u0644\u0639\u062f\u0627\u0644\u0629-\u0627\u0644\u0627\u0646\u062a\u0642\u0627\u0644\u064a\u0629\/","og_locale":"en_US","og_type":"article","og_title":"L\u00eapirs\u00een \u00fb dadmend\u00eeya veguh\u00eaz","og_description":"B\u00eahtir\u00ee deh salan, Navenda S\u00fbr\u00eeyey\u00ee ya Ragihandin\u00ea \u00fb Azad\u00eeya Derbir\u00eena (SCM) li hundir \u00fb dervey\u00ee S\u00fbr\u00eeyey\u00ee di war\u00ea berevan\u00eeya di ber binp\u00eakirin\u00ean maf\u00ean mirovan \u00fb \u00e7esipandina rola l\u00eapirs\u00een\u00ea de. Em binp\u00eakirinan belge dikin \u00fb peytan berhev dikin \u00fb doze ava dikin da ku em wan ji bo hola dadmend\u00eey\u00ea p\u00ea\u015fk\u00ea\u015f dikin. Di sala 2017an de","og_url":"https:\/\/scm.bz\/\u0627\u0644\u0645\u0633\u0627\u0621\u0644\u0629-\u0648\u0627\u0644\u0639\u062f\u0627\u0644\u0629-\u0627\u0644\u0627\u0646\u062a\u0642\u0627\u0644\u064a\u0629\/","og_site_name":"\u0627\u0644\u0645\u0631\u0643\u0632 \u0627\u0644\u0633\u0648\u0631\u064a \u0644\u0644\u0625\u0639\u0644\u0627\u0645 \u0648\u062d\u0631\u064a\u0629 \u0627\u0644\u062a\u0639\u0628\u064a\u0631 Syrian Center for Media and Freedom of Expression","article_publisher":"https:\/\/www.facebook.com\/scm.center","og_image":[{"width":1450,"height":1450,"url":"https:\/\/scm.bz\/wp-content\/uploads\/2021\/01\/SCM-logo-1-with-Clear-Space-1-2.png","type":"image\/png"}],"twitter_card":"summary_large_image","twitter_site":"@SyrianCenter","twitter_misc":{"Est. reading time":"2 minutes"},"schema":{"@context":"https:\/\/schema.org","@graph":[{"@type":"WebPage","@id":"https:\/\/scm.bz\/%d8%a7%d9%84%d9%85%d8%b3%d8%a7%d8%a1%d9%84%d8%a9-%d9%88%d8%a7%d9%84%d8%b9%d8%af%d8%a7%d9%84%d8%a9-%d8%a7%d9%84%d8%a7%d9%86%d8%aa%d9%82%d8%a7%d9%84%d9%8a%d8%a9\/","url":"https:\/\/scm.bz\/%d8%a7%d9%84%d9%85%d8%b3%d8%a7%d8%a1%d9%84%d8%a9-%d9%88%d8%a7%d9%84%d8%b9%d8%af%d8%a7%d9%84%d8%a9-%d8%a7%d9%84%d8%a7%d9%86%d8%aa%d9%82%d8%a7%d9%84%d9%8a%d8%a9\/","name":"L\u00eapirs\u00een \u00fb dadmend\u00eeya veguh\u00eaz - \u0627\u0644\u0645\u0631\u0643\u0632 \u0627\u0644\u0633\u0648\u0631\u064a \u0644\u0644\u0625\u0639\u0644\u0627\u0645 \u0648\u062d\u0631\u064a\u0629 \u0627\u0644\u062a\u0639\u0628\u064a\u0631 Syrian Center for Media and Freedom of Expression","isPartOf":{"@id":"https:\/\/scm.bz\/#website"},"datePublished":"2017-03-11T22:45:25+00:00","breadcrumb":{"@id":"https:\/\/scm.bz\/%d8%a7%d9%84%d9%85%d8%b3%d8%a7%d8%a1%d9%84%d8%a9-%d9%88%d8%a7%d9%84%d8%b9%d8%af%d8%a7%d9%84%d8%a9-%d8%a7%d9%84%d8%a7%d9%86%d8%aa%d9%82%d8%a7%d9%84%d9%8a%d8%a9\/#breadcrumb"},"inLanguage":"kmr","potentialAction":[{"@type":"ReadAction","target":["https:\/\/scm.bz\/%d8%a7%d9%84%d9%85%d8%b3%d8%a7%d8%a1%d9%84%d8%a9-%d9%88%d8%a7%d9%84%d8%b9%d8%af%d8%a7%d9%84%d8%a9-%d8%a7%d9%84%d8%a7%d9%86%d8%aa%d9%82%d8%a7%d9%84%d9%8a%d8%a9\/"]}]},{"@type":"BreadcrumbList","@id":"https:\/\/scm.bz\/%d8%a7%d9%84%d9%85%d8%b3%d8%a7%d8%a1%d9%84%d8%a9-%d9%88%d8%a7%d9%84%d8%b9%d8%af%d8%a7%d9%84%d8%a9-%d8%a7%d9%84%d8%a7%d9%86%d8%aa%d9%82%d8%a7%d9%84%d9%8a%d8%a9\/#breadcrumb","itemListElement":[{"@type":"ListItem","position":1,"name":"Home","item":"https:\/\/scm.bz\/kmr\/"},{"@type":"ListItem","position":2,"name":"L\u00eapirs\u00een \u00fb dadmend\u00eeya veguh\u00eaz"}]},{"@type":"WebSite","@id":"https:\/\/scm.bz\/#website","url":"https:\/\/scm.bz\/","name":"\u0627\u0644\u0645\u0631\u0643\u0632 \u0627\u0644\u0633\u0648\u0631\u064a \u0644\u0644\u0625\u0639\u0644\u0627\u0645 \u0648\u062d\u0631\u064a\u0629 \u0627\u0644\u062a\u0639\u0628\u064a\u0631 Syrian Center for Media and Freedom of Expression","description":"","publisher":{"@id":"https:\/\/scm.bz\/#organization"},"potentialAction":[{"@type":"SearchAction","target":{"@type":"EntryPoint","urlTemplate":"https:\/\/scm.bz\/?s={search_term_string}"},"query-input":{"@type":"PropertyValueSpecification","valueRequired":true,"valueName":"search_term_string"}}],"inLanguage":"kmr"},{"@type":"Organization","@id":"https:\/\/scm.bz\/#organization","name":"\u0627\u0644\u0645\u0631\u0643\u0632 \u0627\u0644\u0633\u0648\u0631\u064a \u0644\u0644\u0625\u0639\u0644\u0627\u0645 \u0648\u062d\u0631\u064a\u0629 \u0627\u0644\u062a\u0639\u0628\u064a\u0631 Syrian Center for Media and Freedom of Expression","url":"https:\/\/scm.bz\/","logo":{"@type":"ImageObject","inLanguage":"kmr","@id":"https:\/\/scm.bz\/#\/schema\/logo\/image\/","url":"http:\/\/scm.bz\/wp-content\/uploads\/2021\/01\/SCM-logo-1-with-Clear-Space-1-2.png","contentUrl":"http:\/\/scm.bz\/wp-content\/uploads\/2021\/01\/SCM-logo-1-with-Clear-Space-1-2.png","width":1450,"height":1450,"caption":"\u0627\u0644\u0645\u0631\u0643\u0632 \u0627\u0644\u0633\u0648\u0631\u064a \u0644\u0644\u0625\u0639\u0644\u0627\u0645 \u0648\u062d\u0631\u064a\u0629 \u0627\u0644\u062a\u0639\u0628\u064a\u0631 Syrian Center for Media and Freedom of Expression"},"image":{"@id":"https:\/\/scm.bz\/#\/schema\/logo\/image\/"},"sameAs":["https:\/\/www.facebook.com\/scm.center","https:\/\/x.com\/SyrianCenter"]}]}},"_links":{"self":[{"href":"https:\/\/scm.bz\/kmr\/wp-json\/wp\/v2\/pages\/180665","targetHints":{"allow":["GET"]}}],"collection":[{"href":"https:\/\/scm.bz\/kmr\/wp-json\/wp\/v2\/pages"}],"about":[{"href":"https:\/\/scm.bz\/kmr\/wp-json\/wp\/v2\/types\/page"}],"author":[{"embeddable":true,"href":"https:\/\/scm.bz\/kmr\/wp-json\/wp\/v2\/users\/24"}],"replies":[{"embeddable":true,"href":"https:\/\/scm.bz\/kmr\/wp-json\/wp\/v2\/comments?post=180665"}],"version-history":[{"count":0,"href":"https:\/\/scm.bz\/kmr\/wp-json\/wp\/v2\/pages\/180665\/revisions"}],"wp:attachment":[{"href":"https:\/\/scm.bz\/kmr\/wp-json\/wp\/v2\/media?parent=180665"}],"curies":[{"name":"wp","href":"https:\/\/api.w.org\/{rel}","templated":true}]}}