{"id":180664,"date":"2017-03-12T00:47:50","date_gmt":"2017-03-11T22:47:50","guid":{"rendered":"https:\/\/scm.bz\/rewangeha-gotara-tundi-u-nefretkirine"},"modified":"2017-03-12T00:47:50","modified_gmt":"2017-03-11T22:47:50","slug":"rewangeha-gotara-tundi-u-nefretkirine","status":"publish","type":"page","link":"https:\/\/scm.bz\/kmr\/rewangeha-gotara-tundi-u-nefretkirine\/","title":{"rendered":"Rewangeha Gotara T\u00fbnd\u00ee \u00fb Nefretkirin\u00ea"},"content":{"rendered":"<p style=\"direction: ltr;\"><span style=\"font-weight: 400;\">Ji sala 2011an ve, gotara nefretkirin, tund\u00ee, terror \u00fb tunekirina jin\u00ea \u00fb k\u00eamnetewan bi awayek\u00ee metirs\u00eedar di dezgeh\u00ean ragihandin\u00ea y\u00ean S\u00fbryey\u00ee de pirtir b\u00fbye. \u015fer\u00ea xwe\u00eenrij li S\u00fbryey\u00ea seqayeke al\u00eekar bo nefretkirin\u00ea di nav p\u00eakhatey\u00ean S\u00fbryey\u00ea de \u00e7\u00eakiriye. Li \u015f\u00fbna dan\u00fbstendin\u00ean siyas\u00ee \u00fb genge\u015fekirina nakok\u00eeyan, tolhildan hat, ji lew re t\u00eagih\u00ean m\u00eena hevbor\u00een\u00ea bi pa\u015f ve \u00e7\u00fbn \u00fb t\u00eageh\u00ean ku mirovan li ser li ser nefretkirin, ku\u015ftin \u00fb w\u00earankirin\u00ea sor dikin, cih girtin. Rola dezgeh\u00ean ragihandin\u00ea j\u00ee, ji hem\u00fb al\u00eeyan di v\u00ea yek\u00ea de mezin b\u00fb.<\/span><\/p>\n<p style=\"direction: ltr;\"><span style=\"font-weight: 400;\">Di sala 2017an de, em dixwazin bandor\u00ean gotara tund\u00ee \u00fb nefretkirin\u00ea y\u00ean w\u00earanker li ser civaka S\u00fbryey\u00ee di dezgeh\u00ean ragihandin\u00ea de s\u00eenor bikin.<\/span><\/p>\n<p style=\"direction: ltr;\"><span style=\"font-weight: 400;\">Em dixwazin p\u00ea\u015f\u00ee \u00e7avd\u00ear\u00eeya dezgeh\u00ea ragihandin\u00ea y\u00ean S\u00fbryey\u00ee bikin da ku em karibin nas bikin, ta \u00e7i ast\u00ea gotara nefretkirin\u00ea t\u00ea bikaran\u00een. Pa\u015f\u00ea, em dixwazin asta hi\u015fmend\u00eeya civaka ragihandin\u00ea li S\u00fbryey\u00ea der bare bikaran\u00eena v\u00ea gotar\u00ea \u00fb encam\u00ean w\u00ea, bilind bikin.<\/span><\/p>\n<p style=\"direction: ltr;\"><span style=\"font-weight: 400;\">Di dem\u00ean b\u00ea de, Rewangeha \u00e7avd\u00ear\u00eeya gotara tund\u00ee \u00fb nefretkirin\u00ea dixwaze bikaran\u00eena v\u00ea gotar\u00ea di war\u00ea siyas\u00ee \u00fb ol\u00ee de j\u00ee tune bike.<\/span><\/p>\n","protected":false},"excerpt":{"rendered":"<p>Ji sala 2011an ve, gotara nefretkirin, tund\u00ee, terror \u00fb tunekirina jin\u00ea \u00fb k\u00eamnetewan bi awayek\u00ee metirs\u00eedar di dezgeh\u00ean ragihandin\u00ea y\u00ean S\u00fbryey\u00ee de pirtir b\u00fbye. \u015fer\u00ea xwe\u00eenrij li S\u00fbryey\u00ea seqayeke al\u00eekar bo nefretkirin\u00ea di nav p\u00eakhatey\u00ean S\u00fbryey\u00ea de \u00e7\u00eakiriye. Li \u015f\u00fbna dan\u00fbstendin\u00ean siyas\u00ee \u00fb genge\u015fekirina nakok\u00eeyan, tolhildan hat, ji lew re t\u00eagih\u00ean m\u00eena hevbor\u00een\u00ea bi pa\u015f [&hellip;]<\/p>\n","protected":false},"author":24,"featured_media":0,"parent":0,"menu_order":0,"comment_status":"closed","ping_status":"closed","template":"","meta":{"_acf_changed":false,"footnotes":""},"class_list":["post-180664","page","type-page","status-publish","hentry","post-wrapper"],"acf":[],"yoast_head":"<!-- This site is optimized with the Yoast SEO Premium plugin v20.6 (Yoast SEO v26.5) - https:\/\/yoast.com\/wordpress\/plugins\/seo\/ -->\n<title>Rewangeha Gotara T\u00fbnd\u00ee \u00fb Nefretkirin\u00ea - \u0627\u0644\u0645\u0631\u0643\u0632 \u0627\u0644\u0633\u0648\u0631\u064a \u0644\u0644\u0625\u0639\u0644\u0627\u0645 \u0648\u062d\u0631\u064a\u0629 \u0627\u0644\u062a\u0639\u0628\u064a\u0631 Syrian Center for Media and Freedom of Expression<\/title>\n<meta name=\"robots\" content=\"index, follow, max-snippet:-1, max-image-preview:large, max-video-preview:-1\" \/>\n<link rel=\"canonical\" href=\"https:\/\/scm.bz\/\u0645\u0631\u0635\u062f-\u062e\u0637\u0627\u0628-\u0627\u0644\u0639\u0646\u0641-\u0648\u0627\u0644\u0643\u0631\u0627\u0647\u064a\u0651\u0629\/\" \/>\n<meta property=\"og:locale\" content=\"en_US\" \/>\n<meta property=\"og:type\" content=\"article\" \/>\n<meta property=\"og:title\" content=\"Rewangeha Gotara T\u00fbnd\u00ee \u00fb Nefretkirin\u00ea\" \/>\n<meta property=\"og:description\" content=\"Ji sala 2011an ve, gotara nefretkirin, tund\u00ee, terror \u00fb tunekirina jin\u00ea \u00fb k\u00eamnetewan bi awayek\u00ee metirs\u00eedar di dezgeh\u00ean ragihandin\u00ea y\u00ean S\u00fbryey\u00ee de pirtir b\u00fbye. \u015fer\u00ea xwe\u00eenrij li S\u00fbryey\u00ea seqayeke al\u00eekar bo nefretkirin\u00ea di nav p\u00eakhatey\u00ean S\u00fbryey\u00ea de \u00e7\u00eakiriye. Li \u015f\u00fbna dan\u00fbstendin\u00ean siyas\u00ee \u00fb genge\u015fekirina nakok\u00eeyan, tolhildan hat, ji lew re t\u00eagih\u00ean m\u00eena hevbor\u00een\u00ea bi pa\u015f\" \/>\n<meta property=\"og:url\" content=\"https:\/\/scm.bz\/\u0645\u0631\u0635\u062f-\u062e\u0637\u0627\u0628-\u0627\u0644\u0639\u0646\u0641-\u0648\u0627\u0644\u0643\u0631\u0627\u0647\u064a\u0651\u0629\/\" \/>\n<meta property=\"og:site_name\" content=\"\u0627\u0644\u0645\u0631\u0643\u0632 \u0627\u0644\u0633\u0648\u0631\u064a \u0644\u0644\u0625\u0639\u0644\u0627\u0645 \u0648\u062d\u0631\u064a\u0629 \u0627\u0644\u062a\u0639\u0628\u064a\u0631 Syrian Center for Media and Freedom of Expression\" \/>\n<meta property=\"article:publisher\" content=\"https:\/\/www.facebook.com\/scm.center\" \/>\n<meta property=\"og:image\" content=\"https:\/\/scm.bz\/wp-content\/uploads\/2021\/01\/SCM-logo-1-with-Clear-Space-1-2.png\" \/>\n\t<meta property=\"og:image:width\" content=\"1450\" \/>\n\t<meta property=\"og:image:height\" content=\"1450\" \/>\n\t<meta property=\"og:image:type\" content=\"image\/png\" \/>\n<meta name=\"twitter:card\" content=\"summary_large_image\" \/>\n<meta name=\"twitter:site\" content=\"@SyrianCenter\" \/>\n<meta name=\"twitter:label1\" content=\"Est. reading time\" \/>\n\t<meta name=\"twitter:data1\" content=\"1 minute\" \/>\n<script type=\"application\/ld+json\" class=\"yoast-schema-graph\">{\"@context\":\"https:\/\/schema.org\",\"@graph\":[{\"@type\":\"WebPage\",\"@id\":\"https:\/\/scm.bz\/%d9%85%d8%b1%d8%b5%d8%af-%d8%ae%d8%b7%d8%a7%d8%a8-%d8%a7%d9%84%d8%b9%d9%86%d9%81-%d9%88%d8%a7%d9%84%d9%83%d8%b1%d8%a7%d9%87%d9%8a%d9%91%d8%a9\/\",\"url\":\"https:\/\/scm.bz\/%d9%85%d8%b1%d8%b5%d8%af-%d8%ae%d8%b7%d8%a7%d8%a8-%d8%a7%d9%84%d8%b9%d9%86%d9%81-%d9%88%d8%a7%d9%84%d9%83%d8%b1%d8%a7%d9%87%d9%8a%d9%91%d8%a9\/\",\"name\":\"Rewangeha Gotara T\u00fbnd\u00ee \u00fb Nefretkirin\u00ea - \u0627\u0644\u0645\u0631\u0643\u0632 \u0627\u0644\u0633\u0648\u0631\u064a \u0644\u0644\u0625\u0639\u0644\u0627\u0645 \u0648\u062d\u0631\u064a\u0629 \u0627\u0644\u062a\u0639\u0628\u064a\u0631 Syrian Center for Media and Freedom of Expression\",\"isPartOf\":{\"@id\":\"https:\/\/scm.bz\/#website\"},\"datePublished\":\"2017-03-11T22:47:50+00:00\",\"breadcrumb\":{\"@id\":\"https:\/\/scm.bz\/%d9%85%d8%b1%d8%b5%d8%af-%d8%ae%d8%b7%d8%a7%d8%a8-%d8%a7%d9%84%d8%b9%d9%86%d9%81-%d9%88%d8%a7%d9%84%d9%83%d8%b1%d8%a7%d9%87%d9%8a%d9%91%d8%a9\/#breadcrumb\"},\"inLanguage\":\"kmr\",\"potentialAction\":[{\"@type\":\"ReadAction\",\"target\":[\"https:\/\/scm.bz\/%d9%85%d8%b1%d8%b5%d8%af-%d8%ae%d8%b7%d8%a7%d8%a8-%d8%a7%d9%84%d8%b9%d9%86%d9%81-%d9%88%d8%a7%d9%84%d9%83%d8%b1%d8%a7%d9%87%d9%8a%d9%91%d8%a9\/\"]}]},{\"@type\":\"BreadcrumbList\",\"@id\":\"https:\/\/scm.bz\/%d9%85%d8%b1%d8%b5%d8%af-%d8%ae%d8%b7%d8%a7%d8%a8-%d8%a7%d9%84%d8%b9%d9%86%d9%81-%d9%88%d8%a7%d9%84%d9%83%d8%b1%d8%a7%d9%87%d9%8a%d9%91%d8%a9\/#breadcrumb\",\"itemListElement\":[{\"@type\":\"ListItem\",\"position\":1,\"name\":\"Home\",\"item\":\"https:\/\/scm.bz\/kmr\/\"},{\"@type\":\"ListItem\",\"position\":2,\"name\":\"Rewangeha Gotara T\u00fbnd\u00ee \u00fb Nefretkirin\u00ea\"}]},{\"@type\":\"WebSite\",\"@id\":\"https:\/\/scm.bz\/#website\",\"url\":\"https:\/\/scm.bz\/\",\"name\":\"\u0627\u0644\u0645\u0631\u0643\u0632 \u0627\u0644\u0633\u0648\u0631\u064a \u0644\u0644\u0625\u0639\u0644\u0627\u0645 \u0648\u062d\u0631\u064a\u0629 \u0627\u0644\u062a\u0639\u0628\u064a\u0631 Syrian Center for Media and Freedom of Expression\",\"description\":\"\",\"publisher\":{\"@id\":\"https:\/\/scm.bz\/#organization\"},\"potentialAction\":[{\"@type\":\"SearchAction\",\"target\":{\"@type\":\"EntryPoint\",\"urlTemplate\":\"https:\/\/scm.bz\/?s={search_term_string}\"},\"query-input\":{\"@type\":\"PropertyValueSpecification\",\"valueRequired\":true,\"valueName\":\"search_term_string\"}}],\"inLanguage\":\"kmr\"},{\"@type\":\"Organization\",\"@id\":\"https:\/\/scm.bz\/#organization\",\"name\":\"\u0627\u0644\u0645\u0631\u0643\u0632 \u0627\u0644\u0633\u0648\u0631\u064a \u0644\u0644\u0625\u0639\u0644\u0627\u0645 \u0648\u062d\u0631\u064a\u0629 \u0627\u0644\u062a\u0639\u0628\u064a\u0631 Syrian Center for Media and Freedom of Expression\",\"url\":\"https:\/\/scm.bz\/\",\"logo\":{\"@type\":\"ImageObject\",\"inLanguage\":\"kmr\",\"@id\":\"https:\/\/scm.bz\/#\/schema\/logo\/image\/\",\"url\":\"http:\/\/scm.bz\/wp-content\/uploads\/2021\/01\/SCM-logo-1-with-Clear-Space-1-2.png\",\"contentUrl\":\"http:\/\/scm.bz\/wp-content\/uploads\/2021\/01\/SCM-logo-1-with-Clear-Space-1-2.png\",\"width\":1450,\"height\":1450,\"caption\":\"\u0627\u0644\u0645\u0631\u0643\u0632 \u0627\u0644\u0633\u0648\u0631\u064a \u0644\u0644\u0625\u0639\u0644\u0627\u0645 \u0648\u062d\u0631\u064a\u0629 \u0627\u0644\u062a\u0639\u0628\u064a\u0631 Syrian Center for Media and Freedom of Expression\"},\"image\":{\"@id\":\"https:\/\/scm.bz\/#\/schema\/logo\/image\/\"},\"sameAs\":[\"https:\/\/www.facebook.com\/scm.center\",\"https:\/\/x.com\/SyrianCenter\"]}]}<\/script>\n<!-- \/ Yoast SEO Premium plugin. -->","yoast_head_json":{"title":"Rewangeha Gotara T\u00fbnd\u00ee \u00fb Nefretkirin\u00ea - \u0627\u0644\u0645\u0631\u0643\u0632 \u0627\u0644\u0633\u0648\u0631\u064a \u0644\u0644\u0625\u0639\u0644\u0627\u0645 \u0648\u062d\u0631\u064a\u0629 \u0627\u0644\u062a\u0639\u0628\u064a\u0631 Syrian Center for Media and Freedom of Expression","robots":{"index":"index","follow":"follow","max-snippet":"max-snippet:-1","max-image-preview":"max-image-preview:large","max-video-preview":"max-video-preview:-1"},"canonical":"https:\/\/scm.bz\/\u0645\u0631\u0635\u062f-\u062e\u0637\u0627\u0628-\u0627\u0644\u0639\u0646\u0641-\u0648\u0627\u0644\u0643\u0631\u0627\u0647\u064a\u0651\u0629\/","og_locale":"en_US","og_type":"article","og_title":"Rewangeha Gotara T\u00fbnd\u00ee \u00fb Nefretkirin\u00ea","og_description":"Ji sala 2011an ve, gotara nefretkirin, tund\u00ee, terror \u00fb tunekirina jin\u00ea \u00fb k\u00eamnetewan bi awayek\u00ee metirs\u00eedar di dezgeh\u00ean ragihandin\u00ea y\u00ean S\u00fbryey\u00ee de pirtir b\u00fbye. \u015fer\u00ea xwe\u00eenrij li S\u00fbryey\u00ea seqayeke al\u00eekar bo nefretkirin\u00ea di nav p\u00eakhatey\u00ean S\u00fbryey\u00ea de \u00e7\u00eakiriye. Li \u015f\u00fbna dan\u00fbstendin\u00ean siyas\u00ee \u00fb genge\u015fekirina nakok\u00eeyan, tolhildan hat, ji lew re t\u00eagih\u00ean m\u00eena hevbor\u00een\u00ea bi pa\u015f","og_url":"https:\/\/scm.bz\/\u0645\u0631\u0635\u062f-\u062e\u0637\u0627\u0628-\u0627\u0644\u0639\u0646\u0641-\u0648\u0627\u0644\u0643\u0631\u0627\u0647\u064a\u0651\u0629\/","og_site_name":"\u0627\u0644\u0645\u0631\u0643\u0632 \u0627\u0644\u0633\u0648\u0631\u064a \u0644\u0644\u0625\u0639\u0644\u0627\u0645 \u0648\u062d\u0631\u064a\u0629 \u0627\u0644\u062a\u0639\u0628\u064a\u0631 Syrian Center for Media and Freedom of Expression","article_publisher":"https:\/\/www.facebook.com\/scm.center","og_image":[{"width":1450,"height":1450,"url":"https:\/\/scm.bz\/wp-content\/uploads\/2021\/01\/SCM-logo-1-with-Clear-Space-1-2.png","type":"image\/png"}],"twitter_card":"summary_large_image","twitter_site":"@SyrianCenter","twitter_misc":{"Est. reading time":"1 minute"},"schema":{"@context":"https:\/\/schema.org","@graph":[{"@type":"WebPage","@id":"https:\/\/scm.bz\/%d9%85%d8%b1%d8%b5%d8%af-%d8%ae%d8%b7%d8%a7%d8%a8-%d8%a7%d9%84%d8%b9%d9%86%d9%81-%d9%88%d8%a7%d9%84%d9%83%d8%b1%d8%a7%d9%87%d9%8a%d9%91%d8%a9\/","url":"https:\/\/scm.bz\/%d9%85%d8%b1%d8%b5%d8%af-%d8%ae%d8%b7%d8%a7%d8%a8-%d8%a7%d9%84%d8%b9%d9%86%d9%81-%d9%88%d8%a7%d9%84%d9%83%d8%b1%d8%a7%d9%87%d9%8a%d9%91%d8%a9\/","name":"Rewangeha Gotara T\u00fbnd\u00ee \u00fb Nefretkirin\u00ea - \u0627\u0644\u0645\u0631\u0643\u0632 \u0627\u0644\u0633\u0648\u0631\u064a \u0644\u0644\u0625\u0639\u0644\u0627\u0645 \u0648\u062d\u0631\u064a\u0629 \u0627\u0644\u062a\u0639\u0628\u064a\u0631 Syrian Center for Media and Freedom of Expression","isPartOf":{"@id":"https:\/\/scm.bz\/#website"},"datePublished":"2017-03-11T22:47:50+00:00","breadcrumb":{"@id":"https:\/\/scm.bz\/%d9%85%d8%b1%d8%b5%d8%af-%d8%ae%d8%b7%d8%a7%d8%a8-%d8%a7%d9%84%d8%b9%d9%86%d9%81-%d9%88%d8%a7%d9%84%d9%83%d8%b1%d8%a7%d9%87%d9%8a%d9%91%d8%a9\/#breadcrumb"},"inLanguage":"kmr","potentialAction":[{"@type":"ReadAction","target":["https:\/\/scm.bz\/%d9%85%d8%b1%d8%b5%d8%af-%d8%ae%d8%b7%d8%a7%d8%a8-%d8%a7%d9%84%d8%b9%d9%86%d9%81-%d9%88%d8%a7%d9%84%d9%83%d8%b1%d8%a7%d9%87%d9%8a%d9%91%d8%a9\/"]}]},{"@type":"BreadcrumbList","@id":"https:\/\/scm.bz\/%d9%85%d8%b1%d8%b5%d8%af-%d8%ae%d8%b7%d8%a7%d8%a8-%d8%a7%d9%84%d8%b9%d9%86%d9%81-%d9%88%d8%a7%d9%84%d9%83%d8%b1%d8%a7%d9%87%d9%8a%d9%91%d8%a9\/#breadcrumb","itemListElement":[{"@type":"ListItem","position":1,"name":"Home","item":"https:\/\/scm.bz\/kmr\/"},{"@type":"ListItem","position":2,"name":"Rewangeha Gotara T\u00fbnd\u00ee \u00fb Nefretkirin\u00ea"}]},{"@type":"WebSite","@id":"https:\/\/scm.bz\/#website","url":"https:\/\/scm.bz\/","name":"\u0627\u0644\u0645\u0631\u0643\u0632 \u0627\u0644\u0633\u0648\u0631\u064a \u0644\u0644\u0625\u0639\u0644\u0627\u0645 \u0648\u062d\u0631\u064a\u0629 \u0627\u0644\u062a\u0639\u0628\u064a\u0631 Syrian Center for Media and Freedom of Expression","description":"","publisher":{"@id":"https:\/\/scm.bz\/#organization"},"potentialAction":[{"@type":"SearchAction","target":{"@type":"EntryPoint","urlTemplate":"https:\/\/scm.bz\/?s={search_term_string}"},"query-input":{"@type":"PropertyValueSpecification","valueRequired":true,"valueName":"search_term_string"}}],"inLanguage":"kmr"},{"@type":"Organization","@id":"https:\/\/scm.bz\/#organization","name":"\u0627\u0644\u0645\u0631\u0643\u0632 \u0627\u0644\u0633\u0648\u0631\u064a \u0644\u0644\u0625\u0639\u0644\u0627\u0645 \u0648\u062d\u0631\u064a\u0629 \u0627\u0644\u062a\u0639\u0628\u064a\u0631 Syrian Center for Media and Freedom of Expression","url":"https:\/\/scm.bz\/","logo":{"@type":"ImageObject","inLanguage":"kmr","@id":"https:\/\/scm.bz\/#\/schema\/logo\/image\/","url":"http:\/\/scm.bz\/wp-content\/uploads\/2021\/01\/SCM-logo-1-with-Clear-Space-1-2.png","contentUrl":"http:\/\/scm.bz\/wp-content\/uploads\/2021\/01\/SCM-logo-1-with-Clear-Space-1-2.png","width":1450,"height":1450,"caption":"\u0627\u0644\u0645\u0631\u0643\u0632 \u0627\u0644\u0633\u0648\u0631\u064a \u0644\u0644\u0625\u0639\u0644\u0627\u0645 \u0648\u062d\u0631\u064a\u0629 \u0627\u0644\u062a\u0639\u0628\u064a\u0631 Syrian Center for Media and Freedom of Expression"},"image":{"@id":"https:\/\/scm.bz\/#\/schema\/logo\/image\/"},"sameAs":["https:\/\/www.facebook.com\/scm.center","https:\/\/x.com\/SyrianCenter"]}]}},"_links":{"self":[{"href":"https:\/\/scm.bz\/kmr\/wp-json\/wp\/v2\/pages\/180664","targetHints":{"allow":["GET"]}}],"collection":[{"href":"https:\/\/scm.bz\/kmr\/wp-json\/wp\/v2\/pages"}],"about":[{"href":"https:\/\/scm.bz\/kmr\/wp-json\/wp\/v2\/types\/page"}],"author":[{"embeddable":true,"href":"https:\/\/scm.bz\/kmr\/wp-json\/wp\/v2\/users\/24"}],"replies":[{"embeddable":true,"href":"https:\/\/scm.bz\/kmr\/wp-json\/wp\/v2\/comments?post=180664"}],"version-history":[{"count":0,"href":"https:\/\/scm.bz\/kmr\/wp-json\/wp\/v2\/pages\/180664\/revisions"}],"wp:attachment":[{"href":"https:\/\/scm.bz\/kmr\/wp-json\/wp\/v2\/media?parent=180664"}],"curies":[{"name":"wp","href":"https:\/\/api.w.org\/{rel}","templated":true}]}}