{"id":180663,"date":"2017-03-12T00:49:18","date_gmt":"2017-03-11T22:49:18","guid":{"rendered":"https:\/\/scm.bz\/pesxistina-rola-civaka-sivil-a-suryeyi-di-pevajoya-astiye-de"},"modified":"2017-03-12T00:49:18","modified_gmt":"2017-03-11T22:49:18","slug":"pesxistina-rola-civaka-sivil-a-suryeyi-di-pevajoya-astiye-de","status":"publish","type":"page","link":"https:\/\/scm.bz\/kmr\/pesxistina-rola-civaka-sivil-a-suryeyi-di-pevajoya-astiye-de\/","title":{"rendered":"P\u00ea\u015fxistina Rola Civaka Siv\u00eel a S\u00fbryey\u00ee di P\u00eavajoya A\u015ft\u00eey\u00ea de"},"content":{"rendered":"<p style=\"direction: ltr;\"><span style=\"font-weight: 400;\">Em dib\u00eenin ku be\u015fdar\u00eeya civaka siv\u00eel a S\u00fbryey\u00ee di p\u00eavajoya a\u015ft\u00eey\u00ea de, bo avakirina a\u015ft\u00eeya domdar li S\u00fbryey\u00ea, giring e.<\/span><\/p>\n<p style=\"direction: ltr;\"><span style=\"font-weight: 400;\">Ji sala 2010an ve, Navenda S\u00fbryey\u00ee ya Ragihandin\u00ea \u00fb Azad\u00eeya Derbir\u00een\u00ea &#8220;Posta \u015f\u00eawirdar\u00eey\u00ea&#8221; di &#8220;Encumena Ab\u00fbr\u00ee \u00fb Civak\u00ee ya Gir\u00eaday\u00ee Netew\u00ean Yekb\u00fby\u00ee &#8220;(ECOSOC) de bi dest xistiye, ev yek j\u00ee r\u00eaya giha\u015ftina bo destey\u00ean NYy\u00ea m\u00eena Encumena Maf\u00ean Mirovan, ji me re vedike, her weha bi h\u00easan\u00ee me digih\u00eene r\u00eaxistin\u00ean civaka siv\u00eel \u00ean S\u00fbryey\u00ee y\u00ean din.<\/span><\/p>\n<p style=\"direction: ltr;\"><span style=\"font-weight: 400;\">Di sala 2017an de, em \u00ea li ser h\u00easankirina kar\u00ea vexwendina civaka siv\u00eel a S\u00fbryey\u00ee kar bikin, ev yek j\u00ee d\u00ea bi r\u00eaya s\u00eestema Encumena Maf\u00ean Mirovan ya NYy\u00ea be, her weha bi r\u00eaya al\u00eey\u00ean siyas\u00ee y\u00ean S\u00fbryey\u00ee \u00fb y\u00ean Navdewlet\u00ee y\u00ean xwed\u00ee bandor, li gel Encumena Maf\u00ean Mirovan \u00fb destey\u00ean din \u00ean ku li Cin\u00eav\u00ea cih digirin.<\/span><\/p>\n","protected":false},"excerpt":{"rendered":"<p>Em dib\u00eenin ku be\u015fdar\u00eeya civaka siv\u00eel a S\u00fbryey\u00ee di p\u00eavajoya a\u015ft\u00eey\u00ea de, bo avakirina a\u015ft\u00eeya domdar li S\u00fbryey\u00ea, giring e. Ji sala 2010an ve, Navenda S\u00fbryey\u00ee ya Ragihandin\u00ea \u00fb Azad\u00eeya Derbir\u00een\u00ea &#8220;Posta \u015f\u00eawirdar\u00eey\u00ea&#8221; di &#8220;Encumena Ab\u00fbr\u00ee \u00fb Civak\u00ee ya Gir\u00eaday\u00ee Netew\u00ean Yekb\u00fby\u00ee &#8220;(ECOSOC) de bi dest xistiye, ev yek j\u00ee r\u00eaya giha\u015ftina bo destey\u00ean NYy\u00ea [&hellip;]<\/p>\n","protected":false},"author":24,"featured_media":0,"parent":0,"menu_order":0,"comment_status":"closed","ping_status":"closed","template":"","meta":{"_acf_changed":false,"footnotes":""},"class_list":["post-180663","page","type-page","status-publish","hentry","post-wrapper"],"acf":[],"yoast_head":"<!-- This site is optimized with the Yoast SEO Premium plugin v20.6 (Yoast SEO v26.5) - https:\/\/yoast.com\/wordpress\/plugins\/seo\/ -->\n<title>P\u00ea\u015fxistina Rola Civaka Siv\u00eel a S\u00fbryey\u00ee di P\u00eavajoya A\u015ft\u00eey\u00ea de - \u0627\u0644\u0645\u0631\u0643\u0632 \u0627\u0644\u0633\u0648\u0631\u064a \u0644\u0644\u0625\u0639\u0644\u0627\u0645 \u0648\u062d\u0631\u064a\u0629 \u0627\u0644\u062a\u0639\u0628\u064a\u0631 Syrian Center for Media and Freedom of Expression<\/title>\n<meta name=\"robots\" content=\"index, follow, max-snippet:-1, max-image-preview:large, max-video-preview:-1\" \/>\n<link rel=\"canonical\" href=\"https:\/\/scm.bz\/\u062a\u0645\u0643\u064a\u0646-\u0627\u0644\u0645\u062c\u062a\u0645\u0639-\u0627\u0644\u0645\u062f\u0646\u064a-\u0627\u0644\u0633\u0648\u0631\u064a\/\" \/>\n<meta property=\"og:locale\" content=\"en_US\" \/>\n<meta property=\"og:type\" content=\"article\" \/>\n<meta property=\"og:title\" content=\"P\u00ea\u015fxistina Rola Civaka Siv\u00eel a S\u00fbryey\u00ee di P\u00eavajoya A\u015ft\u00eey\u00ea de\" \/>\n<meta property=\"og:description\" content=\"Em dib\u00eenin ku be\u015fdar\u00eeya civaka siv\u00eel a S\u00fbryey\u00ee di p\u00eavajoya a\u015ft\u00eey\u00ea de, bo avakirina a\u015ft\u00eeya domdar li S\u00fbryey\u00ea, giring e. Ji sala 2010an ve, Navenda S\u00fbryey\u00ee ya Ragihandin\u00ea \u00fb Azad\u00eeya Derbir\u00een\u00ea &#8220;Posta \u015f\u00eawirdar\u00eey\u00ea&#8221; di &#8220;Encumena Ab\u00fbr\u00ee \u00fb Civak\u00ee ya Gir\u00eaday\u00ee Netew\u00ean Yekb\u00fby\u00ee &#8220;(ECOSOC) de bi dest xistiye, ev yek j\u00ee r\u00eaya giha\u015ftina bo destey\u00ean NYy\u00ea\" \/>\n<meta property=\"og:url\" content=\"https:\/\/scm.bz\/\u062a\u0645\u0643\u064a\u0646-\u0627\u0644\u0645\u062c\u062a\u0645\u0639-\u0627\u0644\u0645\u062f\u0646\u064a-\u0627\u0644\u0633\u0648\u0631\u064a\/\" \/>\n<meta property=\"og:site_name\" content=\"\u0627\u0644\u0645\u0631\u0643\u0632 \u0627\u0644\u0633\u0648\u0631\u064a \u0644\u0644\u0625\u0639\u0644\u0627\u0645 \u0648\u062d\u0631\u064a\u0629 \u0627\u0644\u062a\u0639\u0628\u064a\u0631 Syrian Center for Media and Freedom of Expression\" \/>\n<meta property=\"article:publisher\" content=\"https:\/\/www.facebook.com\/scm.center\" \/>\n<meta property=\"og:image\" content=\"https:\/\/scm.bz\/wp-content\/uploads\/2021\/01\/SCM-logo-1-with-Clear-Space-1-2.png\" \/>\n\t<meta property=\"og:image:width\" content=\"1450\" \/>\n\t<meta property=\"og:image:height\" content=\"1450\" \/>\n\t<meta property=\"og:image:type\" content=\"image\/png\" \/>\n<meta name=\"twitter:card\" content=\"summary_large_image\" \/>\n<meta name=\"twitter:site\" content=\"@SyrianCenter\" \/>\n<meta name=\"twitter:label1\" content=\"Est. reading time\" \/>\n\t<meta name=\"twitter:data1\" content=\"1 minute\" \/>\n<script type=\"application\/ld+json\" class=\"yoast-schema-graph\">{\"@context\":\"https:\/\/schema.org\",\"@graph\":[{\"@type\":\"WebPage\",\"@id\":\"https:\/\/scm.bz\/%d8%aa%d9%85%d9%83%d9%8a%d9%86-%d8%a7%d9%84%d9%85%d8%ac%d8%aa%d9%85%d8%b9-%d8%a7%d9%84%d9%85%d8%af%d9%86%d9%8a-%d8%a7%d9%84%d8%b3%d9%88%d8%b1%d9%8a\/\",\"url\":\"https:\/\/scm.bz\/%d8%aa%d9%85%d9%83%d9%8a%d9%86-%d8%a7%d9%84%d9%85%d8%ac%d8%aa%d9%85%d8%b9-%d8%a7%d9%84%d9%85%d8%af%d9%86%d9%8a-%d8%a7%d9%84%d8%b3%d9%88%d8%b1%d9%8a\/\",\"name\":\"P\u00ea\u015fxistina Rola Civaka Siv\u00eel a S\u00fbryey\u00ee di P\u00eavajoya A\u015ft\u00eey\u00ea de - \u0627\u0644\u0645\u0631\u0643\u0632 \u0627\u0644\u0633\u0648\u0631\u064a \u0644\u0644\u0625\u0639\u0644\u0627\u0645 \u0648\u062d\u0631\u064a\u0629 \u0627\u0644\u062a\u0639\u0628\u064a\u0631 Syrian Center for Media and Freedom of Expression\",\"isPartOf\":{\"@id\":\"https:\/\/scm.bz\/#website\"},\"datePublished\":\"2017-03-11T22:49:18+00:00\",\"breadcrumb\":{\"@id\":\"https:\/\/scm.bz\/%d8%aa%d9%85%d9%83%d9%8a%d9%86-%d8%a7%d9%84%d9%85%d8%ac%d8%aa%d9%85%d8%b9-%d8%a7%d9%84%d9%85%d8%af%d9%86%d9%8a-%d8%a7%d9%84%d8%b3%d9%88%d8%b1%d9%8a\/#breadcrumb\"},\"inLanguage\":\"kmr\",\"potentialAction\":[{\"@type\":\"ReadAction\",\"target\":[\"https:\/\/scm.bz\/%d8%aa%d9%85%d9%83%d9%8a%d9%86-%d8%a7%d9%84%d9%85%d8%ac%d8%aa%d9%85%d8%b9-%d8%a7%d9%84%d9%85%d8%af%d9%86%d9%8a-%d8%a7%d9%84%d8%b3%d9%88%d8%b1%d9%8a\/\"]}]},{\"@type\":\"BreadcrumbList\",\"@id\":\"https:\/\/scm.bz\/%d8%aa%d9%85%d9%83%d9%8a%d9%86-%d8%a7%d9%84%d9%85%d8%ac%d8%aa%d9%85%d8%b9-%d8%a7%d9%84%d9%85%d8%af%d9%86%d9%8a-%d8%a7%d9%84%d8%b3%d9%88%d8%b1%d9%8a\/#breadcrumb\",\"itemListElement\":[{\"@type\":\"ListItem\",\"position\":1,\"name\":\"Home\",\"item\":\"https:\/\/scm.bz\/kmr\/\"},{\"@type\":\"ListItem\",\"position\":2,\"name\":\"P\u00ea\u015fxistina Rola Civaka Siv\u00eel a S\u00fbryey\u00ee di P\u00eavajoya A\u015ft\u00eey\u00ea de\"}]},{\"@type\":\"WebSite\",\"@id\":\"https:\/\/scm.bz\/#website\",\"url\":\"https:\/\/scm.bz\/\",\"name\":\"\u0627\u0644\u0645\u0631\u0643\u0632 \u0627\u0644\u0633\u0648\u0631\u064a \u0644\u0644\u0625\u0639\u0644\u0627\u0645 \u0648\u062d\u0631\u064a\u0629 \u0627\u0644\u062a\u0639\u0628\u064a\u0631 Syrian Center for Media and Freedom of Expression\",\"description\":\"\",\"publisher\":{\"@id\":\"https:\/\/scm.bz\/#organization\"},\"potentialAction\":[{\"@type\":\"SearchAction\",\"target\":{\"@type\":\"EntryPoint\",\"urlTemplate\":\"https:\/\/scm.bz\/?s={search_term_string}\"},\"query-input\":{\"@type\":\"PropertyValueSpecification\",\"valueRequired\":true,\"valueName\":\"search_term_string\"}}],\"inLanguage\":\"kmr\"},{\"@type\":\"Organization\",\"@id\":\"https:\/\/scm.bz\/#organization\",\"name\":\"\u0627\u0644\u0645\u0631\u0643\u0632 \u0627\u0644\u0633\u0648\u0631\u064a \u0644\u0644\u0625\u0639\u0644\u0627\u0645 \u0648\u062d\u0631\u064a\u0629 \u0627\u0644\u062a\u0639\u0628\u064a\u0631 Syrian Center for Media and Freedom of Expression\",\"url\":\"https:\/\/scm.bz\/\",\"logo\":{\"@type\":\"ImageObject\",\"inLanguage\":\"kmr\",\"@id\":\"https:\/\/scm.bz\/#\/schema\/logo\/image\/\",\"url\":\"http:\/\/scm.bz\/wp-content\/uploads\/2021\/01\/SCM-logo-1-with-Clear-Space-1-2.png\",\"contentUrl\":\"http:\/\/scm.bz\/wp-content\/uploads\/2021\/01\/SCM-logo-1-with-Clear-Space-1-2.png\",\"width\":1450,\"height\":1450,\"caption\":\"\u0627\u0644\u0645\u0631\u0643\u0632 \u0627\u0644\u0633\u0648\u0631\u064a \u0644\u0644\u0625\u0639\u0644\u0627\u0645 \u0648\u062d\u0631\u064a\u0629 \u0627\u0644\u062a\u0639\u0628\u064a\u0631 Syrian Center for Media and Freedom of Expression\"},\"image\":{\"@id\":\"https:\/\/scm.bz\/#\/schema\/logo\/image\/\"},\"sameAs\":[\"https:\/\/www.facebook.com\/scm.center\",\"https:\/\/x.com\/SyrianCenter\"]}]}<\/script>\n<!-- \/ Yoast SEO Premium plugin. -->","yoast_head_json":{"title":"P\u00ea\u015fxistina Rola Civaka Siv\u00eel a S\u00fbryey\u00ee di P\u00eavajoya A\u015ft\u00eey\u00ea de - \u0627\u0644\u0645\u0631\u0643\u0632 \u0627\u0644\u0633\u0648\u0631\u064a \u0644\u0644\u0625\u0639\u0644\u0627\u0645 \u0648\u062d\u0631\u064a\u0629 \u0627\u0644\u062a\u0639\u0628\u064a\u0631 Syrian Center for Media and Freedom of Expression","robots":{"index":"index","follow":"follow","max-snippet":"max-snippet:-1","max-image-preview":"max-image-preview:large","max-video-preview":"max-video-preview:-1"},"canonical":"https:\/\/scm.bz\/\u062a\u0645\u0643\u064a\u0646-\u0627\u0644\u0645\u062c\u062a\u0645\u0639-\u0627\u0644\u0645\u062f\u0646\u064a-\u0627\u0644\u0633\u0648\u0631\u064a\/","og_locale":"en_US","og_type":"article","og_title":"P\u00ea\u015fxistina Rola Civaka Siv\u00eel a S\u00fbryey\u00ee di P\u00eavajoya A\u015ft\u00eey\u00ea de","og_description":"Em dib\u00eenin ku be\u015fdar\u00eeya civaka siv\u00eel a S\u00fbryey\u00ee di p\u00eavajoya a\u015ft\u00eey\u00ea de, bo avakirina a\u015ft\u00eeya domdar li S\u00fbryey\u00ea, giring e. Ji sala 2010an ve, Navenda S\u00fbryey\u00ee ya Ragihandin\u00ea \u00fb Azad\u00eeya Derbir\u00een\u00ea &#8220;Posta \u015f\u00eawirdar\u00eey\u00ea&#8221; di &#8220;Encumena Ab\u00fbr\u00ee \u00fb Civak\u00ee ya Gir\u00eaday\u00ee Netew\u00ean Yekb\u00fby\u00ee &#8220;(ECOSOC) de bi dest xistiye, ev yek j\u00ee r\u00eaya giha\u015ftina bo destey\u00ean NYy\u00ea","og_url":"https:\/\/scm.bz\/\u062a\u0645\u0643\u064a\u0646-\u0627\u0644\u0645\u062c\u062a\u0645\u0639-\u0627\u0644\u0645\u062f\u0646\u064a-\u0627\u0644\u0633\u0648\u0631\u064a\/","og_site_name":"\u0627\u0644\u0645\u0631\u0643\u0632 \u0627\u0644\u0633\u0648\u0631\u064a \u0644\u0644\u0625\u0639\u0644\u0627\u0645 \u0648\u062d\u0631\u064a\u0629 \u0627\u0644\u062a\u0639\u0628\u064a\u0631 Syrian Center for Media and Freedom of Expression","article_publisher":"https:\/\/www.facebook.com\/scm.center","og_image":[{"width":1450,"height":1450,"url":"https:\/\/scm.bz\/wp-content\/uploads\/2021\/01\/SCM-logo-1-with-Clear-Space-1-2.png","type":"image\/png"}],"twitter_card":"summary_large_image","twitter_site":"@SyrianCenter","twitter_misc":{"Est. reading time":"1 minute"},"schema":{"@context":"https:\/\/schema.org","@graph":[{"@type":"WebPage","@id":"https:\/\/scm.bz\/%d8%aa%d9%85%d9%83%d9%8a%d9%86-%d8%a7%d9%84%d9%85%d8%ac%d8%aa%d9%85%d8%b9-%d8%a7%d9%84%d9%85%d8%af%d9%86%d9%8a-%d8%a7%d9%84%d8%b3%d9%88%d8%b1%d9%8a\/","url":"https:\/\/scm.bz\/%d8%aa%d9%85%d9%83%d9%8a%d9%86-%d8%a7%d9%84%d9%85%d8%ac%d8%aa%d9%85%d8%b9-%d8%a7%d9%84%d9%85%d8%af%d9%86%d9%8a-%d8%a7%d9%84%d8%b3%d9%88%d8%b1%d9%8a\/","name":"P\u00ea\u015fxistina Rola Civaka Siv\u00eel a S\u00fbryey\u00ee di P\u00eavajoya A\u015ft\u00eey\u00ea de - \u0627\u0644\u0645\u0631\u0643\u0632 \u0627\u0644\u0633\u0648\u0631\u064a \u0644\u0644\u0625\u0639\u0644\u0627\u0645 \u0648\u062d\u0631\u064a\u0629 \u0627\u0644\u062a\u0639\u0628\u064a\u0631 Syrian Center for Media and Freedom of Expression","isPartOf":{"@id":"https:\/\/scm.bz\/#website"},"datePublished":"2017-03-11T22:49:18+00:00","breadcrumb":{"@id":"https:\/\/scm.bz\/%d8%aa%d9%85%d9%83%d9%8a%d9%86-%d8%a7%d9%84%d9%85%d8%ac%d8%aa%d9%85%d8%b9-%d8%a7%d9%84%d9%85%d8%af%d9%86%d9%8a-%d8%a7%d9%84%d8%b3%d9%88%d8%b1%d9%8a\/#breadcrumb"},"inLanguage":"kmr","potentialAction":[{"@type":"ReadAction","target":["https:\/\/scm.bz\/%d8%aa%d9%85%d9%83%d9%8a%d9%86-%d8%a7%d9%84%d9%85%d8%ac%d8%aa%d9%85%d8%b9-%d8%a7%d9%84%d9%85%d8%af%d9%86%d9%8a-%d8%a7%d9%84%d8%b3%d9%88%d8%b1%d9%8a\/"]}]},{"@type":"BreadcrumbList","@id":"https:\/\/scm.bz\/%d8%aa%d9%85%d9%83%d9%8a%d9%86-%d8%a7%d9%84%d9%85%d8%ac%d8%aa%d9%85%d8%b9-%d8%a7%d9%84%d9%85%d8%af%d9%86%d9%8a-%d8%a7%d9%84%d8%b3%d9%88%d8%b1%d9%8a\/#breadcrumb","itemListElement":[{"@type":"ListItem","position":1,"name":"Home","item":"https:\/\/scm.bz\/kmr\/"},{"@type":"ListItem","position":2,"name":"P\u00ea\u015fxistina Rola Civaka Siv\u00eel a S\u00fbryey\u00ee di P\u00eavajoya A\u015ft\u00eey\u00ea de"}]},{"@type":"WebSite","@id":"https:\/\/scm.bz\/#website","url":"https:\/\/scm.bz\/","name":"\u0627\u0644\u0645\u0631\u0643\u0632 \u0627\u0644\u0633\u0648\u0631\u064a \u0644\u0644\u0625\u0639\u0644\u0627\u0645 \u0648\u062d\u0631\u064a\u0629 \u0627\u0644\u062a\u0639\u0628\u064a\u0631 Syrian Center for Media and Freedom of Expression","description":"","publisher":{"@id":"https:\/\/scm.bz\/#organization"},"potentialAction":[{"@type":"SearchAction","target":{"@type":"EntryPoint","urlTemplate":"https:\/\/scm.bz\/?s={search_term_string}"},"query-input":{"@type":"PropertyValueSpecification","valueRequired":true,"valueName":"search_term_string"}}],"inLanguage":"kmr"},{"@type":"Organization","@id":"https:\/\/scm.bz\/#organization","name":"\u0627\u0644\u0645\u0631\u0643\u0632 \u0627\u0644\u0633\u0648\u0631\u064a \u0644\u0644\u0625\u0639\u0644\u0627\u0645 \u0648\u062d\u0631\u064a\u0629 \u0627\u0644\u062a\u0639\u0628\u064a\u0631 Syrian Center for Media and Freedom of Expression","url":"https:\/\/scm.bz\/","logo":{"@type":"ImageObject","inLanguage":"kmr","@id":"https:\/\/scm.bz\/#\/schema\/logo\/image\/","url":"http:\/\/scm.bz\/wp-content\/uploads\/2021\/01\/SCM-logo-1-with-Clear-Space-1-2.png","contentUrl":"http:\/\/scm.bz\/wp-content\/uploads\/2021\/01\/SCM-logo-1-with-Clear-Space-1-2.png","width":1450,"height":1450,"caption":"\u0627\u0644\u0645\u0631\u0643\u0632 \u0627\u0644\u0633\u0648\u0631\u064a \u0644\u0644\u0625\u0639\u0644\u0627\u0645 \u0648\u062d\u0631\u064a\u0629 \u0627\u0644\u062a\u0639\u0628\u064a\u0631 Syrian Center for Media and Freedom of Expression"},"image":{"@id":"https:\/\/scm.bz\/#\/schema\/logo\/image\/"},"sameAs":["https:\/\/www.facebook.com\/scm.center","https:\/\/x.com\/SyrianCenter"]}]}},"_links":{"self":[{"href":"https:\/\/scm.bz\/kmr\/wp-json\/wp\/v2\/pages\/180663","targetHints":{"allow":["GET"]}}],"collection":[{"href":"https:\/\/scm.bz\/kmr\/wp-json\/wp\/v2\/pages"}],"about":[{"href":"https:\/\/scm.bz\/kmr\/wp-json\/wp\/v2\/types\/page"}],"author":[{"embeddable":true,"href":"https:\/\/scm.bz\/kmr\/wp-json\/wp\/v2\/users\/24"}],"replies":[{"embeddable":true,"href":"https:\/\/scm.bz\/kmr\/wp-json\/wp\/v2\/comments?post=180663"}],"version-history":[{"count":0,"href":"https:\/\/scm.bz\/kmr\/wp-json\/wp\/v2\/pages\/180663\/revisions"}],"wp:attachment":[{"href":"https:\/\/scm.bz\/kmr\/wp-json\/wp\/v2\/media?parent=180663"}],"curies":[{"name":"wp","href":"https:\/\/api.w.org\/{rel}","templated":true}]}}