{"id":180662,"date":"2017-03-14T00:41:22","date_gmt":"2017-03-13T22:41:22","guid":{"rendered":"https:\/\/scm.bz\/parastin-u-pistgiri"},"modified":"2021-02-25T12:59:13","modified_gmt":"2021-02-25T10:59:13","slug":"parastin-u-pistgiri-2","status":"publish","type":"page","link":"https:\/\/scm.bz\/kmr\/parastin-u-pistgiri-2\/","title":{"rendered":"Parastin \u00fb Pi\u015ftgir\u00ee"},"content":{"rendered":"<p><span style=\"font-weight: 400;\">Navenda S\u00fbr\u00eeyay\u00ee ya Ragihandin\u00ea \u00fb Azad\u00eeya Derbir\u00een\u00ea dixwaze bi r\u00eaya be\u015f\u00ea parastin \u00fb pi\u015ftgir\u00eey\u00ea di nava Mala Rojnameger\u00ee de, li gel r\u00eaxistin\u00ean al\u00eekar, hem\u00fb \u015f\u00eawaz\u00ean pi\u015ftgir\u00ee \u00fb parastin\u00ea y\u00ean peyda ji rojnamegeran re p\u00ea\u015fk\u00ea\u015f bike da ku karibin kar\u00ea xwe di rew\u015feke ewle de berdewam bikin.<\/span><\/p>\n<p>&nbsp;<\/p>\n<p><b>S\u00eewana pi\u015ftgir\u00eey\u00ea<\/b><\/p>\n<p><span style=\"font-weight: 400;\">S\u00eewana pi\u015ftgir\u00eey\u00ea gelek form \u00fb m\u00eekan\u00eezm\u00ean peydakirina parastin \u00fb pi\u015ftgir\u00eey\u00ea bo rojnamegeran di nav xwe de dihew\u00eene, m\u00eena:<\/span><\/p>\n<p><span style=\"font-weight: 400;\">Al\u00eegir\u00een<\/span><\/p>\n<p><span style=\"font-weight: 400;\">Pi\u015ftgir\u00eeya Qan\u00fbn\u00ee<\/span><\/p>\n<p><span style=\"font-weight: 400;\">Pi\u015ftgir\u00eeya Piz\u00ee\u015fk\u00ee<\/span><\/p>\n<p><span style=\"font-weight: 400;\">Pi\u015ftgir\u00eeya Dosyaya Ko\u00e7ber\u00eey\u00ea<\/span><\/p>\n<p><span style=\"font-weight: 400;\">Derketina Ewle<\/span><\/p>\n<p><span style=\"font-weight: 400;\">Pi\u015ftgir\u00eeya bo debara j\u00eeyan\u00ea<\/span><\/p>\n<p><span style=\"font-weight: 400;\">Pi\u015ftgir\u00eeya Tekn\u00eek\u00ee \u00fb Locist\u00eek<\/span><\/p>\n<p><span style=\"font-weight: 400;\">Peydakirina derfet\u00ean kar<\/span><\/p>\n<p>&nbsp;<\/p>\n<p><b>P\u00eevan\u00ean \u00e7areserkirina daxwaznameyan<\/b><\/p>\n<p><span style=\"font-weight: 400;\">divabe karek\u00ee w\u00ee\/w\u00ea y\u00ea belavkir\u00ee di ragihandina (niv\u00eesk\u00ee, bih\u00eest\u00ee, \u00eel\u00eaktron\u00ee an ajansek\u00ea) de hebe.<\/span><\/p>\n<p><span style=\"font-weight: 400;\">divabe her\u00ee k\u00eam salek\u00ea kar kiribe.<\/span><\/p>\n<p><span style=\"font-weight: 400;\">divabe kar\u00ea di war\u00ea ragihandin\u00ea de y\u00ea debara j\u00eeyan\u00ea be bo w\u00ee\/w\u00ea.<\/span><\/p>\n<p><span style=\"font-weight: 400;\">eger \u00e7alakvanek\u00ee\/e an di war\u00ea t\u00eakil\u00eeya civak\u00ee de kar dike, divabe belavok\u00ean w\u00ee\/w\u00ea j\u00eadereke agah\u00eeyan be bo tor\u00ean ragihandin\u00ea.<\/span><\/p>\n<p><span style=\"font-weight: 400;\">divabe gotara w\u00ee\/w\u00ea hevseng be \u00fb r\u00eazdar\u00eey\u00ea li p\u00eevan\u00ean navdewlet\u00ee y\u00ean maf\u00ean mirovan digire.<\/span><\/p>\n<p><span style=\"font-weight: 400;\">divabe sedema xwestina pi\u015ftgir\u00eey\u00ea gir\u00eaday\u00ee kar\u00ea ragih\u00eaner\u00ee be.<\/span><\/p>\n<p><span style=\"font-weight: 400;\">kes\u00ean ku di \u00e7axa p\u00ea\u015fk\u00ea\u015fkirina daxwaznamey\u00ea bo Navenda S\u00fbr\u00eeyay\u00ee ya Ragihandin\u00ea \u00fb Azad\u00eeya Derbir\u00een\u00ea de salek\u00ea d\u00fbr\u00ee kar ketibin nay\u00ean armanckirin.<\/span><\/p>\n<p><span style=\"font-weight: 400;\">kes\u00ean ku di war\u00ea ragihandin\u00ea de, di nava dezgeh\u00ean ne ragih\u00eaner\u00ee de kar kiribin, nay\u00ean armanc kirin.<\/span><\/p>\n<p><span style=\"font-weight: 400;\">kes\u00ean gir\u00eaday\u00ee al\u00eeyek\u00ee le\u015fker\u00ee an siyas\u00ee an ji bo wan kar kiribin, nay\u00ea armanckirin.<\/span><\/p>\n<p><span style=\"font-weight: 400;\">divabe pi\u015ftgir\u00eeyek ji r\u00eaxistineke din bo heman daxwaz\u00ea di nava \u015fe\u015f meh\u00ean p\u00ea\u015fk\u00ea\u015fkirina daxwaznamey\u00ea wernegirtibe. <\/span><\/p>\n<p>&nbsp;<\/p>\n<p><b>T\u00eab\u00een\u00ee:<\/b><\/p>\n<p><span style=\"font-weight: 400;\">Navend li ser bicihan\u00eena daxwaznameyan di nav van \u015fert \u00fb merc\u00ean jor\u00een li gor derfetan \u00fb p\u00ea\u015fik\u00eeya gefa j\u00eeyan\u00ea \u00fb p\u00eadiv\u00eeya mirov\u00ee; di ser\u00ee de al\u00eekar\u00eeya pizi\u015fk\u00ee ya lezg\u00een, dixebite her weha ev pi\u015ftgir\u00ee gir\u00eaday\u00ee derfet\u00ean peyda bo navend\u00ea \u00fb hevkar\u00ean w\u00ea ji h\u00eala r\u00eaxistin\u00ean navdewlet\u00ee ye.<\/span><\/p>\n<p><span style=\"font-weight: 400;\">navend d\u00ea bi xwed\u00eey\u00ea daxwaznamey\u00ea re bikeve t\u00eakil\u00eey\u00ea ji bo teqez\u00eeya wergirtina w\u00ea \u00fb \u015fopandina w\u00ea di nava 10 rojan de her\u00ee z\u00eade. dibe ku p\u00ea\u015fk\u00ea\u015fkirina pi\u015ftgir\u00eey\u00ea demek\u00ea z\u00eadetir bixwe ji ber ku d\u00ea gir\u00eaday\u00ee gelek gavan be m\u00eena pi\u015ftrast\u00eeya ji agah\u00eeyan \u00fb d\u00eetina derfet\u00ean al\u00eekar\u00eey\u00ea.<\/span><\/p>\n<p><span style=\"font-weight: 400;\">pi\u015ft\u00ee \u015fandina daxwaznamey\u00ea, kes\u00ea ku daxwazname \u015fandiye, di ber rast\u00eeya wan de berpirs e \u00fb divabe Navend\u00ea agahdar bike eger daxwaznameya xwe p\u00ea\u015fk\u00ea\u015f\u00ee r\u00eaxistineke din kir an eger guhertineke giring di nirxandina dosyaya w\u00ee de derket.<\/span><\/p>\n<p>&nbsp;<\/p>\n<p><b>\u00c7awan\u00eeya P\u00ea\u015fk\u00ea\u015fkirin\u00ea:<\/b><\/p>\n<p><span style=\"font-weight: 400;\">eger p\u00eadiv\u00eeya te bi pi\u015ftgir\u00ee \u00fb parastin\u00ea hebe, ji kerema xwe re <a href=\"https:\/\/www.google.com\/url?q=https:\/\/docs.google.com\/forms\/d\/e\/1FAIpQLScwLLb5zJbtpQSuFXd6_kL3nyYC1Wxe_sBd57G_IwhWee6pfw\/viewform?gxids%3D7628&amp;sa=D&amp;source=hangouts&amp;ust=1614337056189000&amp;usg=AFQjCNG0bCVviTan7O61Je3ssfGkeOqVfA\">v\u00ea kaxez\u00ea<\/a> dagire li gel teqez\u00eeya p\u00ealkirin <\/span><b>Submit<\/b><span style=\"font-weight: 400;\"> pi\u015ft\u00ee bidaw\u00eekirin\u00ea.<\/span><\/p>\n","protected":false},"excerpt":{"rendered":"<p>Navenda S\u00fbr\u00eeyay\u00ee ya Ragihandin\u00ea \u00fb Azad\u00eeya Derbir\u00een\u00ea dixwaze bi r\u00eaya be\u015f\u00ea parastin \u00fb pi\u015ftgir\u00eey\u00ea di nava Mala Rojnameger\u00ee de, li gel r\u00eaxistin\u00ean al\u00eekar, hem\u00fb \u015f\u00eawaz\u00ean pi\u015ftgir\u00ee \u00fb parastin\u00ea y\u00ean peyda ji rojnamegeran re p\u00ea\u015fk\u00ea\u015f bike da ku karibin kar\u00ea xwe di rew\u015feke ewle de berdewam bikin. &nbsp; S\u00eewana pi\u015ftgir\u00eey\u00ea S\u00eewana pi\u015ftgir\u00eey\u00ea gelek form \u00fb m\u00eekan\u00eezm\u00ean [&hellip;]<\/p>\n","protected":false},"author":24,"featured_media":0,"parent":0,"menu_order":0,"comment_status":"closed","ping_status":"closed","template":"","meta":{"_acf_changed":false,"footnotes":""},"class_list":["post-180662","page","type-page","status-publish","hentry","post-wrapper"],"acf":[],"yoast_head":"<!-- This site is optimized with the Yoast SEO Premium plugin v20.6 (Yoast SEO v26.5) - https:\/\/yoast.com\/wordpress\/plugins\/seo\/ -->\n<title>Parastin \u00fb Pi\u015ftgir\u00ee - \u0627\u0644\u0645\u0631\u0643\u0632 \u0627\u0644\u0633\u0648\u0631\u064a \u0644\u0644\u0625\u0639\u0644\u0627\u0645 \u0648\u062d\u0631\u064a\u0629 \u0627\u0644\u062a\u0639\u0628\u064a\u0631 Syrian Center for Media and Freedom of Expression<\/title>\n<meta name=\"robots\" content=\"index, follow, max-snippet:-1, max-image-preview:large, max-video-preview:-1\" \/>\n<link rel=\"canonical\" href=\"https:\/\/scm.bz\/protection-support\/\" \/>\n<meta property=\"og:locale\" content=\"en_US\" \/>\n<meta property=\"og:type\" content=\"article\" \/>\n<meta property=\"og:title\" content=\"Parastin \u00fb Pi\u015ftgir\u00ee\" \/>\n<meta property=\"og:description\" content=\"Navenda S\u00fbr\u00eeyay\u00ee ya Ragihandin\u00ea \u00fb Azad\u00eeya Derbir\u00een\u00ea dixwaze bi r\u00eaya be\u015f\u00ea parastin \u00fb pi\u015ftgir\u00eey\u00ea di nava Mala Rojnameger\u00ee de, li gel r\u00eaxistin\u00ean al\u00eekar, hem\u00fb \u015f\u00eawaz\u00ean pi\u015ftgir\u00ee \u00fb parastin\u00ea y\u00ean peyda ji rojnamegeran re p\u00ea\u015fk\u00ea\u015f bike da ku karibin kar\u00ea xwe di rew\u015feke ewle de berdewam bikin. &nbsp; S\u00eewana pi\u015ftgir\u00eey\u00ea S\u00eewana pi\u015ftgir\u00eey\u00ea gelek form \u00fb m\u00eekan\u00eezm\u00ean\" \/>\n<meta property=\"og:url\" content=\"https:\/\/scm.bz\/protection-support\/\" \/>\n<meta property=\"og:site_name\" content=\"\u0627\u0644\u0645\u0631\u0643\u0632 \u0627\u0644\u0633\u0648\u0631\u064a \u0644\u0644\u0625\u0639\u0644\u0627\u0645 \u0648\u062d\u0631\u064a\u0629 \u0627\u0644\u062a\u0639\u0628\u064a\u0631 Syrian Center for Media and Freedom of Expression\" \/>\n<meta property=\"article:publisher\" content=\"https:\/\/www.facebook.com\/scm.center\" \/>\n<meta property=\"article:modified_time\" content=\"2021-02-25T10:59:13+00:00\" \/>\n<meta property=\"og:image\" content=\"https:\/\/scm.bz\/wp-content\/uploads\/2021\/01\/SCM-logo-1-with-Clear-Space-1-2.png\" \/>\n\t<meta property=\"og:image:width\" content=\"1450\" \/>\n\t<meta property=\"og:image:height\" content=\"1450\" \/>\n\t<meta property=\"og:image:type\" content=\"image\/png\" \/>\n<meta name=\"twitter:card\" content=\"summary_large_image\" \/>\n<meta name=\"twitter:site\" content=\"@SyrianCenter\" \/>\n<meta name=\"twitter:label1\" content=\"Est. reading time\" \/>\n\t<meta name=\"twitter:data1\" content=\"3 minutes\" \/>\n<script type=\"application\/ld+json\" class=\"yoast-schema-graph\">{\"@context\":\"https:\/\/schema.org\",\"@graph\":[{\"@type\":\"WebPage\",\"@id\":\"https:\/\/scm.bz\/protection-support\/\",\"url\":\"https:\/\/scm.bz\/protection-support\/\",\"name\":\"Parastin \u00fb Pi\u015ftgir\u00ee - \u0627\u0644\u0645\u0631\u0643\u0632 \u0627\u0644\u0633\u0648\u0631\u064a \u0644\u0644\u0625\u0639\u0644\u0627\u0645 \u0648\u062d\u0631\u064a\u0629 \u0627\u0644\u062a\u0639\u0628\u064a\u0631 Syrian Center for Media and Freedom of Expression\",\"isPartOf\":{\"@id\":\"https:\/\/scm.bz\/#website\"},\"datePublished\":\"2017-03-13T22:41:22+00:00\",\"dateModified\":\"2021-02-25T10:59:13+00:00\",\"breadcrumb\":{\"@id\":\"https:\/\/scm.bz\/protection-support\/#breadcrumb\"},\"inLanguage\":\"kmr\",\"potentialAction\":[{\"@type\":\"ReadAction\",\"target\":[\"https:\/\/scm.bz\/protection-support\/\"]}]},{\"@type\":\"BreadcrumbList\",\"@id\":\"https:\/\/scm.bz\/protection-support\/#breadcrumb\",\"itemListElement\":[{\"@type\":\"ListItem\",\"position\":1,\"name\":\"Home\",\"item\":\"https:\/\/scm.bz\/kmr\/\"},{\"@type\":\"ListItem\",\"position\":2,\"name\":\"Parastin \u00fb Pi\u015ftgir\u00ee\"}]},{\"@type\":\"WebSite\",\"@id\":\"https:\/\/scm.bz\/#website\",\"url\":\"https:\/\/scm.bz\/\",\"name\":\"\u0627\u0644\u0645\u0631\u0643\u0632 \u0627\u0644\u0633\u0648\u0631\u064a \u0644\u0644\u0625\u0639\u0644\u0627\u0645 \u0648\u062d\u0631\u064a\u0629 \u0627\u0644\u062a\u0639\u0628\u064a\u0631 Syrian Center for Media and Freedom of Expression\",\"description\":\"\",\"publisher\":{\"@id\":\"https:\/\/scm.bz\/#organization\"},\"potentialAction\":[{\"@type\":\"SearchAction\",\"target\":{\"@type\":\"EntryPoint\",\"urlTemplate\":\"https:\/\/scm.bz\/?s={search_term_string}\"},\"query-input\":{\"@type\":\"PropertyValueSpecification\",\"valueRequired\":true,\"valueName\":\"search_term_string\"}}],\"inLanguage\":\"kmr\"},{\"@type\":\"Organization\",\"@id\":\"https:\/\/scm.bz\/#organization\",\"name\":\"\u0627\u0644\u0645\u0631\u0643\u0632 \u0627\u0644\u0633\u0648\u0631\u064a \u0644\u0644\u0625\u0639\u0644\u0627\u0645 \u0648\u062d\u0631\u064a\u0629 \u0627\u0644\u062a\u0639\u0628\u064a\u0631 Syrian Center for Media and Freedom of Expression\",\"url\":\"https:\/\/scm.bz\/\",\"logo\":{\"@type\":\"ImageObject\",\"inLanguage\":\"kmr\",\"@id\":\"https:\/\/scm.bz\/#\/schema\/logo\/image\/\",\"url\":\"http:\/\/scm.bz\/wp-content\/uploads\/2021\/01\/SCM-logo-1-with-Clear-Space-1-2.png\",\"contentUrl\":\"http:\/\/scm.bz\/wp-content\/uploads\/2021\/01\/SCM-logo-1-with-Clear-Space-1-2.png\",\"width\":1450,\"height\":1450,\"caption\":\"\u0627\u0644\u0645\u0631\u0643\u0632 \u0627\u0644\u0633\u0648\u0631\u064a \u0644\u0644\u0625\u0639\u0644\u0627\u0645 \u0648\u062d\u0631\u064a\u0629 \u0627\u0644\u062a\u0639\u0628\u064a\u0631 Syrian Center for Media and Freedom of Expression\"},\"image\":{\"@id\":\"https:\/\/scm.bz\/#\/schema\/logo\/image\/\"},\"sameAs\":[\"https:\/\/www.facebook.com\/scm.center\",\"https:\/\/x.com\/SyrianCenter\"]}]}<\/script>\n<!-- \/ Yoast SEO Premium plugin. -->","yoast_head_json":{"title":"Parastin \u00fb Pi\u015ftgir\u00ee - \u0627\u0644\u0645\u0631\u0643\u0632 \u0627\u0644\u0633\u0648\u0631\u064a \u0644\u0644\u0625\u0639\u0644\u0627\u0645 \u0648\u062d\u0631\u064a\u0629 \u0627\u0644\u062a\u0639\u0628\u064a\u0631 Syrian Center for Media and Freedom of Expression","robots":{"index":"index","follow":"follow","max-snippet":"max-snippet:-1","max-image-preview":"max-image-preview:large","max-video-preview":"max-video-preview:-1"},"canonical":"https:\/\/scm.bz\/protection-support\/","og_locale":"en_US","og_type":"article","og_title":"Parastin \u00fb Pi\u015ftgir\u00ee","og_description":"Navenda S\u00fbr\u00eeyay\u00ee ya Ragihandin\u00ea \u00fb Azad\u00eeya Derbir\u00een\u00ea dixwaze bi r\u00eaya be\u015f\u00ea parastin \u00fb pi\u015ftgir\u00eey\u00ea di nava Mala Rojnameger\u00ee de, li gel r\u00eaxistin\u00ean al\u00eekar, hem\u00fb \u015f\u00eawaz\u00ean pi\u015ftgir\u00ee \u00fb parastin\u00ea y\u00ean peyda ji rojnamegeran re p\u00ea\u015fk\u00ea\u015f bike da ku karibin kar\u00ea xwe di rew\u015feke ewle de berdewam bikin. &nbsp; S\u00eewana pi\u015ftgir\u00eey\u00ea S\u00eewana pi\u015ftgir\u00eey\u00ea gelek form \u00fb m\u00eekan\u00eezm\u00ean","og_url":"https:\/\/scm.bz\/protection-support\/","og_site_name":"\u0627\u0644\u0645\u0631\u0643\u0632 \u0627\u0644\u0633\u0648\u0631\u064a \u0644\u0644\u0625\u0639\u0644\u0627\u0645 \u0648\u062d\u0631\u064a\u0629 \u0627\u0644\u062a\u0639\u0628\u064a\u0631 Syrian Center for Media and Freedom of Expression","article_publisher":"https:\/\/www.facebook.com\/scm.center","article_modified_time":"2021-02-25T10:59:13+00:00","og_image":[{"width":1450,"height":1450,"url":"https:\/\/scm.bz\/wp-content\/uploads\/2021\/01\/SCM-logo-1-with-Clear-Space-1-2.png","type":"image\/png"}],"twitter_card":"summary_large_image","twitter_site":"@SyrianCenter","twitter_misc":{"Est. reading time":"3 minutes"},"schema":{"@context":"https:\/\/schema.org","@graph":[{"@type":"WebPage","@id":"https:\/\/scm.bz\/protection-support\/","url":"https:\/\/scm.bz\/protection-support\/","name":"Parastin \u00fb Pi\u015ftgir\u00ee - \u0627\u0644\u0645\u0631\u0643\u0632 \u0627\u0644\u0633\u0648\u0631\u064a \u0644\u0644\u0625\u0639\u0644\u0627\u0645 \u0648\u062d\u0631\u064a\u0629 \u0627\u0644\u062a\u0639\u0628\u064a\u0631 Syrian Center for Media and Freedom of Expression","isPartOf":{"@id":"https:\/\/scm.bz\/#website"},"datePublished":"2017-03-13T22:41:22+00:00","dateModified":"2021-02-25T10:59:13+00:00","breadcrumb":{"@id":"https:\/\/scm.bz\/protection-support\/#breadcrumb"},"inLanguage":"kmr","potentialAction":[{"@type":"ReadAction","target":["https:\/\/scm.bz\/protection-support\/"]}]},{"@type":"BreadcrumbList","@id":"https:\/\/scm.bz\/protection-support\/#breadcrumb","itemListElement":[{"@type":"ListItem","position":1,"name":"Home","item":"https:\/\/scm.bz\/kmr\/"},{"@type":"ListItem","position":2,"name":"Parastin \u00fb Pi\u015ftgir\u00ee"}]},{"@type":"WebSite","@id":"https:\/\/scm.bz\/#website","url":"https:\/\/scm.bz\/","name":"\u0627\u0644\u0645\u0631\u0643\u0632 \u0627\u0644\u0633\u0648\u0631\u064a \u0644\u0644\u0625\u0639\u0644\u0627\u0645 \u0648\u062d\u0631\u064a\u0629 \u0627\u0644\u062a\u0639\u0628\u064a\u0631 Syrian Center for Media and Freedom of Expression","description":"","publisher":{"@id":"https:\/\/scm.bz\/#organization"},"potentialAction":[{"@type":"SearchAction","target":{"@type":"EntryPoint","urlTemplate":"https:\/\/scm.bz\/?s={search_term_string}"},"query-input":{"@type":"PropertyValueSpecification","valueRequired":true,"valueName":"search_term_string"}}],"inLanguage":"kmr"},{"@type":"Organization","@id":"https:\/\/scm.bz\/#organization","name":"\u0627\u0644\u0645\u0631\u0643\u0632 \u0627\u0644\u0633\u0648\u0631\u064a \u0644\u0644\u0625\u0639\u0644\u0627\u0645 \u0648\u062d\u0631\u064a\u0629 \u0627\u0644\u062a\u0639\u0628\u064a\u0631 Syrian Center for Media and Freedom of Expression","url":"https:\/\/scm.bz\/","logo":{"@type":"ImageObject","inLanguage":"kmr","@id":"https:\/\/scm.bz\/#\/schema\/logo\/image\/","url":"http:\/\/scm.bz\/wp-content\/uploads\/2021\/01\/SCM-logo-1-with-Clear-Space-1-2.png","contentUrl":"http:\/\/scm.bz\/wp-content\/uploads\/2021\/01\/SCM-logo-1-with-Clear-Space-1-2.png","width":1450,"height":1450,"caption":"\u0627\u0644\u0645\u0631\u0643\u0632 \u0627\u0644\u0633\u0648\u0631\u064a \u0644\u0644\u0625\u0639\u0644\u0627\u0645 \u0648\u062d\u0631\u064a\u0629 \u0627\u0644\u062a\u0639\u0628\u064a\u0631 Syrian Center for Media and Freedom of Expression"},"image":{"@id":"https:\/\/scm.bz\/#\/schema\/logo\/image\/"},"sameAs":["https:\/\/www.facebook.com\/scm.center","https:\/\/x.com\/SyrianCenter"]}]}},"_links":{"self":[{"href":"https:\/\/scm.bz\/kmr\/wp-json\/wp\/v2\/pages\/180662","targetHints":{"allow":["GET"]}}],"collection":[{"href":"https:\/\/scm.bz\/kmr\/wp-json\/wp\/v2\/pages"}],"about":[{"href":"https:\/\/scm.bz\/kmr\/wp-json\/wp\/v2\/types\/page"}],"author":[{"embeddable":true,"href":"https:\/\/scm.bz\/kmr\/wp-json\/wp\/v2\/users\/24"}],"replies":[{"embeddable":true,"href":"https:\/\/scm.bz\/kmr\/wp-json\/wp\/v2\/comments?post=180662"}],"version-history":[{"count":0,"href":"https:\/\/scm.bz\/kmr\/wp-json\/wp\/v2\/pages\/180662\/revisions"}],"wp:attachment":[{"href":"https:\/\/scm.bz\/kmr\/wp-json\/wp\/v2\/media?parent=180662"}],"curies":[{"name":"wp","href":"https:\/\/api.w.org\/{rel}","templated":true}]}}