{"id":180660,"date":"2017-04-25T15:56:44","date_gmt":"2017-04-25T13:56:44","guid":{"rendered":"https:\/\/scm.bz\/em-ci-kari-dikin"},"modified":"2017-04-25T15:56:44","modified_gmt":"2017-04-25T13:56:44","slug":"em-ci-kari-dikin","status":"publish","type":"page","link":"https:\/\/scm.bz\/kmr\/em-ci-kari-dikin\/","title":{"rendered":"Em \u00e7i kar\u00ee dikin?"},"content":{"rendered":"<p dir=\"ltr\">Li gor bawer\u00eey\u00ean me, heb\u00fbna civakeke s\u00eev\u00eel \u00fb ragihandineke azad \u00fb rexnekar, r\u00eayeke mis\u00fbger e bo avakirina demokras\u00eey\u00ea li S\u00fbryay\u00ea. Di sal\u00ean 2016 \u2013 2017yan de, Navenda S\u00fbryay\u00ee ya Ragihandin\u00ea \u00fb Azad\u00eeya Derbir\u00een\u00ea, pi\u015ft\u00ee sivikkirina \u00e7alak\u00eey\u00ean xwe ji ber girtina piran\u00eeya karmend\u00ean w\u00ea di 2012an de, ji n\u00fb ve dest bi \u00e7alak\u00eey\u00ean xwe kir. \u00ceroj, Navend roleke sereke di civandina civaka s\u00eev\u00eel a S\u00fbryay\u00ee der bar\u00ea a\u015ft\u00eey\u00ea \u00fb lihevkirin\u00ea, diger\u00eene. Kar\u00ea me li ser p\u00eanc xal\u00ean sereke dixebitee<\/p>\n<ul dir=\"ltr\">\n<li>\u00c7alakkirina civaka s\u00eev\u00eel ji bo vekol\u00een \u00fb naskirina \u00e7areser\u00eeyeke s\u00eeyas\u00ee bo rew\u015fa S\u00fbryay\u00ea herweha belavkirina a\u015ft\u00ee \u00fb lihevkirin\u00ea di civaka S\u00fbryay\u00ee de.<\/li>\n<li>Em li p\u00ea\u015f navend\u00ean navdewlet\u00ee; berevan\u00eey\u00ea di ber doz\u00ean S\u00fbryay\u00ee de dikin, nemaze di encumena maf\u00ean mirovan de ya Netew\u00ean Yekb\u00fby\u00ee, ev yek j\u00ee bi r\u00eaya posta me ya \u015f\u00eawirdar\u00eey\u00ea di enc\u00fbmena ab\u00fbr\u00ee \u00fb civak\u00ee ya NYy\u00ea.<\/li>\n<li>Em li ser silamet\u00ee \u00fb ewleh\u00eeya rojnameger \u00fb karmend\u00ean ragihandin\u00ea di hundir\u00ea S\u00fbryay\u00ea de kar dikin.<\/li>\n<li>Em pi\u015ftgir\u00ee \u00fb al\u00eekar\u00eeya avakirina ragihandineke p\u00ee\u015fe, azad \u00fb serbixwe li S\u00fbryay\u00ea dikin, ew j\u00ee bi r\u00eaya perwerdeyan \u00fb kar\u00ea li gel dezgeh\u00ean ragihandin\u00ea re, da ku di encam\u00ea dep\u00ea\u015fketinek di dezgeh \u00fb naveroka ragihandina S\u00fbryay\u00ee de were bidestxistin.<\/li>\n<li>Em bi belavkirina hizira pirreng\u00ee \u00fb wekhev\u00eey\u00ea di civaka S\u00fbryay\u00ee de \u00fb dijat\u00eeya gotara dijiminah\u00eey\u00ea \u00fb belavkirina s\u00eestema nenavend\u00eey\u00ea, pabend in.<\/li>\n<li>Em li ser pi\u015ftgir\u00eeya maf\u00ea belavkirin \u00fb giha\u015ftina agah\u00eeyan weke gaveke avakirina zelal\u00eey\u00ea di dezgeh\u00ean ferm\u00ee de, kar dikin.<\/li>\n<li><\/li>\n<\/ul>\n<p dir=\"ltr\"><span style=\"color: #ff0000;\"><strong>Em li kuder\u00ea kar dikin?<\/strong><\/span><\/p>\n<p dir=\"ltr\">Em di hundir\u00ea S\u00fbryay\u00ea de \u00fb di nav S\u00fbryay\u00eey\u00ean ji derve de kar dikin.<\/p>\n","protected":false},"excerpt":{"rendered":"<p>Li gor bawer\u00eey\u00ean me, heb\u00fbna civakeke s\u00eev\u00eel \u00fb ragihandineke azad \u00fb rexnekar, r\u00eayeke mis\u00fbger e bo avakirina demokras\u00eey\u00ea li S\u00fbryay\u00ea. Di sal\u00ean 2016 \u2013 2017yan de, Navenda S\u00fbryay\u00ee ya Ragihandin\u00ea \u00fb Azad\u00eeya Derbir\u00een\u00ea, pi\u015ft\u00ee sivikkirina \u00e7alak\u00eey\u00ean xwe ji ber girtina piran\u00eeya karmend\u00ean w\u00ea di 2012an de, ji n\u00fb ve dest bi \u00e7alak\u00eey\u00ean xwe kir. \u00ceroj, [&hellip;]<\/p>\n","protected":false},"author":24,"featured_media":0,"parent":0,"menu_order":0,"comment_status":"closed","ping_status":"closed","template":"","meta":{"_acf_changed":false,"footnotes":""},"class_list":["post-180660","page","type-page","status-publish","hentry","post-wrapper"],"acf":[],"yoast_head":"<!-- This site is optimized with the Yoast SEO Premium plugin v20.6 (Yoast SEO v26.5) - https:\/\/yoast.com\/wordpress\/plugins\/seo\/ -->\n<title>Em \u00e7i kar\u00ee dikin? - \u0627\u0644\u0645\u0631\u0643\u0632 \u0627\u0644\u0633\u0648\u0631\u064a \u0644\u0644\u0625\u0639\u0644\u0627\u0645 \u0648\u062d\u0631\u064a\u0629 \u0627\u0644\u062a\u0639\u0628\u064a\u0631 Syrian Center for Media and Freedom of Expression<\/title>\n<meta name=\"robots\" content=\"index, follow, max-snippet:-1, max-image-preview:large, max-video-preview:-1\" \/>\n<link rel=\"canonical\" href=\"https:\/\/scm.bz\/\u0645\u0627\u0630\u0627-\u0646\u0639\u0645\u0644\/\" \/>\n<meta property=\"og:locale\" content=\"en_US\" \/>\n<meta property=\"og:type\" content=\"article\" \/>\n<meta property=\"og:title\" content=\"Em \u00e7i kar\u00ee dikin?\" \/>\n<meta property=\"og:description\" content=\"Li gor bawer\u00eey\u00ean me, heb\u00fbna civakeke s\u00eev\u00eel \u00fb ragihandineke azad \u00fb rexnekar, r\u00eayeke mis\u00fbger e bo avakirina demokras\u00eey\u00ea li S\u00fbryay\u00ea. Di sal\u00ean 2016 \u2013 2017yan de, Navenda S\u00fbryay\u00ee ya Ragihandin\u00ea \u00fb Azad\u00eeya Derbir\u00een\u00ea, pi\u015ft\u00ee sivikkirina \u00e7alak\u00eey\u00ean xwe ji ber girtina piran\u00eeya karmend\u00ean w\u00ea di 2012an de, ji n\u00fb ve dest bi \u00e7alak\u00eey\u00ean xwe kir. \u00ceroj,\" \/>\n<meta property=\"og:url\" content=\"https:\/\/scm.bz\/\u0645\u0627\u0630\u0627-\u0646\u0639\u0645\u0644\/\" \/>\n<meta property=\"og:site_name\" content=\"\u0627\u0644\u0645\u0631\u0643\u0632 \u0627\u0644\u0633\u0648\u0631\u064a \u0644\u0644\u0625\u0639\u0644\u0627\u0645 \u0648\u062d\u0631\u064a\u0629 \u0627\u0644\u062a\u0639\u0628\u064a\u0631 Syrian Center for Media and Freedom of Expression\" \/>\n<meta property=\"article:publisher\" content=\"https:\/\/www.facebook.com\/scm.center\" \/>\n<meta property=\"og:image\" content=\"https:\/\/scm.bz\/wp-content\/uploads\/2021\/01\/SCM-logo-1-with-Clear-Space-1-2.png\" \/>\n\t<meta property=\"og:image:width\" content=\"1450\" \/>\n\t<meta property=\"og:image:height\" content=\"1450\" \/>\n\t<meta property=\"og:image:type\" content=\"image\/png\" \/>\n<meta name=\"twitter:card\" content=\"summary_large_image\" \/>\n<meta name=\"twitter:site\" content=\"@SyrianCenter\" \/>\n<meta name=\"twitter:label1\" content=\"Est. reading time\" \/>\n\t<meta name=\"twitter:data1\" content=\"2 minutes\" \/>\n<script type=\"application\/ld+json\" class=\"yoast-schema-graph\">{\"@context\":\"https:\/\/schema.org\",\"@graph\":[{\"@type\":\"WebPage\",\"@id\":\"https:\/\/scm.bz\/%d9%85%d8%a7%d8%b0%d8%a7-%d9%86%d8%b9%d9%85%d9%84\/\",\"url\":\"https:\/\/scm.bz\/%d9%85%d8%a7%d8%b0%d8%a7-%d9%86%d8%b9%d9%85%d9%84\/\",\"name\":\"Em \u00e7i kar\u00ee dikin? - \u0627\u0644\u0645\u0631\u0643\u0632 \u0627\u0644\u0633\u0648\u0631\u064a \u0644\u0644\u0625\u0639\u0644\u0627\u0645 \u0648\u062d\u0631\u064a\u0629 \u0627\u0644\u062a\u0639\u0628\u064a\u0631 Syrian Center for Media and Freedom of Expression\",\"isPartOf\":{\"@id\":\"https:\/\/scm.bz\/#website\"},\"datePublished\":\"2017-04-25T13:56:44+00:00\",\"breadcrumb\":{\"@id\":\"https:\/\/scm.bz\/%d9%85%d8%a7%d8%b0%d8%a7-%d9%86%d8%b9%d9%85%d9%84\/#breadcrumb\"},\"inLanguage\":\"kmr\",\"potentialAction\":[{\"@type\":\"ReadAction\",\"target\":[\"https:\/\/scm.bz\/%d9%85%d8%a7%d8%b0%d8%a7-%d9%86%d8%b9%d9%85%d9%84\/\"]}]},{\"@type\":\"BreadcrumbList\",\"@id\":\"https:\/\/scm.bz\/%d9%85%d8%a7%d8%b0%d8%a7-%d9%86%d8%b9%d9%85%d9%84\/#breadcrumb\",\"itemListElement\":[{\"@type\":\"ListItem\",\"position\":1,\"name\":\"Home\",\"item\":\"https:\/\/scm.bz\/kmr\/\"},{\"@type\":\"ListItem\",\"position\":2,\"name\":\"Em \u00e7i kar\u00ee dikin?\"}]},{\"@type\":\"WebSite\",\"@id\":\"https:\/\/scm.bz\/#website\",\"url\":\"https:\/\/scm.bz\/\",\"name\":\"\u0627\u0644\u0645\u0631\u0643\u0632 \u0627\u0644\u0633\u0648\u0631\u064a \u0644\u0644\u0625\u0639\u0644\u0627\u0645 \u0648\u062d\u0631\u064a\u0629 \u0627\u0644\u062a\u0639\u0628\u064a\u0631 Syrian Center for Media and Freedom of Expression\",\"description\":\"\",\"publisher\":{\"@id\":\"https:\/\/scm.bz\/#organization\"},\"potentialAction\":[{\"@type\":\"SearchAction\",\"target\":{\"@type\":\"EntryPoint\",\"urlTemplate\":\"https:\/\/scm.bz\/?s={search_term_string}\"},\"query-input\":{\"@type\":\"PropertyValueSpecification\",\"valueRequired\":true,\"valueName\":\"search_term_string\"}}],\"inLanguage\":\"kmr\"},{\"@type\":\"Organization\",\"@id\":\"https:\/\/scm.bz\/#organization\",\"name\":\"\u0627\u0644\u0645\u0631\u0643\u0632 \u0627\u0644\u0633\u0648\u0631\u064a \u0644\u0644\u0625\u0639\u0644\u0627\u0645 \u0648\u062d\u0631\u064a\u0629 \u0627\u0644\u062a\u0639\u0628\u064a\u0631 Syrian Center for Media and Freedom of Expression\",\"url\":\"https:\/\/scm.bz\/\",\"logo\":{\"@type\":\"ImageObject\",\"inLanguage\":\"kmr\",\"@id\":\"https:\/\/scm.bz\/#\/schema\/logo\/image\/\",\"url\":\"http:\/\/scm.bz\/wp-content\/uploads\/2021\/01\/SCM-logo-1-with-Clear-Space-1-2.png\",\"contentUrl\":\"http:\/\/scm.bz\/wp-content\/uploads\/2021\/01\/SCM-logo-1-with-Clear-Space-1-2.png\",\"width\":1450,\"height\":1450,\"caption\":\"\u0627\u0644\u0645\u0631\u0643\u0632 \u0627\u0644\u0633\u0648\u0631\u064a \u0644\u0644\u0625\u0639\u0644\u0627\u0645 \u0648\u062d\u0631\u064a\u0629 \u0627\u0644\u062a\u0639\u0628\u064a\u0631 Syrian Center for Media and Freedom of Expression\"},\"image\":{\"@id\":\"https:\/\/scm.bz\/#\/schema\/logo\/image\/\"},\"sameAs\":[\"https:\/\/www.facebook.com\/scm.center\",\"https:\/\/x.com\/SyrianCenter\"]}]}<\/script>\n<!-- \/ Yoast SEO Premium plugin. -->","yoast_head_json":{"title":"Em \u00e7i kar\u00ee dikin? - \u0627\u0644\u0645\u0631\u0643\u0632 \u0627\u0644\u0633\u0648\u0631\u064a \u0644\u0644\u0625\u0639\u0644\u0627\u0645 \u0648\u062d\u0631\u064a\u0629 \u0627\u0644\u062a\u0639\u0628\u064a\u0631 Syrian Center for Media and Freedom of Expression","robots":{"index":"index","follow":"follow","max-snippet":"max-snippet:-1","max-image-preview":"max-image-preview:large","max-video-preview":"max-video-preview:-1"},"canonical":"https:\/\/scm.bz\/\u0645\u0627\u0630\u0627-\u0646\u0639\u0645\u0644\/","og_locale":"en_US","og_type":"article","og_title":"Em \u00e7i kar\u00ee dikin?","og_description":"Li gor bawer\u00eey\u00ean me, heb\u00fbna civakeke s\u00eev\u00eel \u00fb ragihandineke azad \u00fb rexnekar, r\u00eayeke mis\u00fbger e bo avakirina demokras\u00eey\u00ea li S\u00fbryay\u00ea. Di sal\u00ean 2016 \u2013 2017yan de, Navenda S\u00fbryay\u00ee ya Ragihandin\u00ea \u00fb Azad\u00eeya Derbir\u00een\u00ea, pi\u015ft\u00ee sivikkirina \u00e7alak\u00eey\u00ean xwe ji ber girtina piran\u00eeya karmend\u00ean w\u00ea di 2012an de, ji n\u00fb ve dest bi \u00e7alak\u00eey\u00ean xwe kir. \u00ceroj,","og_url":"https:\/\/scm.bz\/\u0645\u0627\u0630\u0627-\u0646\u0639\u0645\u0644\/","og_site_name":"\u0627\u0644\u0645\u0631\u0643\u0632 \u0627\u0644\u0633\u0648\u0631\u064a \u0644\u0644\u0625\u0639\u0644\u0627\u0645 \u0648\u062d\u0631\u064a\u0629 \u0627\u0644\u062a\u0639\u0628\u064a\u0631 Syrian Center for Media and Freedom of Expression","article_publisher":"https:\/\/www.facebook.com\/scm.center","og_image":[{"width":1450,"height":1450,"url":"https:\/\/scm.bz\/wp-content\/uploads\/2021\/01\/SCM-logo-1-with-Clear-Space-1-2.png","type":"image\/png"}],"twitter_card":"summary_large_image","twitter_site":"@SyrianCenter","twitter_misc":{"Est. reading time":"2 minutes"},"schema":{"@context":"https:\/\/schema.org","@graph":[{"@type":"WebPage","@id":"https:\/\/scm.bz\/%d9%85%d8%a7%d8%b0%d8%a7-%d9%86%d8%b9%d9%85%d9%84\/","url":"https:\/\/scm.bz\/%d9%85%d8%a7%d8%b0%d8%a7-%d9%86%d8%b9%d9%85%d9%84\/","name":"Em \u00e7i kar\u00ee dikin? - \u0627\u0644\u0645\u0631\u0643\u0632 \u0627\u0644\u0633\u0648\u0631\u064a \u0644\u0644\u0625\u0639\u0644\u0627\u0645 \u0648\u062d\u0631\u064a\u0629 \u0627\u0644\u062a\u0639\u0628\u064a\u0631 Syrian Center for Media and Freedom of Expression","isPartOf":{"@id":"https:\/\/scm.bz\/#website"},"datePublished":"2017-04-25T13:56:44+00:00","breadcrumb":{"@id":"https:\/\/scm.bz\/%d9%85%d8%a7%d8%b0%d8%a7-%d9%86%d8%b9%d9%85%d9%84\/#breadcrumb"},"inLanguage":"kmr","potentialAction":[{"@type":"ReadAction","target":["https:\/\/scm.bz\/%d9%85%d8%a7%d8%b0%d8%a7-%d9%86%d8%b9%d9%85%d9%84\/"]}]},{"@type":"BreadcrumbList","@id":"https:\/\/scm.bz\/%d9%85%d8%a7%d8%b0%d8%a7-%d9%86%d8%b9%d9%85%d9%84\/#breadcrumb","itemListElement":[{"@type":"ListItem","position":1,"name":"Home","item":"https:\/\/scm.bz\/kmr\/"},{"@type":"ListItem","position":2,"name":"Em \u00e7i kar\u00ee dikin?"}]},{"@type":"WebSite","@id":"https:\/\/scm.bz\/#website","url":"https:\/\/scm.bz\/","name":"\u0627\u0644\u0645\u0631\u0643\u0632 \u0627\u0644\u0633\u0648\u0631\u064a \u0644\u0644\u0625\u0639\u0644\u0627\u0645 \u0648\u062d\u0631\u064a\u0629 \u0627\u0644\u062a\u0639\u0628\u064a\u0631 Syrian Center for Media and Freedom of Expression","description":"","publisher":{"@id":"https:\/\/scm.bz\/#organization"},"potentialAction":[{"@type":"SearchAction","target":{"@type":"EntryPoint","urlTemplate":"https:\/\/scm.bz\/?s={search_term_string}"},"query-input":{"@type":"PropertyValueSpecification","valueRequired":true,"valueName":"search_term_string"}}],"inLanguage":"kmr"},{"@type":"Organization","@id":"https:\/\/scm.bz\/#organization","name":"\u0627\u0644\u0645\u0631\u0643\u0632 \u0627\u0644\u0633\u0648\u0631\u064a \u0644\u0644\u0625\u0639\u0644\u0627\u0645 \u0648\u062d\u0631\u064a\u0629 \u0627\u0644\u062a\u0639\u0628\u064a\u0631 Syrian Center for Media and Freedom of Expression","url":"https:\/\/scm.bz\/","logo":{"@type":"ImageObject","inLanguage":"kmr","@id":"https:\/\/scm.bz\/#\/schema\/logo\/image\/","url":"http:\/\/scm.bz\/wp-content\/uploads\/2021\/01\/SCM-logo-1-with-Clear-Space-1-2.png","contentUrl":"http:\/\/scm.bz\/wp-content\/uploads\/2021\/01\/SCM-logo-1-with-Clear-Space-1-2.png","width":1450,"height":1450,"caption":"\u0627\u0644\u0645\u0631\u0643\u0632 \u0627\u0644\u0633\u0648\u0631\u064a \u0644\u0644\u0625\u0639\u0644\u0627\u0645 \u0648\u062d\u0631\u064a\u0629 \u0627\u0644\u062a\u0639\u0628\u064a\u0631 Syrian Center for Media and Freedom of Expression"},"image":{"@id":"https:\/\/scm.bz\/#\/schema\/logo\/image\/"},"sameAs":["https:\/\/www.facebook.com\/scm.center","https:\/\/x.com\/SyrianCenter"]}]}},"_links":{"self":[{"href":"https:\/\/scm.bz\/kmr\/wp-json\/wp\/v2\/pages\/180660","targetHints":{"allow":["GET"]}}],"collection":[{"href":"https:\/\/scm.bz\/kmr\/wp-json\/wp\/v2\/pages"}],"about":[{"href":"https:\/\/scm.bz\/kmr\/wp-json\/wp\/v2\/types\/page"}],"author":[{"embeddable":true,"href":"https:\/\/scm.bz\/kmr\/wp-json\/wp\/v2\/users\/24"}],"replies":[{"embeddable":true,"href":"https:\/\/scm.bz\/kmr\/wp-json\/wp\/v2\/comments?post=180660"}],"version-history":[{"count":0,"href":"https:\/\/scm.bz\/kmr\/wp-json\/wp\/v2\/pages\/180660\/revisions"}],"wp:attachment":[{"href":"https:\/\/scm.bz\/kmr\/wp-json\/wp\/v2\/media?parent=180660"}],"curies":[{"name":"wp","href":"https:\/\/api.w.org\/{rel}","templated":true}]}}