{"id":180659,"date":"2017-04-25T15:58:25","date_gmt":"2017-04-25T13:58:25","guid":{"rendered":"https:\/\/scm.bz\/programen-navende"},"modified":"2018-11-29T13:05:34","modified_gmt":"2018-11-29T11:05:34","slug":"programen-navende","status":"publish","type":"page","link":"https:\/\/scm.bz\/kmr\/programen-navende\/","title":{"rendered":"Program\u00ean SCM\u00ea"},"content":{"rendered":"<ul dir=\"ltr\">\n<li style=\"font-weight: 400;\"><a href=\"https:\/\/scm.bz\/ku\/programs\/%D8%A7%D9%84%D8%A8%D9%8A%D8%AA-%D8%A7%D9%84%D8%B5%D8%AD%D9%81%D9%8A\"><span style=\"font-weight: 400;\">Mala Rojnameger<\/span><\/a><span style=\"font-weight: 400;\"> : deverke civandina, hevd\u00eetin\u00ean, avakirin \u00fb berevan\u00eeya di ber rojnamegeran de ye di dema girtin an metirs\u00eey\u00ea de. (d\u00ea li Gaz\u00ee \u00centap\u00ea were avakirin)<\/span><\/li>\n<li style=\"font-weight: 400;\"><a href=\"https:\/\/scm.bz\/ku\/programs\/%D8%AA%D9%85%D9%83%D9%8A%D9%86-%D8%A7%D9%84%D9%85%D8%AC%D8%AA%D9%85%D8%B9-%D8%A7%D9%84%D9%85%D8%AF%D9%86%D9%8A-%D8%A7%D9%84%D8%B3%D9%88%D8%B1%D9%8A-%D9%81%D9%8A-%D8%B9%D9%85%D9%84%D9%8A%D8%A9-%D8%A7\"><span style=\"font-weight: 400;\">\u00c7alakkirina Rola Civaka S\u00eev\u00eel a S\u00fbryay\u00ee di P\u00eavajoya A\u015ft\u00eey\u00ea de<\/span><\/a><span style=\"font-weight: 400;\">: \u00e7espandina rola civaka siv\u00eel bi r\u00eaya hevr\u00eazkirina di nav dezgeh\u00ean w\u00ea de \u00fb bikaran\u00eena NYy\u00ea weke platformek\u00ea bo gihandina deng\u00ea wan, \u00e7i ku navend ji sala 2010 an ve di posta \u015f\u00eawirdar\u00eey\u00ea di NYy\u00ea de ye.<\/span><\/li>\n<li style=\"font-weight: 400;\"><a href=\"https:\/\/scm.bz\/ku\/programs\/%D9%85%D8%B1%D8%B5%D8%AF-%D8%AE%D8%B7%D8%A7%D8%A8-%D8%A7%D9%84%D8%B9%D9%86%D9%81-%D9%88%D8%A7%D9%84%D9%83%D8%B1%D8%A7%D9%87%D9%8A%D9%91%D8%A9\"><span style=\"font-weight: 400;\">Rewangeha Gotara Tund\u00ee \u00fb Nefretkirin\u00ea<\/span><\/a><span style=\"font-weight: 400;\">: Belgekirin \u00fb \u015fopandina gotara dijminah\u00eey\u00ea di dezgeh\u00ean ragihandin\u00ea de \u00fb s\u00eenorkirina w\u00ea. Malpereke rojnameger\u00ee bi nav\u00ea (D\u00eemena S\u00fbryay\u00ee)<\/span><\/li>\n<li dir=\"ltr\"><a href=\"https:\/\/scm.bz\/ku\/programs\/%D8%A7%D9%84%D9%85%D8%B3%D8%A7%D8%A1%D9%84%D8%A9-%D9%88%D8%A7%D9%84%D8%B9%D8%AF%D8%A7%D9%84%D8%A9-%D8%A7%D9%84%D8%A7%D9%86%D8%AA%D9%82%D8%A7%D9%84%D9%8A%D8%A9\"><span style=\"font-weight: 400;\">Sezakirin \u00fb Dadmend\u00eeya Veguh\u00eaz<\/span><\/a><span style=\"font-weight: 400;\">: Dozl\u00eavekirina dij\u00ee tawanbar\u00ean cenga li S\u00fbryay\u00ea, v\u00ea yek\u00ea li Francey\u00ea dest p\u00ea kir ku doz li dij\u00ee Be\u015far El-Esed hate vekirin ji ber windakirina ne\u00e7ar bo her du welat\u00eey\u00ean Fransiz Mazin Debax \u00fb law\u00ea w\u00ee Patr\u00eak.<\/span><\/li>\n<\/ul>\n","protected":false},"excerpt":{"rendered":"<p>Mala Rojnameger : deverke civandina, hevd\u00eetin\u00ean, avakirin \u00fb berevan\u00eeya di ber rojnamegeran de ye di dema girtin an metirs\u00eey\u00ea de. (d\u00ea li Gaz\u00ee \u00centap\u00ea were avakirin) \u00c7alakkirina Rola Civaka S\u00eev\u00eel a S\u00fbryay\u00ee di P\u00eavajoya A\u015ft\u00eey\u00ea de: \u00e7espandina rola civaka siv\u00eel bi r\u00eaya hevr\u00eazkirina di nav dezgeh\u00ean w\u00ea de \u00fb bikaran\u00eena NYy\u00ea weke platformek\u00ea bo gihandina [&hellip;]<\/p>\n","protected":false},"author":24,"featured_media":0,"parent":0,"menu_order":0,"comment_status":"closed","ping_status":"closed","template":"","meta":{"_acf_changed":false,"footnotes":""},"class_list":["post-180659","page","type-page","status-publish","hentry","post-wrapper"],"acf":[],"yoast_head":"<!-- This site is optimized with the Yoast SEO Premium plugin v20.6 (Yoast SEO v26.5) - https:\/\/yoast.com\/wordpress\/plugins\/seo\/ -->\n<title>Program\u00ean SCM\u00ea - \u0627\u0644\u0645\u0631\u0643\u0632 \u0627\u0644\u0633\u0648\u0631\u064a \u0644\u0644\u0625\u0639\u0644\u0627\u0645 \u0648\u062d\u0631\u064a\u0629 \u0627\u0644\u062a\u0639\u0628\u064a\u0631 Syrian Center for Media and Freedom of Expression<\/title>\n<meta name=\"robots\" content=\"index, follow, max-snippet:-1, max-image-preview:large, max-video-preview:-1\" \/>\n<link rel=\"canonical\" href=\"https:\/\/scm.bz\/\u0628\u0631\u0627\u0645\u062c-\u0627\u0644\u0645\u0631\u0643\u0632\/\" \/>\n<meta property=\"og:locale\" content=\"en_US\" \/>\n<meta property=\"og:type\" content=\"article\" \/>\n<meta property=\"og:title\" content=\"Program\u00ean SCM\u00ea\" \/>\n<meta property=\"og:description\" content=\"Mala Rojnameger : deverke civandina, hevd\u00eetin\u00ean, avakirin \u00fb berevan\u00eeya di ber rojnamegeran de ye di dema girtin an metirs\u00eey\u00ea de. (d\u00ea li Gaz\u00ee \u00centap\u00ea were avakirin) \u00c7alakkirina Rola Civaka S\u00eev\u00eel a S\u00fbryay\u00ee di P\u00eavajoya A\u015ft\u00eey\u00ea de: \u00e7espandina rola civaka siv\u00eel bi r\u00eaya hevr\u00eazkirina di nav dezgeh\u00ean w\u00ea de \u00fb bikaran\u00eena NYy\u00ea weke platformek\u00ea bo gihandina\" \/>\n<meta property=\"og:url\" content=\"https:\/\/scm.bz\/\u0628\u0631\u0627\u0645\u062c-\u0627\u0644\u0645\u0631\u0643\u0632\/\" \/>\n<meta property=\"og:site_name\" content=\"\u0627\u0644\u0645\u0631\u0643\u0632 \u0627\u0644\u0633\u0648\u0631\u064a \u0644\u0644\u0625\u0639\u0644\u0627\u0645 \u0648\u062d\u0631\u064a\u0629 \u0627\u0644\u062a\u0639\u0628\u064a\u0631 Syrian Center for Media and Freedom of Expression\" \/>\n<meta property=\"article:publisher\" content=\"https:\/\/www.facebook.com\/scm.center\" \/>\n<meta property=\"article:modified_time\" content=\"2018-11-29T11:05:34+00:00\" \/>\n<meta property=\"og:image\" content=\"https:\/\/scm.bz\/wp-content\/uploads\/2021\/01\/SCM-logo-1-with-Clear-Space-1-2.png\" \/>\n\t<meta property=\"og:image:width\" content=\"1450\" \/>\n\t<meta property=\"og:image:height\" content=\"1450\" \/>\n\t<meta property=\"og:image:type\" content=\"image\/png\" \/>\n<meta name=\"twitter:card\" content=\"summary_large_image\" \/>\n<meta name=\"twitter:site\" content=\"@SyrianCenter\" \/>\n<meta name=\"twitter:label1\" content=\"Est. reading time\" \/>\n\t<meta name=\"twitter:data1\" content=\"1 minute\" \/>\n<script type=\"application\/ld+json\" class=\"yoast-schema-graph\">{\"@context\":\"https:\/\/schema.org\",\"@graph\":[{\"@type\":\"WebPage\",\"@id\":\"https:\/\/scm.bz\/%d8%a8%d8%b1%d8%a7%d9%85%d8%ac-%d8%a7%d9%84%d9%85%d8%b1%d9%83%d8%b2\/\",\"url\":\"https:\/\/scm.bz\/%d8%a8%d8%b1%d8%a7%d9%85%d8%ac-%d8%a7%d9%84%d9%85%d8%b1%d9%83%d8%b2\/\",\"name\":\"Program\u00ean SCM\u00ea - \u0627\u0644\u0645\u0631\u0643\u0632 \u0627\u0644\u0633\u0648\u0631\u064a \u0644\u0644\u0625\u0639\u0644\u0627\u0645 \u0648\u062d\u0631\u064a\u0629 \u0627\u0644\u062a\u0639\u0628\u064a\u0631 Syrian Center for Media and Freedom of Expression\",\"isPartOf\":{\"@id\":\"https:\/\/scm.bz\/#website\"},\"datePublished\":\"2017-04-25T13:58:25+00:00\",\"dateModified\":\"2018-11-29T11:05:34+00:00\",\"breadcrumb\":{\"@id\":\"https:\/\/scm.bz\/%d8%a8%d8%b1%d8%a7%d9%85%d8%ac-%d8%a7%d9%84%d9%85%d8%b1%d9%83%d8%b2\/#breadcrumb\"},\"inLanguage\":\"kmr\",\"potentialAction\":[{\"@type\":\"ReadAction\",\"target\":[\"https:\/\/scm.bz\/%d8%a8%d8%b1%d8%a7%d9%85%d8%ac-%d8%a7%d9%84%d9%85%d8%b1%d9%83%d8%b2\/\"]}]},{\"@type\":\"BreadcrumbList\",\"@id\":\"https:\/\/scm.bz\/%d8%a8%d8%b1%d8%a7%d9%85%d8%ac-%d8%a7%d9%84%d9%85%d8%b1%d9%83%d8%b2\/#breadcrumb\",\"itemListElement\":[{\"@type\":\"ListItem\",\"position\":1,\"name\":\"Home\",\"item\":\"https:\/\/scm.bz\/kmr\/\"},{\"@type\":\"ListItem\",\"position\":2,\"name\":\"Program\u00ean SCM\u00ea\"}]},{\"@type\":\"WebSite\",\"@id\":\"https:\/\/scm.bz\/#website\",\"url\":\"https:\/\/scm.bz\/\",\"name\":\"\u0627\u0644\u0645\u0631\u0643\u0632 \u0627\u0644\u0633\u0648\u0631\u064a \u0644\u0644\u0625\u0639\u0644\u0627\u0645 \u0648\u062d\u0631\u064a\u0629 \u0627\u0644\u062a\u0639\u0628\u064a\u0631 Syrian Center for Media and Freedom of Expression\",\"description\":\"\",\"publisher\":{\"@id\":\"https:\/\/scm.bz\/#organization\"},\"potentialAction\":[{\"@type\":\"SearchAction\",\"target\":{\"@type\":\"EntryPoint\",\"urlTemplate\":\"https:\/\/scm.bz\/?s={search_term_string}\"},\"query-input\":{\"@type\":\"PropertyValueSpecification\",\"valueRequired\":true,\"valueName\":\"search_term_string\"}}],\"inLanguage\":\"kmr\"},{\"@type\":\"Organization\",\"@id\":\"https:\/\/scm.bz\/#organization\",\"name\":\"\u0627\u0644\u0645\u0631\u0643\u0632 \u0627\u0644\u0633\u0648\u0631\u064a \u0644\u0644\u0625\u0639\u0644\u0627\u0645 \u0648\u062d\u0631\u064a\u0629 \u0627\u0644\u062a\u0639\u0628\u064a\u0631 Syrian Center for Media and Freedom of Expression\",\"url\":\"https:\/\/scm.bz\/\",\"logo\":{\"@type\":\"ImageObject\",\"inLanguage\":\"kmr\",\"@id\":\"https:\/\/scm.bz\/#\/schema\/logo\/image\/\",\"url\":\"http:\/\/scm.bz\/wp-content\/uploads\/2021\/01\/SCM-logo-1-with-Clear-Space-1-2.png\",\"contentUrl\":\"http:\/\/scm.bz\/wp-content\/uploads\/2021\/01\/SCM-logo-1-with-Clear-Space-1-2.png\",\"width\":1450,\"height\":1450,\"caption\":\"\u0627\u0644\u0645\u0631\u0643\u0632 \u0627\u0644\u0633\u0648\u0631\u064a \u0644\u0644\u0625\u0639\u0644\u0627\u0645 \u0648\u062d\u0631\u064a\u0629 \u0627\u0644\u062a\u0639\u0628\u064a\u0631 Syrian Center for Media and Freedom of Expression\"},\"image\":{\"@id\":\"https:\/\/scm.bz\/#\/schema\/logo\/image\/\"},\"sameAs\":[\"https:\/\/www.facebook.com\/scm.center\",\"https:\/\/x.com\/SyrianCenter\"]}]}<\/script>\n<!-- \/ Yoast SEO Premium plugin. -->","yoast_head_json":{"title":"Program\u00ean SCM\u00ea - \u0627\u0644\u0645\u0631\u0643\u0632 \u0627\u0644\u0633\u0648\u0631\u064a \u0644\u0644\u0625\u0639\u0644\u0627\u0645 \u0648\u062d\u0631\u064a\u0629 \u0627\u0644\u062a\u0639\u0628\u064a\u0631 Syrian Center for Media and Freedom of Expression","robots":{"index":"index","follow":"follow","max-snippet":"max-snippet:-1","max-image-preview":"max-image-preview:large","max-video-preview":"max-video-preview:-1"},"canonical":"https:\/\/scm.bz\/\u0628\u0631\u0627\u0645\u062c-\u0627\u0644\u0645\u0631\u0643\u0632\/","og_locale":"en_US","og_type":"article","og_title":"Program\u00ean SCM\u00ea","og_description":"Mala Rojnameger : deverke civandina, hevd\u00eetin\u00ean, avakirin \u00fb berevan\u00eeya di ber rojnamegeran de ye di dema girtin an metirs\u00eey\u00ea de. (d\u00ea li Gaz\u00ee \u00centap\u00ea were avakirin) \u00c7alakkirina Rola Civaka S\u00eev\u00eel a S\u00fbryay\u00ee di P\u00eavajoya A\u015ft\u00eey\u00ea de: \u00e7espandina rola civaka siv\u00eel bi r\u00eaya hevr\u00eazkirina di nav dezgeh\u00ean w\u00ea de \u00fb bikaran\u00eena NYy\u00ea weke platformek\u00ea bo gihandina","og_url":"https:\/\/scm.bz\/\u0628\u0631\u0627\u0645\u062c-\u0627\u0644\u0645\u0631\u0643\u0632\/","og_site_name":"\u0627\u0644\u0645\u0631\u0643\u0632 \u0627\u0644\u0633\u0648\u0631\u064a \u0644\u0644\u0625\u0639\u0644\u0627\u0645 \u0648\u062d\u0631\u064a\u0629 \u0627\u0644\u062a\u0639\u0628\u064a\u0631 Syrian Center for Media and Freedom of Expression","article_publisher":"https:\/\/www.facebook.com\/scm.center","article_modified_time":"2018-11-29T11:05:34+00:00","og_image":[{"width":1450,"height":1450,"url":"https:\/\/scm.bz\/wp-content\/uploads\/2021\/01\/SCM-logo-1-with-Clear-Space-1-2.png","type":"image\/png"}],"twitter_card":"summary_large_image","twitter_site":"@SyrianCenter","twitter_misc":{"Est. reading time":"1 minute"},"schema":{"@context":"https:\/\/schema.org","@graph":[{"@type":"WebPage","@id":"https:\/\/scm.bz\/%d8%a8%d8%b1%d8%a7%d9%85%d8%ac-%d8%a7%d9%84%d9%85%d8%b1%d9%83%d8%b2\/","url":"https:\/\/scm.bz\/%d8%a8%d8%b1%d8%a7%d9%85%d8%ac-%d8%a7%d9%84%d9%85%d8%b1%d9%83%d8%b2\/","name":"Program\u00ean SCM\u00ea - \u0627\u0644\u0645\u0631\u0643\u0632 \u0627\u0644\u0633\u0648\u0631\u064a \u0644\u0644\u0625\u0639\u0644\u0627\u0645 \u0648\u062d\u0631\u064a\u0629 \u0627\u0644\u062a\u0639\u0628\u064a\u0631 Syrian Center for Media and Freedom of Expression","isPartOf":{"@id":"https:\/\/scm.bz\/#website"},"datePublished":"2017-04-25T13:58:25+00:00","dateModified":"2018-11-29T11:05:34+00:00","breadcrumb":{"@id":"https:\/\/scm.bz\/%d8%a8%d8%b1%d8%a7%d9%85%d8%ac-%d8%a7%d9%84%d9%85%d8%b1%d9%83%d8%b2\/#breadcrumb"},"inLanguage":"kmr","potentialAction":[{"@type":"ReadAction","target":["https:\/\/scm.bz\/%d8%a8%d8%b1%d8%a7%d9%85%d8%ac-%d8%a7%d9%84%d9%85%d8%b1%d9%83%d8%b2\/"]}]},{"@type":"BreadcrumbList","@id":"https:\/\/scm.bz\/%d8%a8%d8%b1%d8%a7%d9%85%d8%ac-%d8%a7%d9%84%d9%85%d8%b1%d9%83%d8%b2\/#breadcrumb","itemListElement":[{"@type":"ListItem","position":1,"name":"Home","item":"https:\/\/scm.bz\/kmr\/"},{"@type":"ListItem","position":2,"name":"Program\u00ean SCM\u00ea"}]},{"@type":"WebSite","@id":"https:\/\/scm.bz\/#website","url":"https:\/\/scm.bz\/","name":"\u0627\u0644\u0645\u0631\u0643\u0632 \u0627\u0644\u0633\u0648\u0631\u064a \u0644\u0644\u0625\u0639\u0644\u0627\u0645 \u0648\u062d\u0631\u064a\u0629 \u0627\u0644\u062a\u0639\u0628\u064a\u0631 Syrian Center for Media and Freedom of Expression","description":"","publisher":{"@id":"https:\/\/scm.bz\/#organization"},"potentialAction":[{"@type":"SearchAction","target":{"@type":"EntryPoint","urlTemplate":"https:\/\/scm.bz\/?s={search_term_string}"},"query-input":{"@type":"PropertyValueSpecification","valueRequired":true,"valueName":"search_term_string"}}],"inLanguage":"kmr"},{"@type":"Organization","@id":"https:\/\/scm.bz\/#organization","name":"\u0627\u0644\u0645\u0631\u0643\u0632 \u0627\u0644\u0633\u0648\u0631\u064a \u0644\u0644\u0625\u0639\u0644\u0627\u0645 \u0648\u062d\u0631\u064a\u0629 \u0627\u0644\u062a\u0639\u0628\u064a\u0631 Syrian Center for Media and Freedom of Expression","url":"https:\/\/scm.bz\/","logo":{"@type":"ImageObject","inLanguage":"kmr","@id":"https:\/\/scm.bz\/#\/schema\/logo\/image\/","url":"http:\/\/scm.bz\/wp-content\/uploads\/2021\/01\/SCM-logo-1-with-Clear-Space-1-2.png","contentUrl":"http:\/\/scm.bz\/wp-content\/uploads\/2021\/01\/SCM-logo-1-with-Clear-Space-1-2.png","width":1450,"height":1450,"caption":"\u0627\u0644\u0645\u0631\u0643\u0632 \u0627\u0644\u0633\u0648\u0631\u064a \u0644\u0644\u0625\u0639\u0644\u0627\u0645 \u0648\u062d\u0631\u064a\u0629 \u0627\u0644\u062a\u0639\u0628\u064a\u0631 Syrian Center for Media and Freedom of Expression"},"image":{"@id":"https:\/\/scm.bz\/#\/schema\/logo\/image\/"},"sameAs":["https:\/\/www.facebook.com\/scm.center","https:\/\/x.com\/SyrianCenter"]}]}},"_links":{"self":[{"href":"https:\/\/scm.bz\/kmr\/wp-json\/wp\/v2\/pages\/180659","targetHints":{"allow":["GET"]}}],"collection":[{"href":"https:\/\/scm.bz\/kmr\/wp-json\/wp\/v2\/pages"}],"about":[{"href":"https:\/\/scm.bz\/kmr\/wp-json\/wp\/v2\/types\/page"}],"author":[{"embeddable":true,"href":"https:\/\/scm.bz\/kmr\/wp-json\/wp\/v2\/users\/24"}],"replies":[{"embeddable":true,"href":"https:\/\/scm.bz\/kmr\/wp-json\/wp\/v2\/comments?post=180659"}],"version-history":[{"count":0,"href":"https:\/\/scm.bz\/kmr\/wp-json\/wp\/v2\/pages\/180659\/revisions"}],"wp:attachment":[{"href":"https:\/\/scm.bz\/kmr\/wp-json\/wp\/v2\/media?parent=180659"}],"curies":[{"name":"wp","href":"https:\/\/api.w.org\/{rel}","templated":true}]}}