{"id":180658,"date":"2017-04-25T15:59:24","date_gmt":"2017-04-25T13:59:24","guid":{"rendered":"https:\/\/scm.bz\/kurtepenaseyeke-diroki"},"modified":"2018-05-28T16:14:51","modified_gmt":"2018-05-28T14:14:51","slug":"kurtepenaseyeke-diroki","status":"publish","type":"page","link":"https:\/\/scm.bz\/kmr\/kurtepenaseyeke-diroki\/","title":{"rendered":"Kurtep\u00eanaseyeke D\u00eerok\u00ee"},"content":{"rendered":"<p dir=\"ltr\" style=\"direction: ltr;\">Ji dema avakirina Navenda S\u00fbryay\u00ee ya Ragihandin\u00ea \u00fb Azad\u00eeya Derbir\u00een\u00ea di sala 2004an de, Navend\u00ea ji bo berevan\u00eeya di ber maf\u00ea mirov\u00ean ku ji ber b\u00eer, bawer\u00ee \u00fb ner\u00een\u00ean xwe hatine tepeskirin, herweha belavkirina maf\u00ean mirovan \u00fb pi\u015ftgir\u00ee \u00fb ge\u015fkirina rafihandineke p\u00ee\u015fe, rexnekar \u00fb serbixwe, kar kiriye. Desthilatdar\u00eeya S\u00fbryay\u00ea bi t\u00fbnd\u00ee \u015fer\u00ea kar\u00ea navend\u00ea kir. Di Sibata 2012an de, H\u00eaz\u00ean Muxaberat\u00ea \u00ear\u00ee\u015f\u00ea niv\u00eesgeh\u00ean navend\u00ea kirin \u00fb hem\u00fb kompy\u00fbter li gel belgeyan desteser kirin her weha s\u00eazdeh hevkar\u00ean me ji nav wan serok\u00ea navend\u00ea Mazin Derw\u00ee\u015f girtin \u00fb \u00ee\u015fkence kirin, pa\u015f\u00ea her demak\u00ea endamek dihate berdan, y\u00ea daw\u00ee j\u00ee di tebaxa 2015an de hate berdan.<\/p>\n","protected":false},"excerpt":{"rendered":"<p>Ji dema avakirina Navenda S\u00fbryay\u00ee ya Ragihandin\u00ea \u00fb Azad\u00eeya Derbir\u00een\u00ea di sala 2004an de, Navend\u00ea ji bo berevan\u00eeya di ber maf\u00ea mirov\u00ean ku ji ber b\u00eer, bawer\u00ee \u00fb ner\u00een\u00ean xwe hatine tepeskirin, herweha belavkirina maf\u00ean mirovan \u00fb pi\u015ftgir\u00ee \u00fb ge\u015fkirina rafihandineke p\u00ee\u015fe, rexnekar \u00fb serbixwe, kar kiriye. Desthilatdar\u00eeya S\u00fbryay\u00ea bi t\u00fbnd\u00ee \u015fer\u00ea kar\u00ea navend\u00ea kir. [&hellip;]<\/p>\n","protected":false},"author":24,"featured_media":0,"parent":0,"menu_order":0,"comment_status":"closed","ping_status":"closed","template":"","meta":{"_acf_changed":false,"footnotes":""},"class_list":["post-180658","page","type-page","status-publish","hentry","post-wrapper"],"acf":[],"yoast_head":"<!-- This site is optimized with the Yoast SEO Premium plugin v20.6 (Yoast SEO v26.5) - https:\/\/yoast.com\/wordpress\/plugins\/seo\/ -->\n<title>Kurtep\u00eanaseyeke D\u00eerok\u00ee - \u0627\u0644\u0645\u0631\u0643\u0632 \u0627\u0644\u0633\u0648\u0631\u064a \u0644\u0644\u0625\u0639\u0644\u0627\u0645 \u0648\u062d\u0631\u064a\u0629 \u0627\u0644\u062a\u0639\u0628\u064a\u0631 Syrian Center for Media and Freedom of Expression<\/title>\n<meta name=\"robots\" content=\"index, follow, max-snippet:-1, max-image-preview:large, max-video-preview:-1\" \/>\n<link rel=\"canonical\" href=\"https:\/\/scm.bz\/\u0644\u0645\u062d\u0629-\u062a\u0627\u0631\u064a\u062e\u064a\u0629\/\" \/>\n<meta property=\"og:locale\" content=\"en_US\" \/>\n<meta property=\"og:type\" content=\"article\" \/>\n<meta property=\"og:title\" content=\"Kurtep\u00eanaseyeke D\u00eerok\u00ee\" \/>\n<meta property=\"og:description\" content=\"Ji dema avakirina Navenda S\u00fbryay\u00ee ya Ragihandin\u00ea \u00fb Azad\u00eeya Derbir\u00een\u00ea di sala 2004an de, Navend\u00ea ji bo berevan\u00eeya di ber maf\u00ea mirov\u00ean ku ji ber b\u00eer, bawer\u00ee \u00fb ner\u00een\u00ean xwe hatine tepeskirin, herweha belavkirina maf\u00ean mirovan \u00fb pi\u015ftgir\u00ee \u00fb ge\u015fkirina rafihandineke p\u00ee\u015fe, rexnekar \u00fb serbixwe, kar kiriye. Desthilatdar\u00eeya S\u00fbryay\u00ea bi t\u00fbnd\u00ee \u015fer\u00ea kar\u00ea navend\u00ea kir.\" \/>\n<meta property=\"og:url\" content=\"https:\/\/scm.bz\/\u0644\u0645\u062d\u0629-\u062a\u0627\u0631\u064a\u062e\u064a\u0629\/\" \/>\n<meta property=\"og:site_name\" content=\"\u0627\u0644\u0645\u0631\u0643\u0632 \u0627\u0644\u0633\u0648\u0631\u064a \u0644\u0644\u0625\u0639\u0644\u0627\u0645 \u0648\u062d\u0631\u064a\u0629 \u0627\u0644\u062a\u0639\u0628\u064a\u0631 Syrian Center for Media and Freedom of Expression\" \/>\n<meta property=\"article:publisher\" content=\"https:\/\/www.facebook.com\/scm.center\" \/>\n<meta property=\"article:modified_time\" content=\"2018-05-28T14:14:51+00:00\" \/>\n<meta property=\"og:image\" content=\"https:\/\/scm.bz\/wp-content\/uploads\/2021\/01\/SCM-logo-1-with-Clear-Space-1-2.png\" \/>\n\t<meta property=\"og:image:width\" content=\"1450\" \/>\n\t<meta property=\"og:image:height\" content=\"1450\" \/>\n\t<meta property=\"og:image:type\" content=\"image\/png\" \/>\n<meta name=\"twitter:card\" content=\"summary_large_image\" \/>\n<meta name=\"twitter:site\" content=\"@SyrianCenter\" \/>\n<meta name=\"twitter:label1\" content=\"Est. reading time\" \/>\n\t<meta name=\"twitter:data1\" content=\"1 minute\" \/>\n<script type=\"application\/ld+json\" class=\"yoast-schema-graph\">{\"@context\":\"https:\/\/schema.org\",\"@graph\":[{\"@type\":\"WebPage\",\"@id\":\"https:\/\/scm.bz\/%d9%84%d9%85%d8%ad%d8%a9-%d8%aa%d8%a7%d8%b1%d9%8a%d8%ae%d9%8a%d8%a9\/\",\"url\":\"https:\/\/scm.bz\/%d9%84%d9%85%d8%ad%d8%a9-%d8%aa%d8%a7%d8%b1%d9%8a%d8%ae%d9%8a%d8%a9\/\",\"name\":\"Kurtep\u00eanaseyeke D\u00eerok\u00ee - \u0627\u0644\u0645\u0631\u0643\u0632 \u0627\u0644\u0633\u0648\u0631\u064a \u0644\u0644\u0625\u0639\u0644\u0627\u0645 \u0648\u062d\u0631\u064a\u0629 \u0627\u0644\u062a\u0639\u0628\u064a\u0631 Syrian Center for Media and Freedom of Expression\",\"isPartOf\":{\"@id\":\"https:\/\/scm.bz\/#website\"},\"datePublished\":\"2017-04-25T13:59:24+00:00\",\"dateModified\":\"2018-05-28T14:14:51+00:00\",\"breadcrumb\":{\"@id\":\"https:\/\/scm.bz\/%d9%84%d9%85%d8%ad%d8%a9-%d8%aa%d8%a7%d8%b1%d9%8a%d8%ae%d9%8a%d8%a9\/#breadcrumb\"},\"inLanguage\":\"kmr\",\"potentialAction\":[{\"@type\":\"ReadAction\",\"target\":[\"https:\/\/scm.bz\/%d9%84%d9%85%d8%ad%d8%a9-%d8%aa%d8%a7%d8%b1%d9%8a%d8%ae%d9%8a%d8%a9\/\"]}]},{\"@type\":\"BreadcrumbList\",\"@id\":\"https:\/\/scm.bz\/%d9%84%d9%85%d8%ad%d8%a9-%d8%aa%d8%a7%d8%b1%d9%8a%d8%ae%d9%8a%d8%a9\/#breadcrumb\",\"itemListElement\":[{\"@type\":\"ListItem\",\"position\":1,\"name\":\"Home\",\"item\":\"https:\/\/scm.bz\/kmr\/\"},{\"@type\":\"ListItem\",\"position\":2,\"name\":\"Kurtep\u00eanaseyeke D\u00eerok\u00ee\"}]},{\"@type\":\"WebSite\",\"@id\":\"https:\/\/scm.bz\/#website\",\"url\":\"https:\/\/scm.bz\/\",\"name\":\"\u0627\u0644\u0645\u0631\u0643\u0632 \u0627\u0644\u0633\u0648\u0631\u064a \u0644\u0644\u0625\u0639\u0644\u0627\u0645 \u0648\u062d\u0631\u064a\u0629 \u0627\u0644\u062a\u0639\u0628\u064a\u0631 Syrian Center for Media and Freedom of Expression\",\"description\":\"\",\"publisher\":{\"@id\":\"https:\/\/scm.bz\/#organization\"},\"potentialAction\":[{\"@type\":\"SearchAction\",\"target\":{\"@type\":\"EntryPoint\",\"urlTemplate\":\"https:\/\/scm.bz\/?s={search_term_string}\"},\"query-input\":{\"@type\":\"PropertyValueSpecification\",\"valueRequired\":true,\"valueName\":\"search_term_string\"}}],\"inLanguage\":\"kmr\"},{\"@type\":\"Organization\",\"@id\":\"https:\/\/scm.bz\/#organization\",\"name\":\"\u0627\u0644\u0645\u0631\u0643\u0632 \u0627\u0644\u0633\u0648\u0631\u064a \u0644\u0644\u0625\u0639\u0644\u0627\u0645 \u0648\u062d\u0631\u064a\u0629 \u0627\u0644\u062a\u0639\u0628\u064a\u0631 Syrian Center for Media and Freedom of Expression\",\"url\":\"https:\/\/scm.bz\/\",\"logo\":{\"@type\":\"ImageObject\",\"inLanguage\":\"kmr\",\"@id\":\"https:\/\/scm.bz\/#\/schema\/logo\/image\/\",\"url\":\"http:\/\/scm.bz\/wp-content\/uploads\/2021\/01\/SCM-logo-1-with-Clear-Space-1-2.png\",\"contentUrl\":\"http:\/\/scm.bz\/wp-content\/uploads\/2021\/01\/SCM-logo-1-with-Clear-Space-1-2.png\",\"width\":1450,\"height\":1450,\"caption\":\"\u0627\u0644\u0645\u0631\u0643\u0632 \u0627\u0644\u0633\u0648\u0631\u064a \u0644\u0644\u0625\u0639\u0644\u0627\u0645 \u0648\u062d\u0631\u064a\u0629 \u0627\u0644\u062a\u0639\u0628\u064a\u0631 Syrian Center for Media and Freedom of Expression\"},\"image\":{\"@id\":\"https:\/\/scm.bz\/#\/schema\/logo\/image\/\"},\"sameAs\":[\"https:\/\/www.facebook.com\/scm.center\",\"https:\/\/x.com\/SyrianCenter\"]}]}<\/script>\n<!-- \/ Yoast SEO Premium plugin. -->","yoast_head_json":{"title":"Kurtep\u00eanaseyeke D\u00eerok\u00ee - \u0627\u0644\u0645\u0631\u0643\u0632 \u0627\u0644\u0633\u0648\u0631\u064a \u0644\u0644\u0625\u0639\u0644\u0627\u0645 \u0648\u062d\u0631\u064a\u0629 \u0627\u0644\u062a\u0639\u0628\u064a\u0631 Syrian Center for Media and Freedom of Expression","robots":{"index":"index","follow":"follow","max-snippet":"max-snippet:-1","max-image-preview":"max-image-preview:large","max-video-preview":"max-video-preview:-1"},"canonical":"https:\/\/scm.bz\/\u0644\u0645\u062d\u0629-\u062a\u0627\u0631\u064a\u062e\u064a\u0629\/","og_locale":"en_US","og_type":"article","og_title":"Kurtep\u00eanaseyeke D\u00eerok\u00ee","og_description":"Ji dema avakirina Navenda S\u00fbryay\u00ee ya Ragihandin\u00ea \u00fb Azad\u00eeya Derbir\u00een\u00ea di sala 2004an de, Navend\u00ea ji bo berevan\u00eeya di ber maf\u00ea mirov\u00ean ku ji ber b\u00eer, bawer\u00ee \u00fb ner\u00een\u00ean xwe hatine tepeskirin, herweha belavkirina maf\u00ean mirovan \u00fb pi\u015ftgir\u00ee \u00fb ge\u015fkirina rafihandineke p\u00ee\u015fe, rexnekar \u00fb serbixwe, kar kiriye. Desthilatdar\u00eeya S\u00fbryay\u00ea bi t\u00fbnd\u00ee \u015fer\u00ea kar\u00ea navend\u00ea kir.","og_url":"https:\/\/scm.bz\/\u0644\u0645\u062d\u0629-\u062a\u0627\u0631\u064a\u062e\u064a\u0629\/","og_site_name":"\u0627\u0644\u0645\u0631\u0643\u0632 \u0627\u0644\u0633\u0648\u0631\u064a \u0644\u0644\u0625\u0639\u0644\u0627\u0645 \u0648\u062d\u0631\u064a\u0629 \u0627\u0644\u062a\u0639\u0628\u064a\u0631 Syrian Center for Media and Freedom of Expression","article_publisher":"https:\/\/www.facebook.com\/scm.center","article_modified_time":"2018-05-28T14:14:51+00:00","og_image":[{"width":1450,"height":1450,"url":"https:\/\/scm.bz\/wp-content\/uploads\/2021\/01\/SCM-logo-1-with-Clear-Space-1-2.png","type":"image\/png"}],"twitter_card":"summary_large_image","twitter_site":"@SyrianCenter","twitter_misc":{"Est. reading time":"1 minute"},"schema":{"@context":"https:\/\/schema.org","@graph":[{"@type":"WebPage","@id":"https:\/\/scm.bz\/%d9%84%d9%85%d8%ad%d8%a9-%d8%aa%d8%a7%d8%b1%d9%8a%d8%ae%d9%8a%d8%a9\/","url":"https:\/\/scm.bz\/%d9%84%d9%85%d8%ad%d8%a9-%d8%aa%d8%a7%d8%b1%d9%8a%d8%ae%d9%8a%d8%a9\/","name":"Kurtep\u00eanaseyeke D\u00eerok\u00ee - \u0627\u0644\u0645\u0631\u0643\u0632 \u0627\u0644\u0633\u0648\u0631\u064a \u0644\u0644\u0625\u0639\u0644\u0627\u0645 \u0648\u062d\u0631\u064a\u0629 \u0627\u0644\u062a\u0639\u0628\u064a\u0631 Syrian Center for Media and Freedom of Expression","isPartOf":{"@id":"https:\/\/scm.bz\/#website"},"datePublished":"2017-04-25T13:59:24+00:00","dateModified":"2018-05-28T14:14:51+00:00","breadcrumb":{"@id":"https:\/\/scm.bz\/%d9%84%d9%85%d8%ad%d8%a9-%d8%aa%d8%a7%d8%b1%d9%8a%d8%ae%d9%8a%d8%a9\/#breadcrumb"},"inLanguage":"kmr","potentialAction":[{"@type":"ReadAction","target":["https:\/\/scm.bz\/%d9%84%d9%85%d8%ad%d8%a9-%d8%aa%d8%a7%d8%b1%d9%8a%d8%ae%d9%8a%d8%a9\/"]}]},{"@type":"BreadcrumbList","@id":"https:\/\/scm.bz\/%d9%84%d9%85%d8%ad%d8%a9-%d8%aa%d8%a7%d8%b1%d9%8a%d8%ae%d9%8a%d8%a9\/#breadcrumb","itemListElement":[{"@type":"ListItem","position":1,"name":"Home","item":"https:\/\/scm.bz\/kmr\/"},{"@type":"ListItem","position":2,"name":"Kurtep\u00eanaseyeke D\u00eerok\u00ee"}]},{"@type":"WebSite","@id":"https:\/\/scm.bz\/#website","url":"https:\/\/scm.bz\/","name":"\u0627\u0644\u0645\u0631\u0643\u0632 \u0627\u0644\u0633\u0648\u0631\u064a \u0644\u0644\u0625\u0639\u0644\u0627\u0645 \u0648\u062d\u0631\u064a\u0629 \u0627\u0644\u062a\u0639\u0628\u064a\u0631 Syrian Center for Media and Freedom of Expression","description":"","publisher":{"@id":"https:\/\/scm.bz\/#organization"},"potentialAction":[{"@type":"SearchAction","target":{"@type":"EntryPoint","urlTemplate":"https:\/\/scm.bz\/?s={search_term_string}"},"query-input":{"@type":"PropertyValueSpecification","valueRequired":true,"valueName":"search_term_string"}}],"inLanguage":"kmr"},{"@type":"Organization","@id":"https:\/\/scm.bz\/#organization","name":"\u0627\u0644\u0645\u0631\u0643\u0632 \u0627\u0644\u0633\u0648\u0631\u064a \u0644\u0644\u0625\u0639\u0644\u0627\u0645 \u0648\u062d\u0631\u064a\u0629 \u0627\u0644\u062a\u0639\u0628\u064a\u0631 Syrian Center for Media and Freedom of Expression","url":"https:\/\/scm.bz\/","logo":{"@type":"ImageObject","inLanguage":"kmr","@id":"https:\/\/scm.bz\/#\/schema\/logo\/image\/","url":"http:\/\/scm.bz\/wp-content\/uploads\/2021\/01\/SCM-logo-1-with-Clear-Space-1-2.png","contentUrl":"http:\/\/scm.bz\/wp-content\/uploads\/2021\/01\/SCM-logo-1-with-Clear-Space-1-2.png","width":1450,"height":1450,"caption":"\u0627\u0644\u0645\u0631\u0643\u0632 \u0627\u0644\u0633\u0648\u0631\u064a \u0644\u0644\u0625\u0639\u0644\u0627\u0645 \u0648\u062d\u0631\u064a\u0629 \u0627\u0644\u062a\u0639\u0628\u064a\u0631 Syrian Center for Media and Freedom of Expression"},"image":{"@id":"https:\/\/scm.bz\/#\/schema\/logo\/image\/"},"sameAs":["https:\/\/www.facebook.com\/scm.center","https:\/\/x.com\/SyrianCenter"]}]}},"_links":{"self":[{"href":"https:\/\/scm.bz\/kmr\/wp-json\/wp\/v2\/pages\/180658","targetHints":{"allow":["GET"]}}],"collection":[{"href":"https:\/\/scm.bz\/kmr\/wp-json\/wp\/v2\/pages"}],"about":[{"href":"https:\/\/scm.bz\/kmr\/wp-json\/wp\/v2\/types\/page"}],"author":[{"embeddable":true,"href":"https:\/\/scm.bz\/kmr\/wp-json\/wp\/v2\/users\/24"}],"replies":[{"embeddable":true,"href":"https:\/\/scm.bz\/kmr\/wp-json\/wp\/v2\/comments?post=180658"}],"version-history":[{"count":0,"href":"https:\/\/scm.bz\/kmr\/wp-json\/wp\/v2\/pages\/180658\/revisions"}],"wp:attachment":[{"href":"https:\/\/scm.bz\/kmr\/wp-json\/wp\/v2\/media?parent=180658"}],"curies":[{"name":"wp","href":"https:\/\/api.w.org\/{rel}","templated":true}]}}