{"id":180657,"date":"2017-04-25T16:01:09","date_gmt":"2017-04-25T14:01:09","guid":{"rendered":"https:\/\/scm.bz\/bi-me-re-besdar-be"},"modified":"2018-05-28T16:48:39","modified_gmt":"2018-05-28T14:48:39","slug":"bi-me-re-besdar-be","status":"publish","type":"page","link":"https:\/\/scm.bz\/kmr\/bi-me-re-besdar-be\/","title":{"rendered":"Bi me re be\u015fdar be"},"content":{"rendered":"<p>[ffb_paragraph_0 unique_id=&#8221;26mbq3h6&#8243; data=&#8221;%7B%22o%22%3A%7B%22gen%22%3A%7B%22ffsys-disabled%22%3A%220%22%2C%22ffsys-info%22%3A%22%7B%7D%22%2C%22text-is-richtext%22%3A%220%22%2C%22align%22%3A%22text-left%22%2C%22align-sm%22%3A%22%22%2C%22align-md%22%3A%22%22%2C%22align-lg%22%3A%22%22%7D%7D%7D&#8221;][ffb_param route=&#8221;o gen text&#8221;]Navenda S\u00fbryey\u00ee ya Ragihandin\u00ea \u00fb Azad\u00eeya Derbir\u00een\u00ea dezgeheke s\u00eev\u00eelane, serbixwe \u00fb xwebex\u015f e li ser bingeha ku pabend\u00eeya bi kar\u00ea xwe bex\u015f ew e pabend\u00eeya her\u00ee payebilind ji ber ku xwe li ser xwesteka azad \u00fb bijareya xwey\u00ee ava dike. Navend xwe disperse destp\u00ea\u015fxer\u00eey\u00ean takekes\u00ee \u00fb gir\u00fbp\u00ee y\u00ean ku bi armanc w\u00ea re hevseng in. di v\u00ee war\u00ee de, p\u00ea\u015fwaz\u00eey\u00ea li hem\u00fbyan ji bo be\u015fdar\u00eeya di \u00e7alak\u00ee, proram \u00fb p\u00ea\u015fniyar\u00ean ku kar p\u00ea\u015fdixin, dike. Ev yek j\u00ee bi r\u00eaya:[\/ffb_param][\/ffb_paragraph_0][ffb_contact-form-wrapper_0 unique_id=&#8221;26mbo3qd&#8221; data=&#8221;%7B%22o%22%3A%7B%22gen%22%3A%7B%22ffsys-disabled%22%3A%220%22%2C%22ffsys-info%22%3A%22%7B%7D%22%2C%22email%22%3A%22your%40email.com%22%2C%22subject%22%3A%22Contact Form%22%2C%22use-js-trig%22%3A%220%22%2C%22trigger-name%22%3A%22my-contact%22%2C%22use-php-filter%22%3A%220%22%2C%22filter-name%22%3A%22my-filter%22%7D%7D%7D&#8221;][ffb_row_1 unique_id=&#8221;26mbo3qe&#8221; data=&#8221;%7B%22o%22%3A%7B%22gen%22%3A%7B%22ffsys-disabled%22%3A%220%22%2C%22ffsys-info%22%3A%22%7B%7D%22%2C%22no-gutter%22%3A%220%22%2C%22gutter-size%22%3A%22%22%2C%22match-col%22%3A%220%22%7D%7D%7D&#8221;][ffb_column_2 unique_id=&#8221;26mbo3r9&#8243; data=&#8221;%7B%22o%22%3A%7B%22gen%22%3A%7B%22ffsys-disabled%22%3A%220%22%2C%22ffsys-info%22%3A%22%7B%7D%22%2C%22xs%22%3A%2212%22%2C%22sm%22%3A%22unset%22%2C%22md%22%3A%224%22%2C%22lg%22%3A%22unset%22%2C%22is-centered%22%3A%220%22%2C%22is-bg-clipped%22%3A%220%22%2C%22xs-last%22%3A%22no%22%2C%22sm-last%22%3A%22unset%22%2C%22md-last%22%3A%22unset%22%2C%22lg-last%22%3A%22unset%22%2C%22xs-offset%22%3A%22unset%22%2C%22sm-offset%22%3A%22unset%22%2C%22md-offset%22%3A%22unset%22%2C%22lg-offset%22%3A%22unset%22%2C%22xs-pull%22%3A%22unset%22%2C%22sm-pull%22%3A%22unset%22%2C%22md-pull%22%3A%22unset%22%2C%22lg-pull%22%3A%22unset%22%2C%22xs-push%22%3A%22unset%22%2C%22sm-push%22%3A%22unset%22%2C%22md-push%22%3A%22unset%22%2C%22lg-push%22%3A%22unset%22%2C%22xs-overlap%22%3A%22no%22%2C%22sm-overlap%22%3A%22unset%22%2C%22md-overlap%22%3A%22unset%22%2C%22lg-overlap%22%3A%22unset%22%7D%2C%22b-m%22%3A%7B%22mg-xs%22%3A%7B%22b%22%3A%2210%22%7D%7D%7D%7D&#8221;][ffb_contact-form-input_3 unique_id=&#8221;26mbo3rb&#8221; data=&#8221;%7B%22o%22%3A%7B%22gen%22%3A%7B%22ffsys-disabled%22%3A%220%22%2C%22ffsys-info%22%3A%22%7B%7D%22%2C%22input-type%22%3A%22text%22%2C%22placeholder%22%3A%22Nav%C3%AA P%C3%AA%C5%9F%C3%AEn *%22%2C%22label%22%3A%22I agree to the Terms and Conditions%22%2C%22checkbox-selected%22%3A%220%22%2C%22name%22%3A%22Nav%C3%AA P%C3%AA%C5%9F%C3%AEn%22%2C%22rows%22%3A%225%22%2C%22checkbox-validation%22%3A%220%22%2C%22checkbox-validation-message%22%3A%22Checking this box is required.%22%2C%22is-required%22%3A%221%22%2C%22is-required-message%22%3A%22Ev xal xwest%C3%AE ye%22%2C%22min-length-has%22%3A%220%22%2C%22min-length%22%3A%2210%22%2C%22min-length-message%22%3A%22Minimal length is 10 characters%22%2C%22validation-type%22%3A%22none%22%2C%22validation-type-regex%22%3A%22%22%2C%22validation-type-custom-function%22%3A%22%22%2C%22validation-message%22%3A%22This field is not valid.%22%2C%22bg-color%22%3A%22%22%2C%22bg-focus-color%22%3A%22%22%2C%22border-color%22%3A%22%22%2C%22border-focus-color%22%3A%22%22%2C%22placeholder-color%22%3A%22%22%2C%22placeholder-focus-color%22%3A%22%22%2C%22text-color%22%3A%22%22%2C%22text-focus-color%22%3A%22%22%2C%22validation-message-color%22%3A%22%23e55973%22%7D%7D%7D&#8221;][\/ffb_contact-form-input_3][\/ffb_column_2][ffb_column_2 unique_id=&#8221;26mbo3rc&#8221; data=&#8221;%7B%22o%22%3A%7B%22gen%22%3A%7B%22ffsys-disabled%22%3A%220%22%2C%22ffsys-info%22%3A%22%7B%7D%22%2C%22xs%22%3A%2212%22%2C%22sm%22%3A%22unset%22%2C%22md%22%3A%224%22%2C%22lg%22%3A%22unset%22%2C%22is-centered%22%3A%220%22%2C%22is-bg-clipped%22%3A%220%22%2C%22xs-last%22%3A%22no%22%2C%22sm-last%22%3A%22unset%22%2C%22md-last%22%3A%22unset%22%2C%22lg-last%22%3A%22unset%22%2C%22xs-offset%22%3A%22unset%22%2C%22sm-offset%22%3A%22unset%22%2C%22md-offset%22%3A%22unset%22%2C%22lg-offset%22%3A%22unset%22%2C%22xs-pull%22%3A%22unset%22%2C%22sm-pull%22%3A%22unset%22%2C%22md-pull%22%3A%22unset%22%2C%22lg-pull%22%3A%22unset%22%2C%22xs-push%22%3A%22unset%22%2C%22sm-push%22%3A%22unset%22%2C%22md-push%22%3A%22unset%22%2C%22lg-push%22%3A%22unset%22%2C%22xs-overlap%22%3A%22no%22%2C%22sm-overlap%22%3A%22unset%22%2C%22md-overlap%22%3A%22unset%22%2C%22lg-overlap%22%3A%22unset%22%7D%2C%22b-m%22%3A%7B%22mg-xs%22%3A%7B%22b%22%3A%2210%22%7D%7D%7D%7D&#8221;][ffb_contact-form-input_3 unique_id=&#8221;26mbo3re&#8221; data=&#8221;%7B%22o%22%3A%7B%22gen%22%3A%7B%22ffsys-disabled%22%3A%220%22%2C%22ffsys-info%22%3A%22%7B%7D%22%2C%22input-type%22%3A%22text%22%2C%22placeholder%22%3A%22Pa%C5%9Fnav%22%2C%22label%22%3A%22I agree to the Terms and Conditions%22%2C%22checkbox-selected%22%3A%220%22%2C%22name%22%3A%22Pa%C5%9Fnav%22%2C%22rows%22%3A%225%22%2C%22checkbox-validation%22%3A%220%22%2C%22checkbox-validation-message%22%3A%22Checking this box is required.%22%2C%22is-required%22%3A%220%22%2C%22is-required-message%22%3A%22This field is required.%22%2C%22min-length-has%22%3A%220%22%2C%22min-length%22%3A%2210%22%2C%22min-length-message%22%3A%22Minimal length is 10 characters%22%2C%22validation-type%22%3A%22none%22%2C%22validation-type-regex%22%3A%22%22%2C%22validation-type-custom-function%22%3A%22%22%2C%22validation-message%22%3A%22This field is not valid.%22%2C%22bg-color%22%3A%22%22%2C%22bg-focus-color%22%3A%22%22%2C%22border-color%22%3A%22%22%2C%22border-focus-color%22%3A%22%22%2C%22placeholder-color%22%3A%22%22%2C%22placeholder-focus-color%22%3A%22%22%2C%22text-color%22%3A%22%22%2C%22text-focus-color%22%3A%22%22%2C%22validation-message-color%22%3A%22%23e55973%22%7D%7D%7D&#8221;][\/ffb_contact-form-input_3][\/ffb_column_2][ffb_column_2 unique_id=&#8221;26mbo3rf&#8221; data=&#8221;%7B%22o%22%3A%7B%22gen%22%3A%7B%22ffsys-disabled%22%3A%220%22%2C%22ffsys-info%22%3A%22%7B%7D%22%2C%22xs%22%3A%2212%22%2C%22sm%22%3A%22unset%22%2C%22md%22%3A%224%22%2C%22lg%22%3A%22unset%22%2C%22is-centered%22%3A%220%22%2C%22is-bg-clipped%22%3A%220%22%2C%22xs-last%22%3A%22no%22%2C%22sm-last%22%3A%22unset%22%2C%22md-last%22%3A%22unset%22%2C%22lg-last%22%3A%22unset%22%2C%22xs-offset%22%3A%22unset%22%2C%22sm-offset%22%3A%22unset%22%2C%22md-offset%22%3A%22unset%22%2C%22lg-offset%22%3A%22unset%22%2C%22xs-pull%22%3A%22unset%22%2C%22sm-pull%22%3A%22unset%22%2C%22md-pull%22%3A%22unset%22%2C%22lg-pull%22%3A%22unset%22%2C%22xs-push%22%3A%22unset%22%2C%22sm-push%22%3A%22unset%22%2C%22md-push%22%3A%22unset%22%2C%22lg-push%22%3A%22unset%22%2C%22xs-overlap%22%3A%22no%22%2C%22sm-overlap%22%3A%22unset%22%2C%22md-overlap%22%3A%22unset%22%2C%22lg-overlap%22%3A%22unset%22%7D%2C%22b-m%22%3A%7B%22mg-xs%22%3A%7B%22b%22%3A%2210%22%7D%7D%7D%7D&#8221;][ffb_contact-form-input_3 unique_id=&#8221;26mbo3rh&#8221; data=&#8221;%7B%22o%22%3A%7B%22gen%22%3A%7B%22ffsys-disabled%22%3A%220%22%2C%22ffsys-info%22%3A%22%7B%7D%22%2C%22input-type%22%3A%22text%22%2C%22placeholder%22%3A%22Email*%22%2C%22label%22%3A%22I agree to the Terms and Conditions%22%2C%22checkbox-selected%22%3A%220%22%2C%22name%22%3A%22Email%22%2C%22rows%22%3A%225%22%2C%22checkbox-validation%22%3A%220%22%2C%22checkbox-validation-message%22%3A%22Checking this box is required.%22%2C%22is-required%22%3A%221%22%2C%22is-required-message%22%3A%22Ev xal xwest%C3%AE ye%22%2C%22min-length-has%22%3A%220%22%2C%22min-length%22%3A%2210%22%2C%22min-length-message%22%3A%22Minimal length is 10 characters%22%2C%22validation-type%22%3A%22email%22%2C%22validation-type-regex%22%3A%22%22%2C%22validation-type-custom-function%22%3A%22%22%2C%22validation-message%22%3A%22Error in Email address%22%2C%22bg-color%22%3A%22%22%2C%22bg-focus-color%22%3A%22%22%2C%22border-color%22%3A%22%22%2C%22border-focus-color%22%3A%22%22%2C%22placeholder-color%22%3A%22%22%2C%22placeholder-focus-color%22%3A%22%22%2C%22text-color%22%3A%22%22%2C%22text-focus-color%22%3A%22%22%2C%22validation-message-color%22%3A%22%23e55973%22%7D%7D%7D&#8221;][\/ffb_contact-form-input_3][\/ffb_column_2][ffb_column_2 unique_id=&#8221;26mbo3ri&#8221; data=&#8221;%7B%22o%22%3A%7B%22gen%22%3A%7B%22ffsys-disabled%22%3A%220%22%2C%22ffsys-info%22%3A%22%7B%7D%22%2C%22xs%22%3A%2212%22%2C%22sm%22%3A%22unset%22%2C%22md%22%3A%2212%22%2C%22lg%22%3A%22unset%22%2C%22is-centered%22%3A%220%22%2C%22is-bg-clipped%22%3A%220%22%2C%22xs-last%22%3A%22no%22%2C%22sm-last%22%3A%22unset%22%2C%22md-last%22%3A%22unset%22%2C%22lg-last%22%3A%22unset%22%2C%22xs-offset%22%3A%22unset%22%2C%22sm-offset%22%3A%22unset%22%2C%22md-offset%22%3A%22unset%22%2C%22lg-offset%22%3A%22unset%22%2C%22xs-pull%22%3A%22unset%22%2C%22sm-pull%22%3A%22unset%22%2C%22md-pull%22%3A%22unset%22%2C%22lg-pull%22%3A%22unset%22%2C%22xs-push%22%3A%22unset%22%2C%22sm-push%22%3A%22unset%22%2C%22md-push%22%3A%22unset%22%2C%22lg-push%22%3A%22unset%22%2C%22xs-overlap%22%3A%22no%22%2C%22sm-overlap%22%3A%22unset%22%2C%22md-overlap%22%3A%22unset%22%2C%22lg-overlap%22%3A%22unset%22%7D%7D%7D&#8221;][ffb_contact-form-input_3 unique_id=&#8221;26mbo3rr&#8221; data=&#8221;%7B%22o%22%3A%7B%22gen%22%3A%7B%22ffsys-disabled%22%3A%220%22%2C%22ffsys-info%22%3A%22%7B%7D%22%2C%22input-type%22%3A%22textarea%22%2C%22placeholder%22%3A%22Name *%22%2C%22label%22%3A%22I agree to the Terms and Conditions%22%2C%22checkbox-selected%22%3A%220%22%2C%22name%22%3A%22Name%3A%22%2C%22rows%22%3A%226%22%2C%22checkbox-validation%22%3A%220%22%2C%22checkbox-validation-message%22%3A%22Checking this box is required.%22%2C%22is-required%22%3A%221%22%2C%22is-required-message%22%3A%22Ev xal xwest%C3%AE ye%22%2C%22min-length-has%22%3A%220%22%2C%22min-length%22%3A%2210%22%2C%22min-length-message%22%3A%22Minimal length is 10 characters%22%2C%22validation-type%22%3A%22none%22%2C%22validation-type-regex%22%3A%22%22%2C%22validation-type-custom-function%22%3A%22%22%2C%22validation-message%22%3A%22This field is not valid.%22%2C%22bg-color%22%3A%22%22%2C%22bg-focus-color%22%3A%22%22%2C%22border-color%22%3A%22%22%2C%22border-focus-color%22%3A%22%22%2C%22placeholder-color%22%3A%22%22%2C%22placeholder-focus-color%22%3A%22%22%2C%22text-color%22%3A%22%22%2C%22text-focus-color%22%3A%22%22%2C%22validation-message-color%22%3A%22%23e55973%22%7D%2C%22b-m%22%3A%7B%22mg-xs%22%3A%7B%22b%22%3A%2240%22%7D%7D%7D%7D&#8221;][\/ffb_contact-form-input_3][ffb_contact-form-button_3 unique_id=&#8221;26mbo3rs&#8221; data=&#8221;%7B%22o%22%3A%7B%22gen%22%3A%7B%22ffsys-disabled%22%3A%220%22%2C%22ffsys-info%22%3A%22%7B%7D%22%2C%22btn%22%3A%7B%22button%22%3A%7B%220-%7C-button1%22%3A%7B%22button1%22%3A%7B%22text%22%3A%22Bi%C5%9F%C3%AEne%22%2C%22width%22%3A%22btn-w-auto%22%2C%22radius%22%3A%22radius-3%22%2C%22text-color%22%3A%22%23ffffff%22%2C%22border-color%22%3A%22%22%2C%22border-hover-color%22%3A%22%22%2C%22bg-color%22%3A%22%5B1%5D%22%2C%22bg-hover-color%22%3A%22%5B2%5D%22%7D%7D%7D%7D%2C%22blank%22%3A%22null%22%7D%2C%22clrs%22%3A%7B%22text-align%22%3A%22center%22%7D%7D%7D&#8221;][\/ffb_contact-form-button_3][ffb_contact-form-messages_3 unique_id=&#8221;26mbo3rt&#8221; data=&#8221;%7B%22o%22%3A%7B%22gen%22%3A%7B%22ffsys-disabled%22%3A%220%22%2C%22ffsys-info%22%3A%22%7B%7D%22%2C%22type%22%3A%22successful%22%2C%22hide-msg%22%3A%220%22%2C%22msg-time%22%3A%220%22%2C%22show-alert%22%3A%220%22%7D%7D%7D&#8221;][ffb_alert-9_4 unique_id=&#8221;26mbo3rv&#8221; data=&#8221;%7B%22o%22%3A%7B%22gen%22%3A%7B%22ffsys-disabled%22%3A%220%22%2C%22ffsys-info%22%3A%22%7B%7D%22%2C%22icon-color%22%3A%22%23ffffff%22%2C%22icon-bg-color%22%3A%22%23009688%22%2C%22content%22%3A%7B%220-%7C-title%22%3A%7B%22title%22%3A%7B%22color%22%3A%22%23009688%22%7D%7D%2C%221-%7C-description%22%3A%7B%22description%22%3A%7B%22text-is-richtext%22%3A%220%22%2C%22color%22%3A%22%23606060%22%7D%7D%7D%2C%22align%22%3A%22text-left%22%2C%22align-sm%22%3A%22%22%2C%22align-md%22%3A%22%22%2C%22align-lg%22%3A%22%22%2C%22close-color%22%3A%22%23000000%22%2C%22bg-color%22%3A%22%23ffffff%22%2C%22border-color%22%3A%22%23ebeef6%22%7D%2C%22b-m%22%3A%7B%22mg-xs%22%3A%7B%22t%22%3A%2240%22%7D%7D%2C%22clrs%22%3A%7B%22text-color%22%3A%22%22%7D%7D%7D&#8221;][ffb_param route=&#8221;o gen icon&#8221;]ff-font-awesome4 fa-check[\/ffb_param][ffb_param route=&#8221;o gen content 0-|-title title text&#8221;]\u015eandin[\/ffb_param][ffb_param route=&#8221;o gen content 1-|-description description text&#8221;]Spas.[\/ffb_param][ffb_param route=&#8221;o gen close-char&#8221;]\u00d7[\/ffb_param][ffb_param route=&#8221;o gen sr-text&#8221;]Close[\/ffb_param][\/ffb_alert-9_4][\/ffb_contact-form-messages_3][ffb_contact-form-messages_3 unique_id=&#8221;26mbo3s0&#8243; data=&#8221;%7B%22o%22%3A%7B%22gen%22%3A%7B%22ffsys-disabled%22%3A%220%22%2C%22ffsys-info%22%3A%22%7B%7D%22%2C%22type%22%3A%22unsuccessful%22%2C%22hide-msg%22%3A%220%22%2C%22msg-time%22%3A%220%22%2C%22show-alert%22%3A%220%22%7D%7D%7D&#8221;][ffb_alert-2_4 unique_id=&#8221;26mbo3s2&#8243; data=&#8221;%7B%22o%22%3A%7B%22gen%22%3A%7B%22ffsys-disabled%22%3A%220%22%2C%22ffsys-info%22%3A%22%7B%7D%22%2C%22icon-color%22%3A%22%23ffffff%22%2C%22icon-bg-color%22%3A%22%23e55973%22%2C%22content%22%3A%7B%220-%7C-title%22%3A%7B%22title%22%3A%7B%22color%22%3A%22%23e55973%22%7D%7D%2C%221-%7C-description%22%3A%7B%22description%22%3A%7B%22text-is-richtext%22%3A%220%22%2C%22color%22%3A%22%23606060%22%7D%7D%7D%2C%22align%22%3A%22text-left%22%2C%22close-color%22%3A%22%23000000%22%2C%22bg-color%22%3A%22%23ffffff%22%2C%22border-color%22%3A%22%23ebeef6%22%7D%2C%22b-m%22%3A%7B%22mg-xs%22%3A%7B%22t%22%3A%2240%22%7D%7D%2C%22clrs%22%3A%7B%22text-color%22%3A%22%22%7D%7D%7D&#8221;][ffb_param route=&#8221;o gen icon&#8221;]ff-font-awesome4 icon-exclamation-triangle[\/ffb_param][ffb_param route=&#8221;o gen content 0-|-title title text&#8221;]Oh snap!\u00a0[\/ffb_param][ffb_param route=&#8221;o gen content 1-|-description description text&#8221;]There was an error sending your message.[\/ffb_param][ffb_param route=&#8221;o gen close-char&#8221;]\u00d7[\/ffb_param][ffb_param route=&#8221;o gen sr-text&#8221;]Close[\/ffb_param][\/ffb_alert-2_4][\/ffb_contact-form-messages_3][\/ffb_column_2][\/ffb_row_1][\/ffb_contact-form-wrapper_0]<\/p>\n","protected":false},"excerpt":{"rendered":"<p>[ffb_paragraph_0 unique_id=&#8221;26mbq3h6&#8243; data=&#8221;%7B%22o%22%3A%7B%22gen%22%3A%7B%22ffsys-disabled%22%3A%220%22%2C%22ffsys-info%22%3A%22%7B%7D%22%2C%22text-is-richtext%22%3A%220%22%2C%22align%22%3A%22text-left%22%2C%22align-sm%22%3A%22%22%2C%22align-md%22%3A%22%22%2C%22align-lg%22%3A%22%22%7D%7D%7D&#8221;][ffb_param route=&#8221;o gen text&#8221;]Navenda S\u00fbryey\u00ee ya Ragihandin\u00ea \u00fb Azad\u00eeya Derbir\u00een\u00ea dezgeheke s\u00eev\u00eelane, serbixwe \u00fb xwebex\u015f e li ser bingeha ku pabend\u00eeya bi kar\u00ea xwe bex\u015f ew e pabend\u00eeya her\u00ee payebilind ji ber ku xwe li ser xwesteka azad \u00fb bijareya xwey\u00ee ava dike. Navend xwe disperse destp\u00ea\u015fxer\u00eey\u00ean takekes\u00ee \u00fb gir\u00fbp\u00ee y\u00ean ku bi [&hellip;]<\/p>\n","protected":false},"author":24,"featured_media":0,"parent":0,"menu_order":0,"comment_status":"closed","ping_status":"closed","template":"","meta":{"_acf_changed":false,"footnotes":""},"class_list":["post-180657","page","type-page","status-publish","hentry","post-wrapper"],"acf":[],"yoast_head":"<!-- This site is optimized with the Yoast SEO Premium plugin v20.6 (Yoast SEO v26.5) - https:\/\/yoast.com\/wordpress\/plugins\/seo\/ -->\n<title>Bi me re be\u015fdar be - \u0627\u0644\u0645\u0631\u0643\u0632 \u0627\u0644\u0633\u0648\u0631\u064a \u0644\u0644\u0625\u0639\u0644\u0627\u0645 \u0648\u062d\u0631\u064a\u0629 \u0627\u0644\u062a\u0639\u0628\u064a\u0631 Syrian Center for Media and Freedom of Expression<\/title>\n<meta name=\"robots\" content=\"index, follow, max-snippet:-1, max-image-preview:large, max-video-preview:-1\" \/>\n<link rel=\"canonical\" href=\"https:\/\/scm.bz\/\u0633\u0627\u0647\u0645-\u0645\u0639\u0646\u0627\/\" \/>\n<meta property=\"og:locale\" content=\"en_US\" \/>\n<meta property=\"og:type\" content=\"article\" \/>\n<meta property=\"og:title\" content=\"Bi me re be\u015fdar be\" \/>\n<meta property=\"og:description\" content=\"Navenda S\u00fbryey\u00ee ya Ragihandin\u00ea \u00fb Azad\u00eeya Derbir\u00een\u00ea dezgeheke s\u00eev\u00eelane, serbixwe \u00fb xwebex\u015f e li ser bingeha ku pabend\u00eeya bi kar\u00ea xwe bex\u015f ew e pabend\u00eeya her\u00ee payebilind ji ber ku xwe li ser xwesteka azad \u00fb bijareya xwey\u00ee ava dike. Navend xwe disperse destp\u00ea\u015fxer\u00eey\u00ean takekes\u00ee \u00fb gir\u00fbp\u00ee y\u00ean ku bi [&hellip;]\" \/>\n<meta property=\"og:url\" content=\"https:\/\/scm.bz\/\u0633\u0627\u0647\u0645-\u0645\u0639\u0646\u0627\/\" \/>\n<meta property=\"og:site_name\" content=\"\u0627\u0644\u0645\u0631\u0643\u0632 \u0627\u0644\u0633\u0648\u0631\u064a \u0644\u0644\u0625\u0639\u0644\u0627\u0645 \u0648\u062d\u0631\u064a\u0629 \u0627\u0644\u062a\u0639\u0628\u064a\u0631 Syrian Center for Media and Freedom of Expression\" \/>\n<meta property=\"article:publisher\" content=\"https:\/\/www.facebook.com\/scm.center\" \/>\n<meta property=\"article:modified_time\" content=\"2018-05-28T14:48:39+00:00\" \/>\n<meta property=\"og:image\" content=\"https:\/\/scm.bz\/wp-content\/uploads\/2021\/01\/SCM-logo-1-with-Clear-Space-1-2.png\" \/>\n\t<meta property=\"og:image:width\" content=\"1450\" \/>\n\t<meta property=\"og:image:height\" content=\"1450\" \/>\n\t<meta property=\"og:image:type\" content=\"image\/png\" \/>\n<meta name=\"twitter:card\" content=\"summary_large_image\" \/>\n<meta name=\"twitter:site\" content=\"@SyrianCenter\" \/>\n<meta name=\"twitter:label1\" content=\"Est. reading time\" \/>\n\t<meta name=\"twitter:data1\" content=\"9 minutes\" \/>\n<script type=\"application\/ld+json\" class=\"yoast-schema-graph\">{\"@context\":\"https:\/\/schema.org\",\"@graph\":[{\"@type\":\"WebPage\",\"@id\":\"https:\/\/scm.bz\/%d8%b3%d8%a7%d9%87%d9%85-%d9%85%d8%b9%d9%86%d8%a7\/\",\"url\":\"https:\/\/scm.bz\/%d8%b3%d8%a7%d9%87%d9%85-%d9%85%d8%b9%d9%86%d8%a7\/\",\"name\":\"Bi me re be\u015fdar be - \u0627\u0644\u0645\u0631\u0643\u0632 \u0627\u0644\u0633\u0648\u0631\u064a \u0644\u0644\u0625\u0639\u0644\u0627\u0645 \u0648\u062d\u0631\u064a\u0629 \u0627\u0644\u062a\u0639\u0628\u064a\u0631 Syrian Center for Media and Freedom of Expression\",\"isPartOf\":{\"@id\":\"https:\/\/scm.bz\/#website\"},\"datePublished\":\"2017-04-25T14:01:09+00:00\",\"dateModified\":\"2018-05-28T14:48:39+00:00\",\"breadcrumb\":{\"@id\":\"https:\/\/scm.bz\/%d8%b3%d8%a7%d9%87%d9%85-%d9%85%d8%b9%d9%86%d8%a7\/#breadcrumb\"},\"inLanguage\":\"kmr\",\"potentialAction\":[{\"@type\":\"ReadAction\",\"target\":[\"https:\/\/scm.bz\/%d8%b3%d8%a7%d9%87%d9%85-%d9%85%d8%b9%d9%86%d8%a7\/\"]}]},{\"@type\":\"BreadcrumbList\",\"@id\":\"https:\/\/scm.bz\/%d8%b3%d8%a7%d9%87%d9%85-%d9%85%d8%b9%d9%86%d8%a7\/#breadcrumb\",\"itemListElement\":[{\"@type\":\"ListItem\",\"position\":1,\"name\":\"Home\",\"item\":\"https:\/\/scm.bz\/kmr\/\"},{\"@type\":\"ListItem\",\"position\":2,\"name\":\"Bi me re be\u015fdar be\"}]},{\"@type\":\"WebSite\",\"@id\":\"https:\/\/scm.bz\/#website\",\"url\":\"https:\/\/scm.bz\/\",\"name\":\"\u0627\u0644\u0645\u0631\u0643\u0632 \u0627\u0644\u0633\u0648\u0631\u064a \u0644\u0644\u0625\u0639\u0644\u0627\u0645 \u0648\u062d\u0631\u064a\u0629 \u0627\u0644\u062a\u0639\u0628\u064a\u0631 Syrian Center for Media and Freedom of Expression\",\"description\":\"\",\"publisher\":{\"@id\":\"https:\/\/scm.bz\/#organization\"},\"potentialAction\":[{\"@type\":\"SearchAction\",\"target\":{\"@type\":\"EntryPoint\",\"urlTemplate\":\"https:\/\/scm.bz\/?s={search_term_string}\"},\"query-input\":{\"@type\":\"PropertyValueSpecification\",\"valueRequired\":true,\"valueName\":\"search_term_string\"}}],\"inLanguage\":\"kmr\"},{\"@type\":\"Organization\",\"@id\":\"https:\/\/scm.bz\/#organization\",\"name\":\"\u0627\u0644\u0645\u0631\u0643\u0632 \u0627\u0644\u0633\u0648\u0631\u064a \u0644\u0644\u0625\u0639\u0644\u0627\u0645 \u0648\u062d\u0631\u064a\u0629 \u0627\u0644\u062a\u0639\u0628\u064a\u0631 Syrian Center for Media and Freedom of Expression\",\"url\":\"https:\/\/scm.bz\/\",\"logo\":{\"@type\":\"ImageObject\",\"inLanguage\":\"kmr\",\"@id\":\"https:\/\/scm.bz\/#\/schema\/logo\/image\/\",\"url\":\"http:\/\/scm.bz\/wp-content\/uploads\/2021\/01\/SCM-logo-1-with-Clear-Space-1-2.png\",\"contentUrl\":\"http:\/\/scm.bz\/wp-content\/uploads\/2021\/01\/SCM-logo-1-with-Clear-Space-1-2.png\",\"width\":1450,\"height\":1450,\"caption\":\"\u0627\u0644\u0645\u0631\u0643\u0632 \u0627\u0644\u0633\u0648\u0631\u064a \u0644\u0644\u0625\u0639\u0644\u0627\u0645 \u0648\u062d\u0631\u064a\u0629 \u0627\u0644\u062a\u0639\u0628\u064a\u0631 Syrian Center for Media and Freedom of Expression\"},\"image\":{\"@id\":\"https:\/\/scm.bz\/#\/schema\/logo\/image\/\"},\"sameAs\":[\"https:\/\/www.facebook.com\/scm.center\",\"https:\/\/x.com\/SyrianCenter\"]}]}<\/script>\n<!-- \/ Yoast SEO Premium plugin. -->","yoast_head_json":{"title":"Bi me re be\u015fdar be - \u0627\u0644\u0645\u0631\u0643\u0632 \u0627\u0644\u0633\u0648\u0631\u064a \u0644\u0644\u0625\u0639\u0644\u0627\u0645 \u0648\u062d\u0631\u064a\u0629 \u0627\u0644\u062a\u0639\u0628\u064a\u0631 Syrian Center for Media and Freedom of Expression","robots":{"index":"index","follow":"follow","max-snippet":"max-snippet:-1","max-image-preview":"max-image-preview:large","max-video-preview":"max-video-preview:-1"},"canonical":"https:\/\/scm.bz\/\u0633\u0627\u0647\u0645-\u0645\u0639\u0646\u0627\/","og_locale":"en_US","og_type":"article","og_title":"Bi me re be\u015fdar be","og_description":"Navenda S\u00fbryey\u00ee ya Ragihandin\u00ea \u00fb Azad\u00eeya Derbir\u00een\u00ea dezgeheke s\u00eev\u00eelane, serbixwe \u00fb xwebex\u015f e li ser bingeha ku pabend\u00eeya bi kar\u00ea xwe bex\u015f ew e pabend\u00eeya her\u00ee payebilind ji ber ku xwe li ser xwesteka azad \u00fb bijareya xwey\u00ee ava dike. Navend xwe disperse destp\u00ea\u015fxer\u00eey\u00ean takekes\u00ee \u00fb gir\u00fbp\u00ee y\u00ean ku bi [&hellip;]","og_url":"https:\/\/scm.bz\/\u0633\u0627\u0647\u0645-\u0645\u0639\u0646\u0627\/","og_site_name":"\u0627\u0644\u0645\u0631\u0643\u0632 \u0627\u0644\u0633\u0648\u0631\u064a \u0644\u0644\u0625\u0639\u0644\u0627\u0645 \u0648\u062d\u0631\u064a\u0629 \u0627\u0644\u062a\u0639\u0628\u064a\u0631 Syrian Center for Media and Freedom of Expression","article_publisher":"https:\/\/www.facebook.com\/scm.center","article_modified_time":"2018-05-28T14:48:39+00:00","og_image":[{"width":1450,"height":1450,"url":"https:\/\/scm.bz\/wp-content\/uploads\/2021\/01\/SCM-logo-1-with-Clear-Space-1-2.png","type":"image\/png"}],"twitter_card":"summary_large_image","twitter_site":"@SyrianCenter","twitter_misc":{"Est. reading time":"9 minutes"},"schema":{"@context":"https:\/\/schema.org","@graph":[{"@type":"WebPage","@id":"https:\/\/scm.bz\/%d8%b3%d8%a7%d9%87%d9%85-%d9%85%d8%b9%d9%86%d8%a7\/","url":"https:\/\/scm.bz\/%d8%b3%d8%a7%d9%87%d9%85-%d9%85%d8%b9%d9%86%d8%a7\/","name":"Bi me re be\u015fdar be - \u0627\u0644\u0645\u0631\u0643\u0632 \u0627\u0644\u0633\u0648\u0631\u064a \u0644\u0644\u0625\u0639\u0644\u0627\u0645 \u0648\u062d\u0631\u064a\u0629 \u0627\u0644\u062a\u0639\u0628\u064a\u0631 Syrian Center for Media and Freedom of Expression","isPartOf":{"@id":"https:\/\/scm.bz\/#website"},"datePublished":"2017-04-25T14:01:09+00:00","dateModified":"2018-05-28T14:48:39+00:00","breadcrumb":{"@id":"https:\/\/scm.bz\/%d8%b3%d8%a7%d9%87%d9%85-%d9%85%d8%b9%d9%86%d8%a7\/#breadcrumb"},"inLanguage":"kmr","potentialAction":[{"@type":"ReadAction","target":["https:\/\/scm.bz\/%d8%b3%d8%a7%d9%87%d9%85-%d9%85%d8%b9%d9%86%d8%a7\/"]}]},{"@type":"BreadcrumbList","@id":"https:\/\/scm.bz\/%d8%b3%d8%a7%d9%87%d9%85-%d9%85%d8%b9%d9%86%d8%a7\/#breadcrumb","itemListElement":[{"@type":"ListItem","position":1,"name":"Home","item":"https:\/\/scm.bz\/kmr\/"},{"@type":"ListItem","position":2,"name":"Bi me re be\u015fdar be"}]},{"@type":"WebSite","@id":"https:\/\/scm.bz\/#website","url":"https:\/\/scm.bz\/","name":"\u0627\u0644\u0645\u0631\u0643\u0632 \u0627\u0644\u0633\u0648\u0631\u064a \u0644\u0644\u0625\u0639\u0644\u0627\u0645 \u0648\u062d\u0631\u064a\u0629 \u0627\u0644\u062a\u0639\u0628\u064a\u0631 Syrian Center for Media and Freedom of Expression","description":"","publisher":{"@id":"https:\/\/scm.bz\/#organization"},"potentialAction":[{"@type":"SearchAction","target":{"@type":"EntryPoint","urlTemplate":"https:\/\/scm.bz\/?s={search_term_string}"},"query-input":{"@type":"PropertyValueSpecification","valueRequired":true,"valueName":"search_term_string"}}],"inLanguage":"kmr"},{"@type":"Organization","@id":"https:\/\/scm.bz\/#organization","name":"\u0627\u0644\u0645\u0631\u0643\u0632 \u0627\u0644\u0633\u0648\u0631\u064a \u0644\u0644\u0625\u0639\u0644\u0627\u0645 \u0648\u062d\u0631\u064a\u0629 \u0627\u0644\u062a\u0639\u0628\u064a\u0631 Syrian Center for Media and Freedom of Expression","url":"https:\/\/scm.bz\/","logo":{"@type":"ImageObject","inLanguage":"kmr","@id":"https:\/\/scm.bz\/#\/schema\/logo\/image\/","url":"http:\/\/scm.bz\/wp-content\/uploads\/2021\/01\/SCM-logo-1-with-Clear-Space-1-2.png","contentUrl":"http:\/\/scm.bz\/wp-content\/uploads\/2021\/01\/SCM-logo-1-with-Clear-Space-1-2.png","width":1450,"height":1450,"caption":"\u0627\u0644\u0645\u0631\u0643\u0632 \u0627\u0644\u0633\u0648\u0631\u064a \u0644\u0644\u0625\u0639\u0644\u0627\u0645 \u0648\u062d\u0631\u064a\u0629 \u0627\u0644\u062a\u0639\u0628\u064a\u0631 Syrian Center for Media and Freedom of Expression"},"image":{"@id":"https:\/\/scm.bz\/#\/schema\/logo\/image\/"},"sameAs":["https:\/\/www.facebook.com\/scm.center","https:\/\/x.com\/SyrianCenter"]}]}},"_links":{"self":[{"href":"https:\/\/scm.bz\/kmr\/wp-json\/wp\/v2\/pages\/180657","targetHints":{"allow":["GET"]}}],"collection":[{"href":"https:\/\/scm.bz\/kmr\/wp-json\/wp\/v2\/pages"}],"about":[{"href":"https:\/\/scm.bz\/kmr\/wp-json\/wp\/v2\/types\/page"}],"author":[{"embeddable":true,"href":"https:\/\/scm.bz\/kmr\/wp-json\/wp\/v2\/users\/24"}],"replies":[{"embeddable":true,"href":"https:\/\/scm.bz\/kmr\/wp-json\/wp\/v2\/comments?post=180657"}],"version-history":[{"count":0,"href":"https:\/\/scm.bz\/kmr\/wp-json\/wp\/v2\/pages\/180657\/revisions"}],"wp:attachment":[{"href":"https:\/\/scm.bz\/kmr\/wp-json\/wp\/v2\/media?parent=180657"}],"curies":[{"name":"wp","href":"https:\/\/api.w.org\/{rel}","templated":true}]}}